{"id":315409,"date":"2023-01-02T11:45:12","date_gmt":"2023-01-02T10:45:12","guid":{"rendered":"https:\/\/www.claret.cat\/llibre\/el-monje-que-vendio-su-ferrari-9788499087122\/"},"modified":"2025-04-23T20:45:27","modified_gmt":"2025-04-23T18:45:27","slug":"el-monje-que-vendio-su-ferrari-9788499087122","status":"publish","type":"product","link":"https:\/\/www.claret.cat\/es\/libro\/el-monje-que-vendio-su-ferrari-9788499087122\/","title":{"rendered":"EL MONJE QUE VENDI\u00d3 SU FERRARI"},"content":{"rendered":"<p>El monje que vendi\u00f3 su Ferrari es la sugerente y emotiva historia de Julian Mantle, un super abogado cuya vida estresante, desequilibrada y obsesionada con el dinero acaba provoc\u00e1ndole un infarto. Ese desastre provoca en Julian una crisis espiritual que le lleva a enfrentarse a las grandes cuestiones de la vida. Esperando descubrir los secretos de la felicidad y el esclarecimiento, emprende un extraordinario viaje por el Himalaya para conocer una antiqu\u00edsima cultura de hombres sabios. Y all\u00ed descubre un modo de vida m\u00e1s gozoso, as\u00ed como un m\u00e9todo que le permite liberar todo su potencial y vivir con pasi\u00f3n, determinaci\u00f3n y paz. Escrito a modo de f\u00e1bula, este libro contiene una serie de sencillas y eficaces lecciones para mejorar nuestra manera de vivir. Vigorosa fusi\u00f3n de la sabidur\u00eda espiritual de Oriente con los principios del \u00e9xito occidentales, muestra paso a paso c\u00f3mo vivir con m\u00e1s coraje, alegr\u00eda, equilibrio y satisfacci\u00f3n. \u00abUna cautivadora historia que ense\u00f1a y deleita al mismo tiempo.\u00bb Paolo Coelho<\/p>\n","protected":false},"excerpt":{"rendered":"<p>SHARMA,ROBIN<\/p>\n","protected":false},"featured_media":376075,"template":"","meta":{"_acf_changed":false,"om_disable_all_campaigns":false,"rs_blank_template":"","rs_page_bg_color":"","slide_template_v7":"","inline_featured_image":false,"_monsterinsights_skip_tracking":false,"_monsterinsights_sitenote_active":false,"_monsterinsights_sitenote_note":"","_monsterinsights_sitenote_category":0},"product_brand":[],"product_cat":[81,347],"product_tag":[],"class_list":{"0":"post-315409","1":"product","2":"type-product","3":"status-publish","4":"has-post-thumbnail","6":"product_cat-psicologia","7":"product_cat-psicologia-2_humanidades","9":"first","10":"instock","11":"taxable","12":"shipping-taxable","13":"purchasable","14":"product-type-simple"},"acf":{"editorial":[{"ID":6178,"post_author":"3","post_date":"2022-07-28 17:46:34","post_date_gmt":"2022-07-28 15:46:34","post_content":"","post_title":"DEBOLSILLO","post_excerpt":"","post_status":"publish","comment_status":"closed","ping_status":"closed","post_password":"","post_name":"debolsillo","to_ping":"","pinged":"","post_modified":"2022-07-28 17:46:34","post_modified_gmt":"2022-07-28 15:46:34","post_content_filtered":"","post_parent":0,"guid":"http:\/\/dev.claret.cat\/editorial\/debolsillo\/","menu_order":0,"post_type":"editorial","post_mime_type":"","comment_count":"0","filter":"raw"}],"autores-libros":[{"ID":168299,"post_author":"3","post_date":"2022-10-14 18:18:07","post_date_gmt":"2022-10-14 16:18:07","post_content":"","post_title":"ROBIN SHARMA","post_excerpt":"","post_status":"publish","comment_status":"closed","ping_status":"closed","post_password":"","post_name":"robin-sharma","to_ping":"","pinged":"","post_modified":"2022-10-14 18:18:07","post_modified_gmt":"2022-10-14 16:18:07","post_content_filtered":"","post_parent":0,"guid":"http:\/\/dev.claret.cat\/autor\/robin-sharma\/","menu_order":0,"post_type":"autor","post_mime_type":"","comment_count":"0","filter":"raw"}],"autor":"SHARMA,ROBIN","codart":"849908712","libros-coleccion":"","ediciones":"1","encuadernacion":"R\u00fastica","fecha_de_publicacion":"01\/10\/2010","novedad":"0","paginas":"224","subtitulo":"UNA FABULA ESPIRITUAL","orden":"999","portada":"0","idioma":"spa","booktrailer":"","resenas":""},"aioseo_notices":[],"_links":{"self":[{"href":"https:\/\/www.claret.cat\/es\/wp-json\/wp\/v2\/product\/315409","targetHints":{"allow":["GET"]}}],"collection":[{"href":"https:\/\/www.claret.cat\/es\/wp-json\/wp\/v2\/product"}],"about":[{"href":"https:\/\/www.claret.cat\/es\/wp-json\/wp\/v2\/types\/product"}],"wp:featuredmedia":[{"embeddable":true,"href":"https:\/\/www.claret.cat\/es\/wp-json\/wp\/v2\/media\/376075"}],"wp:attachment":[{"href":"https:\/\/www.claret.cat\/es\/wp-json\/wp\/v2\/media?parent=315409"}],"wp:term":[{"taxonomy":"product_brand","embeddable":true,"href":"https:\/\/www.claret.cat\/es\/wp-json\/wp\/v2\/product_brand?post=315409"},{"taxonomy":"product_cat","embeddable":true,"href":"https:\/\/www.claret.cat\/es\/wp-json\/wp\/v2\/product_cat?post=315409"},{"taxonomy":"product_tag","embeddable":true,"href":"https:\/\/www.claret.cat\/es\/wp-json\/wp\/v2\/product_tag?post=315409"}],"curies":[{"name":"wp","href":"https:\/\/api.w.org\/{rel}","templated":true}]}}