{"id":315483,"date":"2023-01-02T12:50:25","date_gmt":"2023-01-02T11:50:25","guid":{"rendered":"https:\/\/www.claret.cat\/llibre\/regla-de-sant-benet-9788472024427\/"},"modified":"2026-04-14T19:20:24","modified_gmt":"2026-04-14T17:20:24","slug":"regla-de-sant-benet-9788472024427","status":"publish","type":"product","link":"https:\/\/www.claret.cat\/es\/libro\/regla-de-sant-benet-9788472024427\/","title":{"rendered":"REGLA DE SANT BENET"},"content":{"rendered":"<p>La Regla de Sant Benet, escrita al segle VIa It\u00e0lia, resumeix la saviesa de la vida mon\u00e0stica i \u00e9s, en definitiva, una iniciac\u00f3 a la vida cristiana, al seguiment sense condicions de Jesucrist sota el guiatge de l&#8217;Evangeli.<br \/>Aquesta edici\u00f3 del text catal\u00e0 de la regla duu un extens comentari, en forma de suggestives glosses als diferents cap\u00edtols, redactat per l&#8217;abat de Montserrat, Cassi\u00e0 M. Just (1926-2008)<\/p>\n","protected":false},"excerpt":{"rendered":"<p>JUST, CASSIA MARIA<\/p>\n","protected":false},"featured_media":350617,"template":"","meta":{"_acf_changed":false,"om_disable_all_campaigns":false,"rs_blank_template":"","rs_page_bg_color":"","slide_template_v7":"","inline_featured_image":false,"_monsterinsights_skip_tracking":false,"_monsterinsights_sitenote_active":false,"_monsterinsights_sitenote_note":"","_monsterinsights_sitenote_category":0},"product_brand":[],"product_cat":[345,79],"product_tag":[],"class_list":{"0":"post-315483","1":"product","2":"type-product","3":"status-publish","4":"has-post-thumbnail","6":"product_cat-espiritualidad","7":"product_cat-espiritualitat","9":"first","10":"instock","11":"taxable","12":"shipping-taxable","13":"purchasable","14":"product-type-simple"},"acf":{"editorial":[{"ID":8266,"post_author":"3","post_date":"2022-09-30 09:21:36","post_date_gmt":"2022-09-30 07:21:36","post_content":"","post_title":"PUBLICACIONS DE L'ABADIA DE MONTSERRAT","post_excerpt":"","post_status":"publish","comment_status":"closed","ping_status":"closed","post_password":"","post_name":"publicacions-de-labadia-de-montserrat-5","to_ping":"","pinged":"","post_modified":"2022-09-30 09:21:36","post_modified_gmt":"2022-09-30 07:21:36","post_content_filtered":"","post_parent":0,"guid":"http:\/\/dev.claret.cat\/editorial\/publicacions-de-labadia-de-montserrat-5\/","menu_order":0,"post_type":"editorial","post_mime_type":"","comment_count":"0","filter":"raw"}],"autores-libros":[{"ID":315482,"post_author":"3","post_date":"2023-01-02 12:50:22","post_date_gmt":"2023-01-02 11:50:22","post_content":"","post_title":"CASSIA MARIA JUST","post_excerpt":"","post_status":"publish","comment_status":"closed","ping_status":"closed","post_password":"","post_name":"cassia-maria-just","to_ping":"","pinged":"","post_modified":"2023-01-02 12:50:22","post_modified_gmt":"2023-01-02 11:50:22","post_content_filtered":"","post_parent":0,"guid":"https:\/\/www.claret.cat\/autor\/cassia-maria-just\/","menu_order":0,"post_type":"autor","post_mime_type":"","comment_count":"0","filter":"raw"}],"autor":"JUST, CASSIA MARIA","codart":"847202442","libros-coleccion":"GRA DE BLAT","ediciones":"1","encuadernacion":"[Vac\u00edo]","fecha_de_publicacion":"01\/12\/1981","novedad":"0","paginas":"340","subtitulo":"AMB PR\u00d2LEG I GLOSSES PER A UNA RELECTURA DE L'ABAT CASSI\u00c0 M. JUST","orden":"999","portada":"0","idioma":"cat","booktrailer":"","resenas":""},"aioseo_notices":[],"_links":{"self":[{"href":"https:\/\/www.claret.cat\/es\/wp-json\/wp\/v2\/product\/315483","targetHints":{"allow":["GET"]}}],"collection":[{"href":"https:\/\/www.claret.cat\/es\/wp-json\/wp\/v2\/product"}],"about":[{"href":"https:\/\/www.claret.cat\/es\/wp-json\/wp\/v2\/types\/product"}],"wp:featuredmedia":[{"embeddable":true,"href":"https:\/\/www.claret.cat\/es\/wp-json\/wp\/v2\/media\/350617"}],"wp:attachment":[{"href":"https:\/\/www.claret.cat\/es\/wp-json\/wp\/v2\/media?parent=315483"}],"wp:term":[{"taxonomy":"product_brand","embeddable":true,"href":"https:\/\/www.claret.cat\/es\/wp-json\/wp\/v2\/product_brand?post=315483"},{"taxonomy":"product_cat","embeddable":true,"href":"https:\/\/www.claret.cat\/es\/wp-json\/wp\/v2\/product_cat?post=315483"},{"taxonomy":"product_tag","embeddable":true,"href":"https:\/\/www.claret.cat\/es\/wp-json\/wp\/v2\/product_tag?post=315483"}],"curies":[{"name":"wp","href":"https:\/\/api.w.org\/{rel}","templated":true}]}}