{"id":31593,"date":"2022-10-02T11:55:13","date_gmt":"2022-10-02T09:55:13","guid":{"rendered":"http:\/\/dev.claret.cat\/producte\/via-crucis-de-la-misericordia\/"},"modified":"2024-05-02T09:54:01","modified_gmt":"2024-05-02T07:54:01","slug":"via-crucis-de-la-misericordia-9788428544894","status":"publish","type":"product","link":"https:\/\/www.claret.cat\/es\/libro\/via-crucis-de-la-misericordia-9788428544894\/","title":{"rendered":"V\u00cdA CRUCIS DE LA MISERICORDIA"},"content":{"rendered":"<p>Para conmemorar la canonizaci\u00f3n del Papa Juan Pablo II en la fiesta de la Divina Misericordia, que \u00e9l mismo instituy\u00f3 en el segundo domingo de Pascua, se publica ahora uno de sus escritos, que re\u00fane en un solo texto dos de las devociones m\u00e1s queridas para \u00e9l: el V\u00eda Crucis y la Divina Misericordia. Desde el comienzo de su pontificado -16 de octubre de 1978- hasta que su enfermedad se lo impidi\u00f3 en el 2005, Juan Pablo II presidi\u00f3 todos los a\u00f1os el rezo del V\u00eda Crucis en el Coliseo romano en la tarde del Viernes Santo. Las meditaciones de este V\u00eda Crucis de la Misericordia fueron redactadas por el Pont\u00edfice para el Viernes Santo del Gran Jubileo.<\/p>\n","protected":false},"excerpt":{"rendered":"<p>JUAN PABLO II<\/p>\n","protected":false},"featured_media":334772,"template":"","meta":{"_acf_changed":false,"om_disable_all_campaigns":false,"rs_blank_template":"","rs_page_bg_color":"","slide_template_v7":"","inline_featured_image":false,"_monsterinsights_skip_tracking":false,"_monsterinsights_sitenote_active":false,"_monsterinsights_sitenote_note":"","_monsterinsights_sitenote_category":0},"product_brand":[],"product_cat":[90,540],"product_tag":[],"class_list":{"0":"post-31593","1":"product","2":"type-product","3":"status-publish","4":"has-post-thumbnail","6":"product_cat-altres","7":"product_cat-otros","9":"first","10":"outofstock","11":"taxable","12":"shipping-taxable","13":"purchasable","14":"product-type-simple"},"acf":{"autor":"JUAN PABLO II","codart":"842854489","libros-coleccion":"","ediciones":"1","encuadernacion":"R\u00fastica","fecha_de_publicacion":"13\/03\/2014","novedad":"0","paginas":"48","subtitulo":"","orden":"999","portada":"0","idioma":"spa","editorial":[{"ID":6356,"post_author":"3","post_date":"2022-07-28 17:50:26","post_date_gmt":"2022-07-28 15:50:26","post_content":"","post_title":"SAN PABLO COMUNICACI\u00d3N","post_excerpt":"","post_status":"publish","comment_status":"closed","ping_status":"closed","post_password":"","post_name":"san-pablo-comunicacion","to_ping":"","pinged":"","post_modified":"2022-07-28 17:50:26","post_modified_gmt":"2022-07-28 15:50:26","post_content_filtered":"","post_parent":0,"guid":"http:\/\/dev.claret.cat\/editorial\/san-pablo-comunicacion\/","menu_order":0,"post_type":"editorial","post_mime_type":"","comment_count":"0","filter":"raw"}],"autores-libros":[{"ID":161142,"post_author":"3","post_date":"2022-10-14 17:15:50","post_date_gmt":"2022-10-14 15:15:50","post_content":"","post_title":"JUAN PABLO II","post_excerpt":"","post_status":"publish","comment_status":"closed","ping_status":"closed","post_password":"","post_name":"juan-pablo-ii","to_ping":"","pinged":"","post_modified":"2022-10-14 17:15:50","post_modified_gmt":"2022-10-14 15:15:50","post_content_filtered":"","post_parent":0,"guid":"http:\/\/dev.claret.cat\/autor\/juan-pablo-ii\/","menu_order":0,"post_type":"autor","post_mime_type":"","comment_count":"0","filter":"raw"}]},"aioseo_notices":[],"_links":{"self":[{"href":"https:\/\/www.claret.cat\/es\/wp-json\/wp\/v2\/product\/31593","targetHints":{"allow":["GET"]}}],"collection":[{"href":"https:\/\/www.claret.cat\/es\/wp-json\/wp\/v2\/product"}],"about":[{"href":"https:\/\/www.claret.cat\/es\/wp-json\/wp\/v2\/types\/product"}],"wp:featuredmedia":[{"embeddable":true,"href":"https:\/\/www.claret.cat\/es\/wp-json\/wp\/v2\/media\/334772"}],"wp:attachment":[{"href":"https:\/\/www.claret.cat\/es\/wp-json\/wp\/v2\/media?parent=31593"}],"wp:term":[{"taxonomy":"product_brand","embeddable":true,"href":"https:\/\/www.claret.cat\/es\/wp-json\/wp\/v2\/product_brand?post=31593"},{"taxonomy":"product_cat","embeddable":true,"href":"https:\/\/www.claret.cat\/es\/wp-json\/wp\/v2\/product_cat?post=31593"},{"taxonomy":"product_tag","embeddable":true,"href":"https:\/\/www.claret.cat\/es\/wp-json\/wp\/v2\/product_tag?post=31593"}],"curies":[{"name":"wp","href":"https:\/\/api.w.org\/{rel}","templated":true}]}}