{"id":316105,"date":"2023-01-02T18:33:55","date_gmt":"2023-01-02T17:33:55","guid":{"rendered":"https:\/\/www.claret.cat\/llibre\/el-diable-es-catala-9788416139248\/"},"modified":"2023-01-28T01:22:01","modified_gmt":"2023-01-28T00:22:01","slug":"el-diable-es-catala-9788416139248","status":"publish","type":"product","link":"https:\/\/www.claret.cat\/es\/libro\/el-diable-es-catala-9788416139248\/","title":{"rendered":"EL DIABLE \u00c9S CATAL\u00c0"},"content":{"rendered":"<p>La geografia catalana del costat foc.  <br \/> La vinculaci\u00f3 de les llegendes, tradicions i hist\u00f2ries sobre el diable amb Catalunya ens fa pensar que lluny de culpar els nostres enemics de portar-nos el mal, els catalans tenim ben assumit que el diable ha nascut, crescut i viscut entre tots nosaltres. L&#8221;autora ha indagat en una ingent documentaci\u00f3 per extreue&#8221;n les llegendes, tradicions i tamb\u00e9 algunes realitats menys conegudes i m\u00e9s curioses a casa nostra. Personatges (Homes-llop, dips, bruixes, dracs), indrets (Tivissa, Prades, Lloret Salvatge, Arb\u00facies), les festes majors, juntament amb la la topon\u00edmia i les representacions art\u00edstiques del diable ens donen una geografia de Catalunya vinculada a l&#8221;\u00e0ngel rebel. Algunes de les hist\u00f2ries que apareixen: <br \/> &#8211; Segons l&#8221;escriptor Joan Oliver el Diable parla en lleidat\u00e0. <br \/> &#8211; En catal\u00e0 tenim m\u00e9s de 70 mots populars per parlar del Diable. <br \/> &#8211; Juan de Amarg\u00f3s va pintar un gravat el 1719 on un extravagant dimoni amb cames escamoses, llarga cua i pits femenins portava barretina! Al poble de Martinet de la Cerdanya tamb\u00e9 estan conven\u00e7uts de que en porta. <br \/> &#8211; Les lib\u00e8l\u00b7lules s\u00f3n conegudes tamb\u00e9 com a Cavallets del Diable o Espiadimonis perque van ajudar al Diable quan va voler derruir la muntanya de Montju\u00efc de Barcelona. <br \/> &#8211; Si poses l&#8221;orella a la font d&#8221;on sorgeixen les aig\u00fces del riu Garona al Pla de Beret, a Vaqu\u00e8ira, sentir\u00e0s la remor de les veus de l&#8221;Avern. <br \/> &#8211; A La divina com\u00e8dia de Dante trobem al Purgatori tres comtes catalans: Pere el Gran, Carles I de Proven\u00e7a i Alfons II El Franc. <br \/> &#8211; El Cavall Bernat de Montserrat \u00e9s d&#8221;origen diab\u00f2lic. <br \/> &#8211; El manual per fer exocirmes m\u00e9s utilitzat a l&#8221;Edat mitjana es va editar a Barcelona.<\/p>\n","protected":false},"excerpt":{"rendered":"<p>LAGARDA-MATA, SYLVIA<\/p>\n","protected":false},"featured_media":0,"template":"","meta":{"_acf_changed":false,"om_disable_all_campaigns":false,"rs_blank_template":"","rs_page_bg_color":"","slide_template_v7":"","inline_featured_image":false,"_monsterinsights_skip_tracking":false,"_monsterinsights_sitenote_active":false,"_monsterinsights_sitenote_note":"","_monsterinsights_sitenote_category":0},"product_brand":[],"product_cat":[90,540],"product_tag":[],"class_list":{"0":"post-316105","1":"product","2":"type-product","3":"status-publish","5":"product_cat-altres","6":"product_cat-otros","8":"first","9":"instock","10":"taxable","11":"shipping-taxable","12":"purchasable","13":"product-type-simple"},"acf":{"editorial":[{"ID":6122,"post_author":"3","post_date":"2022-07-28 17:45:22","post_date_gmt":"2022-07-28 15:45:22","post_content":"","post_title":"ANGLE EDITORIAL","post_excerpt":"","post_status":"publish","comment_status":"closed","ping_status":"closed","post_password":"","post_name":"angle-editorial","to_ping":"","pinged":"","post_modified":"2022-07-28 17:45:22","post_modified_gmt":"2022-07-28 15:45:22","post_content_filtered":"","post_parent":0,"guid":"http:\/\/dev.claret.cat\/editorial\/angle-editorial\/","menu_order":0,"post_type":"editorial","post_mime_type":"","comment_count":"0","filter":"raw"}],"autores-libros":[{"ID":170061,"post_author":"3","post_date":"2022-10-14 22:32:14","post_date_gmt":"2022-10-14 20:32:14","post_content":"","post_title":"SYLVIA LAGARDA-MATA","post_excerpt":"","post_status":"publish","comment_status":"closed","ping_status":"closed","post_password":"","post_name":"sylvia-lagarda-mata-2","to_ping":"","pinged":"","post_modified":"2022-10-14 22:32:14","post_modified_gmt":"2022-10-14 20:32:14","post_content_filtered":"","post_parent":0,"guid":"http:\/\/dev.claret.cat\/autor\/sylvia-lagarda-mata-2\/","menu_order":0,"post_type":"autor","post_mime_type":"","comment_count":"0","filter":"raw"}],"autor":"LAGARDA-MATA, SYLVIA","codart":"841613924","libros-coleccion":"","ediciones":"1","encuadernacion":"R\u00fastica","fecha_de_publicacion":"01\/11\/2014","novedad":"0","paginas":"416","subtitulo":"","orden":"999","portada":"0","idioma":"cat"},"aioseo_notices":[],"_links":{"self":[{"href":"https:\/\/www.claret.cat\/es\/wp-json\/wp\/v2\/product\/316105","targetHints":{"allow":["GET"]}}],"collection":[{"href":"https:\/\/www.claret.cat\/es\/wp-json\/wp\/v2\/product"}],"about":[{"href":"https:\/\/www.claret.cat\/es\/wp-json\/wp\/v2\/types\/product"}],"wp:attachment":[{"href":"https:\/\/www.claret.cat\/es\/wp-json\/wp\/v2\/media?parent=316105"}],"wp:term":[{"taxonomy":"product_brand","embeddable":true,"href":"https:\/\/www.claret.cat\/es\/wp-json\/wp\/v2\/product_brand?post=316105"},{"taxonomy":"product_cat","embeddable":true,"href":"https:\/\/www.claret.cat\/es\/wp-json\/wp\/v2\/product_cat?post=316105"},{"taxonomy":"product_tag","embeddable":true,"href":"https:\/\/www.claret.cat\/es\/wp-json\/wp\/v2\/product_tag?post=316105"}],"curies":[{"name":"wp","href":"https:\/\/api.w.org\/{rel}","templated":true}]}}