{"id":31744,"date":"2022-10-02T11:57:00","date_gmt":"2022-10-02T09:57:00","guid":{"rendered":"http:\/\/dev.claret.cat\/producte\/quien-manda-en-la-iglesia\/"},"modified":"2024-05-02T06:26:45","modified_gmt":"2024-05-02T04:26:45","slug":"quien-manda-en-la-iglesia-9788428829274","status":"publish","type":"product","link":"https:\/\/www.claret.cat\/es\/libro\/quien-manda-en-la-iglesia-9788428829274\/","title":{"rendered":"\u00bfQUI\u00c9N MANDA EN LA IGLESIA?"},"content":{"rendered":"<p>Un vistazo sociol\u00f3gico a la Iglesia cat\u00f3lica la muestran como piramidal, con un papa de poderes pr\u00e1cticamente ilimitados, gerontocr\u00e1tica, masculina, clerical, europea, Iglesia de la que se dicen pertenecientes mil doscientos millones de personas, pero que es gobernada, en \u00faltima instancia, por unas pocas personas: el papa, los obispos en ejercicio y la burocracia de la Curia. Este libro, partiendo de esta realidad sociol\u00f3gica y analiz\u00e1ndola con las herramientas de las ciencias sociales, sugiere y propone, humilde pero firmemente, otro modelo de Iglesia para el siglo xxi: una Iglesia en red, al modo de un gigantesco archipi\u00e9lago que cubra la faz de la tierra, con diferentes nodos en diferentes partes del mundo, interrelacionados entre s\u00ed y todos ellos religados a un nodo central, que no centralizador, que, en la actualidad, est\u00e1 en el Vaticano. En el Vaticano (o en otras partes del planeta) se reunir\u00eda una representaci\u00f3n universal de obispos, sacerdotes, religiosas y religiosos, laicos de ambos sexos, miembros de la Curia, todos bajo la presidencia del papa, para debatir sobre la situaci\u00f3n de la Iglesia en el mundo y adoptar, si es el caso, las decisiones pertinentes.<\/p>\n","protected":false},"excerpt":{"rendered":"<p>ELZO, JAVIER<\/p>\n","protected":false},"featured_media":337479,"template":"","meta":{"_acf_changed":false,"om_disable_all_campaigns":false,"rs_blank_template":"","rs_page_bg_color":"","slide_template_v7":"","inline_featured_image":false,"_monsterinsights_skip_tracking":false,"_monsterinsights_sitenote_active":false,"_monsterinsights_sitenote_note":"","_monsterinsights_sitenote_category":0},"product_brand":[],"product_cat":[92,542],"product_tag":[],"class_list":{"0":"post-31744","1":"product","2":"type-product","3":"status-publish","4":"has-post-thumbnail","6":"product_cat-vida-religiosa","7":"product_cat-vida-religiosa-1_espiritualidad-spa","9":"first","10":"instock","11":"taxable","12":"shipping-taxable","13":"purchasable","14":"product-type-simple"},"acf":{"autor":"ELZO, JAVIER","codart":"842882927","libros-coleccion":"","ediciones":"1","encuadernacion":"R\u00fastica","fecha_de_publicacion":"03\/03\/2016","novedad":"0","paginas":"336","subtitulo":"NOTAS PARA UNA SOCIOLOG\u00cdA DEL PODER EN LA IGLESIA CAT\u00d3LICA SDEL SIGLO XXI","orden":"999","portada":"0","idioma":"spa","editorial":[{"ID":6335,"post_author":"3","post_date":"2022-07-28 17:49:59","post_date_gmt":"2022-07-28 15:49:59","post_content":"","post_title":"PPC altres","post_excerpt":"","post_status":"publish","comment_status":"closed","ping_status":"closed","post_password":"","post_name":"ppc-altres","to_ping":"","pinged":"","post_modified":"2022-07-28 17:49:59","post_modified_gmt":"2022-07-28 15:49:59","post_content_filtered":"","post_parent":0,"guid":"http:\/\/dev.claret.cat\/editorial\/ppc-altres\/","menu_order":0,"post_type":"editorial","post_mime_type":"","comment_count":"0","filter":"raw"}],"autores-libros":[{"ID":8349,"post_author":"3","post_date":"2022-09-30 09:47:54","post_date_gmt":"2022-09-30 07:47:54","post_content":"","post_title":"JAVIER ELZO","post_excerpt":"","post_status":"publish","comment_status":"closed","ping_status":"closed","post_password":"","post_name":"javier-elzo","to_ping":"","pinged":"","post_modified":"2022-09-30 09:47:54","post_modified_gmt":"2022-09-30 07:47:54","post_content_filtered":"","post_parent":0,"guid":"http:\/\/dev.claret.cat\/autor\/javier-elzo\/","menu_order":0,"post_type":"autor","post_mime_type":"","comment_count":"0","filter":"raw"}]},"aioseo_notices":[],"_links":{"self":[{"href":"https:\/\/www.claret.cat\/es\/wp-json\/wp\/v2\/product\/31744","targetHints":{"allow":["GET"]}}],"collection":[{"href":"https:\/\/www.claret.cat\/es\/wp-json\/wp\/v2\/product"}],"about":[{"href":"https:\/\/www.claret.cat\/es\/wp-json\/wp\/v2\/types\/product"}],"wp:featuredmedia":[{"embeddable":true,"href":"https:\/\/www.claret.cat\/es\/wp-json\/wp\/v2\/media\/337479"}],"wp:attachment":[{"href":"https:\/\/www.claret.cat\/es\/wp-json\/wp\/v2\/media?parent=31744"}],"wp:term":[{"taxonomy":"product_brand","embeddable":true,"href":"https:\/\/www.claret.cat\/es\/wp-json\/wp\/v2\/product_brand?post=31744"},{"taxonomy":"product_cat","embeddable":true,"href":"https:\/\/www.claret.cat\/es\/wp-json\/wp\/v2\/product_cat?post=31744"},{"taxonomy":"product_tag","embeddable":true,"href":"https:\/\/www.claret.cat\/es\/wp-json\/wp\/v2\/product_tag?post=31744"}],"curies":[{"name":"wp","href":"https:\/\/api.w.org\/{rel}","templated":true}]}}