{"id":31765,"date":"2022-10-02T11:57:16","date_gmt":"2022-10-02T09:57:16","guid":{"rendered":"http:\/\/dev.claret.cat\/producte\/el-viacrucis-de-gerardo-diego\/"},"modified":"2024-05-02T06:25:54","modified_gmt":"2024-05-02T04:25:54","slug":"el-viacrucis-de-gerardo-diego-9788428829434","status":"publish","type":"product","link":"https:\/\/www.claret.cat\/es\/libro\/el-viacrucis-de-gerardo-diego-9788428829434\/","title":{"rendered":"EL VIACRUCIS DE GERARDO DIEGO"},"content":{"rendered":"<p>Gerardo Diego (1896-1987), &#8216;cat\u00f3lico poeta&#8217;, es uno de los escritores contempor\u00e1neos m\u00e1s preocupados por los temas religiosos y, a la vez, uno de los m\u00e1s finos int\u00e9rpretes de la tem\u00e1tica religiosa. \u00c9l mismo dec\u00eda en 1986: &#8216;Si el poeta es cristiano, no puede dejar nunca de serlo y de demostrarlo&#8217;. Rescatamos aqu\u00ed el viacrucis que escribi\u00f3 en 1924 y que public\u00f3 en 1931. \u00c9l mismo coment\u00f3 que lo hab\u00eda preparado cuidadosamente procurando hallar el tono sencillo &#8216;entre popular y moderadamente culto&#8217; que diera forma a todo el poema. &#8216;Cada estaci\u00f3n consta de dos d\u00e9cimas: una evocando en s\u00edntesis r\u00edtmica la escena y su movimiento, y la segunda, con la confesi\u00f3n del orante que extrae del paso su lecci\u00f3n, provecho y ansia de gracia&#8217;.<\/p>\n","protected":false},"excerpt":{"rendered":"<p>OTERO, HERMINIO; CEREZO BARREDO, M.<\/p>\n","protected":false},"featured_media":337493,"template":"","meta":{"_acf_changed":false,"om_disable_all_campaigns":false,"rs_blank_template":"","rs_page_bg_color":"","slide_template_v7":"","inline_featured_image":false,"_monsterinsights_skip_tracking":false,"_monsterinsights_sitenote_active":false,"_monsterinsights_sitenote_note":"","_monsterinsights_sitenote_category":0},"product_brand":[],"product_cat":[345,79],"product_tag":[],"class_list":{"0":"post-31765","1":"product","2":"type-product","3":"status-publish","4":"has-post-thumbnail","6":"product_cat-espiritualidad","7":"product_cat-espiritualitat","9":"first","10":"instock","11":"taxable","12":"shipping-taxable","13":"purchasable","14":"product-type-simple"},"acf":{"autor":"OTERO, HERMINIO; CEREZO BARREDO, M.","codart":"842882943","libros-coleccion":"","ediciones":"1","encuadernacion":"R\u00fastica","fecha_de_publicacion":"02\/02\/2016","novedad":"0","paginas":"64","subtitulo":"","orden":"999","portada":"0","idioma":"spa","editorial":[{"ID":6335,"post_author":"3","post_date":"2022-07-28 17:49:59","post_date_gmt":"2022-07-28 15:49:59","post_content":"","post_title":"PPC altres","post_excerpt":"","post_status":"publish","comment_status":"closed","ping_status":"closed","post_password":"","post_name":"ppc-altres","to_ping":"","pinged":"","post_modified":"2022-07-28 17:49:59","post_modified_gmt":"2022-07-28 15:49:59","post_content_filtered":"","post_parent":0,"guid":"http:\/\/dev.claret.cat\/editorial\/ppc-altres\/","menu_order":0,"post_type":"editorial","post_mime_type":"","comment_count":"0","filter":"raw"}],"autores-libros":[{"ID":162863,"post_author":"3","post_date":"2022-10-14 17:34:24","post_date_gmt":"2022-10-14 15:34:24","post_content":"","post_title":"M. CEREZO BARREDO","post_excerpt":"","post_status":"publish","comment_status":"closed","ping_status":"closed","post_password":"","post_name":"m-cerezo-barredo","to_ping":"","pinged":"","post_modified":"2022-10-14 17:34:24","post_modified_gmt":"2022-10-14 15:34:24","post_content_filtered":"","post_parent":0,"guid":"http:\/\/dev.claret.cat\/autor\/m-cerezo-barredo\/","menu_order":0,"post_type":"autor","post_mime_type":"","comment_count":"0","filter":"raw"},{"ID":5538,"post_author":"3","post_date":"2022-07-28 17:26:08","post_date_gmt":"2022-07-28 15:26:08","post_content":"","post_title":"HERMINIO OTERO","post_excerpt":"","post_status":"publish","comment_status":"closed","ping_status":"closed","post_password":"","post_name":"herminio-otero","to_ping":"","pinged":"","post_modified":"2022-07-28 17:26:08","post_modified_gmt":"2022-07-28 15:26:08","post_content_filtered":"","post_parent":0,"guid":"http:\/\/dev.claret.cat\/autor\/herminio-otero\/","menu_order":0,"post_type":"autor","post_mime_type":"","comment_count":"0","filter":"raw"}]},"aioseo_notices":[],"_links":{"self":[{"href":"https:\/\/www.claret.cat\/es\/wp-json\/wp\/v2\/product\/31765","targetHints":{"allow":["GET"]}}],"collection":[{"href":"https:\/\/www.claret.cat\/es\/wp-json\/wp\/v2\/product"}],"about":[{"href":"https:\/\/www.claret.cat\/es\/wp-json\/wp\/v2\/types\/product"}],"wp:featuredmedia":[{"embeddable":true,"href":"https:\/\/www.claret.cat\/es\/wp-json\/wp\/v2\/media\/337493"}],"wp:attachment":[{"href":"https:\/\/www.claret.cat\/es\/wp-json\/wp\/v2\/media?parent=31765"}],"wp:term":[{"taxonomy":"product_brand","embeddable":true,"href":"https:\/\/www.claret.cat\/es\/wp-json\/wp\/v2\/product_brand?post=31765"},{"taxonomy":"product_cat","embeddable":true,"href":"https:\/\/www.claret.cat\/es\/wp-json\/wp\/v2\/product_cat?post=31765"},{"taxonomy":"product_tag","embeddable":true,"href":"https:\/\/www.claret.cat\/es\/wp-json\/wp\/v2\/product_tag?post=31765"}],"curies":[{"name":"wp","href":"https:\/\/api.w.org\/{rel}","templated":true}]}}