{"id":31843,"date":"2022-10-02T11:58:16","date_gmt":"2022-10-02T09:58:16","guid":{"rendered":"http:\/\/dev.claret.cat\/producte\/2-preguntar-proyecto-espiral\/"},"modified":"2024-05-02T06:21:42","modified_gmt":"2024-05-02T04:21:42","slug":"2-preguntar-proyecto-espiral-9788428829953","status":"publish","type":"product","link":"https:\/\/www.claret.cat\/es\/libro\/2-preguntar-proyecto-espiral-9788428829953\/","title":{"rendered":"2 PREGUNTAR. PROYECTO ESPIRAL"},"content":{"rendered":"<p>Diez propuestas para trabajar la inteligencia espiritual con ni\u00f1os de 6 y 7 a\u00f1os, a partir de una canci\u00f3n, un relato b\u00edblico, una dramatizaci\u00f3n\u00a0y una experiencia de interiorizaci\u00f3n que concluyen con una celebraci\u00f3n grupal. Incluye un CD con canciones.<\/p>\n","protected":false},"excerpt":{"rendered":"<p>S\u00c1NCHEZ RAMOS, LORENZO \/ D\u00cdAZ MONTEJO, MAR\u00cdA ADORACI\u00d3N<\/p>\n","protected":false},"featured_media":337545,"template":"","meta":{"_acf_changed":false,"om_disable_all_campaigns":false,"rs_blank_template":"","rs_page_bg_color":"","slide_template_v7":"","inline_featured_image":false,"_monsterinsights_skip_tracking":false,"_monsterinsights_sitenote_active":false,"_monsterinsights_sitenote_note":"","_monsterinsights_sitenote_category":0},"product_brand":[],"product_cat":[82,348],"product_tag":[],"class_list":{"0":"post-31843","1":"product","2":"type-product","3":"status-publish","4":"has-post-thumbnail","6":"product_cat-pedagogia","7":"product_cat-pedagogia-2_humanidades","9":"first","10":"instock","11":"taxable","12":"shipping-taxable","13":"purchasable","14":"product-type-simple"},"acf":{"autor":"S\u00c1NCHEZ RAMOS, LORENZO \/ D\u00cdAZ MONTEJO, MAR\u00cdA ADORACI\u00d3N","codart":"842882995","libros-coleccion":"","ediciones":"1","encuadernacion":"R\u00fastica","fecha_de_publicacion":"01\/11\/2016","novedad":"0","paginas":"146","subtitulo":"","orden":"999","portada":"0","idioma":"spa","autores-libros":[{"ID":5738,"post_author":"3","post_date":"2022-07-28 17:30:24","post_date_gmt":"2022-07-28 15:30:24","post_content":"","post_title":"LORENZO S\u00c1NCHEZ RAMOS","post_excerpt":"","post_status":"publish","comment_status":"closed","ping_status":"closed","post_password":"","post_name":"lorenzo-sanchez-ramos","to_ping":"","pinged":"","post_modified":"2022-07-28 17:30:24","post_modified_gmt":"2022-07-28 15:30:24","post_content_filtered":"","post_parent":0,"guid":"http:\/\/dev.claret.cat\/autor\/lorenzo-sanchez-ramos\/","menu_order":0,"post_type":"autor","post_mime_type":"","comment_count":"0","filter":"raw"},{"ID":163513,"post_author":"3","post_date":"2022-10-14 17:39:38","post_date_gmt":"2022-10-14 15:39:38","post_content":"","post_title":"MAR\u00cdA ADORACI\u00d3N D\u00cdAZ MONTEJO","post_excerpt":"","post_status":"publish","comment_status":"closed","ping_status":"closed","post_password":"","post_name":"maria-adoracion-diaz-montejo","to_ping":"","pinged":"","post_modified":"2022-10-14 17:39:38","post_modified_gmt":"2022-10-14 15:39:38","post_content_filtered":"","post_parent":0,"guid":"http:\/\/dev.claret.cat\/autor\/maria-adoracion-diaz-montejo\/","menu_order":0,"post_type":"autor","post_mime_type":"","comment_count":"0","filter":"raw"}],"editorial":[{"ID":148692,"post_author":"3","post_date":"2022-10-14 12:00:14","post_date_gmt":"2022-10-14 10:00:14","post_content":"","post_title":"PPC EDITORIAL","post_excerpt":"","post_status":"publish","comment_status":"closed","ping_status":"closed","post_password":"","post_name":"ppc-editorial","to_ping":"","pinged":"","post_modified":"2022-10-14 12:00:14","post_modified_gmt":"2022-10-14 10:00:14","post_content_filtered":"","post_parent":0,"guid":"http:\/\/dev.claret.cat\/editorial\/ppc-editorial\/","menu_order":0,"post_type":"editorial","post_mime_type":"","comment_count":"0","filter":"raw"}]},"aioseo_notices":[],"_links":{"self":[{"href":"https:\/\/www.claret.cat\/es\/wp-json\/wp\/v2\/product\/31843","targetHints":{"allow":["GET"]}}],"collection":[{"href":"https:\/\/www.claret.cat\/es\/wp-json\/wp\/v2\/product"}],"about":[{"href":"https:\/\/www.claret.cat\/es\/wp-json\/wp\/v2\/types\/product"}],"wp:featuredmedia":[{"embeddable":true,"href":"https:\/\/www.claret.cat\/es\/wp-json\/wp\/v2\/media\/337545"}],"wp:attachment":[{"href":"https:\/\/www.claret.cat\/es\/wp-json\/wp\/v2\/media?parent=31843"}],"wp:term":[{"taxonomy":"product_brand","embeddable":true,"href":"https:\/\/www.claret.cat\/es\/wp-json\/wp\/v2\/product_brand?post=31843"},{"taxonomy":"product_cat","embeddable":true,"href":"https:\/\/www.claret.cat\/es\/wp-json\/wp\/v2\/product_cat?post=31843"},{"taxonomy":"product_tag","embeddable":true,"href":"https:\/\/www.claret.cat\/es\/wp-json\/wp\/v2\/product_tag?post=31843"}],"curies":[{"name":"wp","href":"https:\/\/api.w.org\/{rel}","templated":true}]}}