{"id":31861,"date":"2022-10-02T11:58:31","date_gmt":"2022-10-02T09:58:31","guid":{"rendered":"http:\/\/dev.claret.cat\/producte\/no-basta-con-un-clic\/"},"modified":"2024-05-02T06:22:24","modified_gmt":"2024-05-02T04:22:24","slug":"no-basta-con-un-clic-9788428830034","status":"publish","type":"product","link":"https:\/\/www.claret.cat\/es\/libro\/no-basta-con-un-clic-9788428830034\/","title":{"rendered":"NO BASTA CON UN CLIC"},"content":{"rendered":"<p>\u00bfC\u00f3mo comunicar de forma cre\u00edble y eficaz la persona de Jesucristo, su Buena Noticia? \u00bfC\u00f3mo evangelizar en un mundo de transformaciones tecnol\u00f3gicas en constante progresi\u00f3n? Este libro plantea muchos interrogantes, obliga a hacernos muchas preguntas sobre el sentido de nuestra misi\u00f3n de comunicadores y desmonta no pocos de los lugares comunes que se vienen repitiendo sobre el impacto de las tecnolog\u00edas de la informaci\u00f3n y la comunicaci\u00f3n.<\/p>\n","protected":false},"excerpt":{"rendered":"<p>OESTERHELD, JORGE<\/p>\n","protected":false},"featured_media":337557,"template":"","meta":{"_acf_changed":false,"om_disable_all_campaigns":false,"rs_blank_template":"","rs_page_bg_color":"","slide_template_v7":"","inline_featured_image":false,"_monsterinsights_skip_tracking":false,"_monsterinsights_sitenote_active":false,"_monsterinsights_sitenote_note":"","_monsterinsights_sitenote_category":0},"product_brand":[],"product_cat":[78,344],"product_tag":[],"class_list":{"0":"post-31861","1":"product","2":"type-product","3":"status-publish","4":"has-post-thumbnail","6":"product_cat-pastoral","7":"product_cat-pastoral-1_espiritualidad","9":"first","10":"instock","11":"taxable","12":"shipping-taxable","13":"purchasable","14":"product-type-simple"},"acf":{"autor":"OESTERHELD, JORGE","codart":"842883003","libros-coleccion":"","ediciones":"1","encuadernacion":"R\u00fastica","fecha_de_publicacion":"01\/04\/2016","novedad":"0","paginas":"131","subtitulo":"IGLESIA Y COMUNICACI\u00d3N","orden":"999","portada":"0","idioma":"spa","editorial":[{"ID":6335,"post_author":"3","post_date":"2022-07-28 17:49:59","post_date_gmt":"2022-07-28 15:49:59","post_content":"","post_title":"PPC altres","post_excerpt":"","post_status":"publish","comment_status":"closed","ping_status":"closed","post_password":"","post_name":"ppc-altres","to_ping":"","pinged":"","post_modified":"2022-07-28 17:49:59","post_modified_gmt":"2022-07-28 15:49:59","post_content_filtered":"","post_parent":0,"guid":"http:\/\/dev.claret.cat\/editorial\/ppc-altres\/","menu_order":0,"post_type":"editorial","post_mime_type":"","comment_count":"0","filter":"raw"}],"autores-libros":[{"ID":160096,"post_author":"3","post_date":"2022-10-14 15:50:16","post_date_gmt":"2022-10-14 13:50:16","post_content":"","post_title":"JORGE OESTERHELD","post_excerpt":"","post_status":"publish","comment_status":"closed","ping_status":"closed","post_password":"","post_name":"jorge-oesterheld","to_ping":"","pinged":"","post_modified":"2022-10-14 15:50:16","post_modified_gmt":"2022-10-14 13:50:16","post_content_filtered":"","post_parent":0,"guid":"http:\/\/dev.claret.cat\/autor\/jorge-oesterheld\/","menu_order":0,"post_type":"autor","post_mime_type":"","comment_count":"0","filter":"raw"}]},"aioseo_notices":[],"_links":{"self":[{"href":"https:\/\/www.claret.cat\/es\/wp-json\/wp\/v2\/product\/31861","targetHints":{"allow":["GET"]}}],"collection":[{"href":"https:\/\/www.claret.cat\/es\/wp-json\/wp\/v2\/product"}],"about":[{"href":"https:\/\/www.claret.cat\/es\/wp-json\/wp\/v2\/types\/product"}],"wp:featuredmedia":[{"embeddable":true,"href":"https:\/\/www.claret.cat\/es\/wp-json\/wp\/v2\/media\/337557"}],"wp:attachment":[{"href":"https:\/\/www.claret.cat\/es\/wp-json\/wp\/v2\/media?parent=31861"}],"wp:term":[{"taxonomy":"product_brand","embeddable":true,"href":"https:\/\/www.claret.cat\/es\/wp-json\/wp\/v2\/product_brand?post=31861"},{"taxonomy":"product_cat","embeddable":true,"href":"https:\/\/www.claret.cat\/es\/wp-json\/wp\/v2\/product_cat?post=31861"},{"taxonomy":"product_tag","embeddable":true,"href":"https:\/\/www.claret.cat\/es\/wp-json\/wp\/v2\/product_tag?post=31861"}],"curies":[{"name":"wp","href":"https:\/\/api.w.org\/{rel}","templated":true}]}}