{"id":319063,"date":"2023-01-02T22:33:16","date_gmt":"2023-01-02T21:33:16","guid":{"rendered":"https:\/\/www.claret.cat\/llibre\/a-peu-pel-cami-de-sant-jaume-des-de-montserrat-9788478268030\/"},"modified":"2024-05-23T15:20:45","modified_gmt":"2024-05-23T13:20:45","slug":"a-peu-pel-cami-de-sant-jaume-des-de-montserrat-9788478268030","status":"publish","type":"product","link":"https:\/\/www.claret.cat\/es\/libro\/a-peu-pel-cami-de-sant-jaume-des-de-montserrat-9788478268030\/","title":{"rendered":"A PEU&#8230; PEL CAMI DE SANT JAUME, DES DE MONTSERRAT"},"content":{"rendered":"<p>Les p\u00e0gines del diari de ruta de Ramon Ribera-Marin\u00e9, monjo de Montserrat, ens faran adonar del significat profund de l\u00b4experi\u00e8ncia, tant des del punt de vista religi\u00f3s com hum\u00e0.<\/p>\n","protected":false},"excerpt":{"rendered":"<p>RIBERA-MARINE, RAMON<\/p>\n","protected":false},"featured_media":352741,"template":"","meta":{"_acf_changed":false,"om_disable_all_campaigns":false,"rs_blank_template":"","rs_page_bg_color":"","slide_template_v7":"","inline_featured_image":false,"_monsterinsights_skip_tracking":false,"_monsterinsights_sitenote_active":false,"_monsterinsights_sitenote_note":"","_monsterinsights_sitenote_category":0},"product_brand":[],"product_cat":[557,107,351,85],"product_tag":[],"class_list":{"0":"post-319063","1":"product","2":"type-product","3":"status-publish","4":"has-post-thumbnail","6":"product_cat-guias-de-viaje","7":"product_cat-guies-de-viatge","8":"product_cat-historia-2_humanidades","9":"product_cat-historia","11":"first","12":"outofstock","13":"taxable","14":"shipping-taxable","15":"purchasable","16":"product-type-simple"},"acf":{"editorial":[{"ID":8266,"post_author":"3","post_date":"2022-09-30 09:21:36","post_date_gmt":"2022-09-30 07:21:36","post_content":"","post_title":"PUBLICACIONS DE L'ABADIA DE MONTSERRAT","post_excerpt":"","post_status":"publish","comment_status":"closed","ping_status":"closed","post_password":"","post_name":"publicacions-de-labadia-de-montserrat-5","to_ping":"","pinged":"","post_modified":"2022-09-30 09:21:36","post_modified_gmt":"2022-09-30 07:21:36","post_content_filtered":"","post_parent":0,"guid":"http:\/\/dev.claret.cat\/editorial\/publicacions-de-labadia-de-montserrat-5\/","menu_order":0,"post_type":"editorial","post_mime_type":"","comment_count":"0","filter":"raw"}],"autores-libros":[{"ID":5967,"post_author":"3","post_date":"2022-07-28 17:35:20","post_date_gmt":"2022-07-28 15:35:20","post_content":"","post_title":"RAMON RIBERA-MARIN\u00c9","post_excerpt":"","post_status":"publish","comment_status":"closed","ping_status":"closed","post_password":"","post_name":"ramon-ribera-marine","to_ping":"","pinged":"","post_modified":"2022-07-28 17:35:20","post_modified_gmt":"2022-07-28 15:35:20","post_content_filtered":"","post_parent":0,"guid":"http:\/\/dev.claret.cat\/autor\/ramon-ribera-marine\/","menu_order":0,"post_type":"autor","post_mime_type":"","comment_count":"0","filter":"raw"}],"autor":"RIBERA-MARINE, RAMON","codart":"847826803","libros-coleccion":"FORA DE COL.LECCI\u00d3","ediciones":"1","encuadernacion":"R\u00fastica","fecha_de_publicacion":"01\/04\/1997","novedad":"0","paginas":"150","subtitulo":"","orden":"999","portada":"0","idioma":"spa"},"aioseo_notices":[],"_links":{"self":[{"href":"https:\/\/www.claret.cat\/es\/wp-json\/wp\/v2\/product\/319063","targetHints":{"allow":["GET"]}}],"collection":[{"href":"https:\/\/www.claret.cat\/es\/wp-json\/wp\/v2\/product"}],"about":[{"href":"https:\/\/www.claret.cat\/es\/wp-json\/wp\/v2\/types\/product"}],"wp:featuredmedia":[{"embeddable":true,"href":"https:\/\/www.claret.cat\/es\/wp-json\/wp\/v2\/media\/352741"}],"wp:attachment":[{"href":"https:\/\/www.claret.cat\/es\/wp-json\/wp\/v2\/media?parent=319063"}],"wp:term":[{"taxonomy":"product_brand","embeddable":true,"href":"https:\/\/www.claret.cat\/es\/wp-json\/wp\/v2\/product_brand?post=319063"},{"taxonomy":"product_cat","embeddable":true,"href":"https:\/\/www.claret.cat\/es\/wp-json\/wp\/v2\/product_cat?post=319063"},{"taxonomy":"product_tag","embeddable":true,"href":"https:\/\/www.claret.cat\/es\/wp-json\/wp\/v2\/product_tag?post=319063"}],"curies":[{"name":"wp","href":"https:\/\/api.w.org\/{rel}","templated":true}]}}