{"id":319098,"date":"2023-01-02T22:36:57","date_gmt":"2023-01-02T21:36:57","guid":{"rendered":"https:\/\/www.claret.cat\/llibre\/obra-poetica-ramon-muntanyola-9788484150145\/"},"modified":"2026-02-27T11:05:05","modified_gmt":"2026-02-27T10:05:05","slug":"obra-poetica-ramon-muntanyola-9788484150145","status":"publish","type":"product","link":"https:\/\/www.claret.cat\/es\/libro\/obra-poetica-ramon-muntanyola-9788484150145\/","title":{"rendered":"OBRA POETICA &#8211; RAMON MUNTANYOLA"},"content":{"rendered":"<p>Recull de l&#8217;obra po\u00e8tica completa de moss\u00e8n Ramon Muntanyola (1917-73), publicada a \u00c0nima endins, Infants, ocells i nadales, Romiatge per la terra i Eix\u00e0rcia, complementada amb una \u00e0mplia selecci\u00f3 de les peces que l&#8217;autor no inclogu\u00e9 en cap volum<\/p>\n","protected":false},"excerpt":{"rendered":"<p>MUNTANYOLA, RAMON<\/p>\n","protected":false},"featured_media":358017,"template":"","meta":{"_acf_changed":false,"om_disable_all_campaigns":false,"rs_blank_template":"","rs_page_bg_color":"","slide_template_v7":"","inline_featured_image":false,"_monsterinsights_skip_tracking":false,"_monsterinsights_sitenote_active":false,"_monsterinsights_sitenote_note":"","_monsterinsights_sitenote_category":0},"product_brand":[],"product_cat":[87,353],"product_tag":[],"class_list":{"0":"post-319098","1":"product","2":"type-product","3":"status-publish","4":"has-post-thumbnail","6":"product_cat-literatura","7":"product_cat-literatura-2_humanidades","9":"first","10":"instock","11":"taxable","12":"shipping-taxable","13":"purchasable","14":"product-type-simple"},"acf":{"editorial":[{"ID":8266,"post_author":"3","post_date":"2022-09-30 09:21:36","post_date_gmt":"2022-09-30 07:21:36","post_content":"","post_title":"PUBLICACIONS DE L'ABADIA DE MONTSERRAT","post_excerpt":"","post_status":"publish","comment_status":"closed","ping_status":"closed","post_password":"","post_name":"publicacions-de-labadia-de-montserrat-5","to_ping":"","pinged":"","post_modified":"2022-09-30 09:21:36","post_modified_gmt":"2022-09-30 07:21:36","post_content_filtered":"","post_parent":0,"guid":"http:\/\/dev.claret.cat\/editorial\/publicacions-de-labadia-de-montserrat-5\/","menu_order":0,"post_type":"editorial","post_mime_type":"","comment_count":"0","filter":"raw"}],"autores-libros":[{"ID":319097,"post_author":"3","post_date":"2023-01-02 22:36:55","post_date_gmt":"2023-01-02 21:36:55","post_content":"","post_title":"RAMON MUNTANYOLA","post_excerpt":"","post_status":"publish","comment_status":"closed","ping_status":"closed","post_password":"","post_name":"ramon-muntanyola","to_ping":"","pinged":"","post_modified":"2023-01-02 22:36:55","post_modified_gmt":"2023-01-02 21:36:55","post_content_filtered":"","post_parent":0,"guid":"https:\/\/www.claret.cat\/autor\/ramon-muntanyola\/","menu_order":0,"post_type":"autor","post_mime_type":"","comment_count":"0","filter":"raw"}],"autor":"MUNTANYOLA, RAMON","codart":"848415014","libros-coleccion":"FORA DE COL.LECCI\u00d3","ediciones":"1","encuadernacion":"[Vac\u00edo]","fecha_de_publicacion":"01\/11\/1998","novedad":"0","paginas":"192","subtitulo":"","orden":"999","portada":"0","idioma":"spa","booktrailer":"","resenas":""},"aioseo_notices":[],"_links":{"self":[{"href":"https:\/\/www.claret.cat\/es\/wp-json\/wp\/v2\/product\/319098","targetHints":{"allow":["GET"]}}],"collection":[{"href":"https:\/\/www.claret.cat\/es\/wp-json\/wp\/v2\/product"}],"about":[{"href":"https:\/\/www.claret.cat\/es\/wp-json\/wp\/v2\/types\/product"}],"wp:featuredmedia":[{"embeddable":true,"href":"https:\/\/www.claret.cat\/es\/wp-json\/wp\/v2\/media\/358017"}],"wp:attachment":[{"href":"https:\/\/www.claret.cat\/es\/wp-json\/wp\/v2\/media?parent=319098"}],"wp:term":[{"taxonomy":"product_brand","embeddable":true,"href":"https:\/\/www.claret.cat\/es\/wp-json\/wp\/v2\/product_brand?post=319098"},{"taxonomy":"product_cat","embeddable":true,"href":"https:\/\/www.claret.cat\/es\/wp-json\/wp\/v2\/product_cat?post=319098"},{"taxonomy":"product_tag","embeddable":true,"href":"https:\/\/www.claret.cat\/es\/wp-json\/wp\/v2\/product_tag?post=319098"}],"curies":[{"name":"wp","href":"https:\/\/api.w.org\/{rel}","templated":true}]}}