{"id":31915,"date":"2022-10-02T11:59:12","date_gmt":"2022-10-02T09:59:12","guid":{"rendered":"http:\/\/dev.claret.cat\/producte\/josep-miret-muste-1907-1944\/"},"modified":"2024-01-31T20:16:24","modified_gmt":"2024-01-31T19:16:24","slug":"josep-miret-muste-19071944-9788429776188","status":"publish","type":"product","link":"https:\/\/www.claret.cat\/es\/libro\/josep-miret-muste-19071944-9788429776188\/","title":{"rendered":"JOSEP MIRET MUST\u00c9 (1907-1944)"},"content":{"rendered":"<p>Josep Miret Must\u00e9 fou un home de comprom\u00eds pol\u00edtic durant els anys de la segona Rep\u00fablica i la guerra civil, primer des de les joventuts de la Uni\u00f3 Socialista de Catalunya i, despr\u00e9s, al PSUC. Tingu\u00e9 un paper actiu, amb responsabilitats pol\u00edtiques i militars, dins de les institucions de la Generalitat, l&#8217;Ex\u00e8rcit Popular de la Rep\u00fablica en el Comit\u00e8 Central de Mil\u00edcies Antifeixistes, en la presid\u00e8ncia del Consell de Transports,<br \/>en la Conselleria de Prove\u00efments i, per \u00faltim, com a comissari pol\u00edtic als fronts. <br \/>Un cop abandon\u00e0 Catalunya, mantingu\u00e9 el seu comprom\u00eds pol\u00edtic jugant un paper singular en els moviments de resist\u00e8ncia antinazi al nord de Fran\u00e7a, fins a jugar-se la pr\u00f2pia vida i que el port\u00e0 a afegir-se als milers de republicans que romanien des de 1940 al camp de Mauthausen, on fou assassinat l&#8217;any 1944.<\/p>\n","protected":false},"excerpt":{"rendered":"<p>TORAN BELVER, ROSA<\/p>\n","protected":false},"featured_media":71966,"template":"","meta":{"_acf_changed":false,"om_disable_all_campaigns":false,"rs_blank_template":"","rs_page_bg_color":"","slide_template_v7":"","inline_featured_image":false,"_monsterinsights_skip_tracking":false,"_monsterinsights_sitenote_active":false,"_monsterinsights_sitenote_note":"","_monsterinsights_sitenote_category":0},"product_brand":[],"product_cat":[85,351],"product_tag":[],"class_list":{"0":"post-31915","1":"product","2":"type-product","3":"status-publish","4":"has-post-thumbnail","6":"product_cat-historia","7":"product_cat-historia-2_humanidades","9":"first","10":"instock","11":"taxable","12":"shipping-taxable","13":"purchasable","14":"product-type-simple"},"acf":{"autor":"TORAN BELVER, ROSA","codart":"842977618","libros-coleccion":"BIOGRAFIES I MEMORIES","ediciones":"1","encuadernacion":"R\u00fastica","fecha_de_publicacion":"01\/10\/2017","novedad":"1","paginas":"204","subtitulo":"","orden":"0","portada":"0","idioma":"cat","editorial":[{"ID":6210,"post_author":"3","post_date":"2022-07-28 17:47:13","post_date_gmt":"2022-07-28 15:47:13","post_content":"","post_title":"Edicions 62","post_excerpt":"","post_status":"publish","comment_status":"closed","ping_status":"closed","post_password":"","post_name":"edicions-62","to_ping":"","pinged":"","post_modified":"2022-07-28 17:47:13","post_modified_gmt":"2022-07-28 15:47:13","post_content_filtered":"","post_parent":0,"guid":"http:\/\/dev.claret.cat\/editorial\/edicions-62\/","menu_order":0,"post_type":"editorial","post_mime_type":"","comment_count":"0","filter":"raw"}],"autores-libros":[{"ID":168534,"post_author":"3","post_date":"2022-10-14 22:19:53","post_date_gmt":"2022-10-14 20:19:53","post_content":"","post_title":"ROSA TOR\u00c1N BELVER","post_excerpt":"","post_status":"publish","comment_status":"closed","ping_status":"closed","post_password":"","post_name":"rosa-toran-belver","to_ping":"","pinged":"","post_modified":"2022-10-14 22:19:53","post_modified_gmt":"2022-10-14 20:19:53","post_content_filtered":"","post_parent":0,"guid":"http:\/\/dev.claret.cat\/autor\/rosa-toran-belver\/","menu_order":0,"post_type":"autor","post_mime_type":"","comment_count":"0","filter":"raw"}]},"aioseo_notices":[],"_links":{"self":[{"href":"https:\/\/www.claret.cat\/es\/wp-json\/wp\/v2\/product\/31915","targetHints":{"allow":["GET"]}}],"collection":[{"href":"https:\/\/www.claret.cat\/es\/wp-json\/wp\/v2\/product"}],"about":[{"href":"https:\/\/www.claret.cat\/es\/wp-json\/wp\/v2\/types\/product"}],"wp:featuredmedia":[{"embeddable":true,"href":"https:\/\/www.claret.cat\/es\/wp-json\/wp\/v2\/media\/71966"}],"wp:attachment":[{"href":"https:\/\/www.claret.cat\/es\/wp-json\/wp\/v2\/media?parent=31915"}],"wp:term":[{"taxonomy":"product_brand","embeddable":true,"href":"https:\/\/www.claret.cat\/es\/wp-json\/wp\/v2\/product_brand?post=31915"},{"taxonomy":"product_cat","embeddable":true,"href":"https:\/\/www.claret.cat\/es\/wp-json\/wp\/v2\/product_cat?post=31915"},{"taxonomy":"product_tag","embeddable":true,"href":"https:\/\/www.claret.cat\/es\/wp-json\/wp\/v2\/product_tag?post=31915"}],"curies":[{"name":"wp","href":"https:\/\/api.w.org\/{rel}","templated":true}]}}