{"id":319160,"date":"2023-01-02T22:41:40","date_gmt":"2023-01-02T21:41:40","guid":{"rendered":"https:\/\/www.claret.cat\/llibre\/escenaris-de-la-corporeitat-9788484154587\/"},"modified":"2024-05-23T08:21:57","modified_gmt":"2024-05-23T06:21:57","slug":"escenaris-de-la-corporeitat-9788484154587","status":"publish","type":"product","link":"https:\/\/www.claret.cat\/es\/libro\/escenaris-de-la-corporeitat-9788484154587\/","title":{"rendered":"ESCENARIS DE LA CORPOREITAT"},"content":{"rendered":"<p>Sobre la pres\u00e8ncia corporal -hist\u00f2ria simb\u00f2lica al mateix temps- de l&#8217; \u00e9sser hum\u00e0 en el seu m\u00f3n quotidi\u00e0.<\/p>\n","protected":false},"excerpt":{"rendered":"<p>DUCH, LLU\u00cdS<\/p>\n","protected":false},"featured_media":358032,"template":"","meta":{"_acf_changed":false,"om_disable_all_campaigns":false,"rs_blank_template":"","rs_page_bg_color":"","slide_template_v7":"","inline_featured_image":false,"_monsterinsights_skip_tracking":false,"_monsterinsights_sitenote_active":false,"_monsterinsights_sitenote_note":"","_monsterinsights_sitenote_category":0},"product_brand":[],"product_cat":[83,349,350,84],"product_tag":[],"class_list":{"0":"post-319160","1":"product","2":"type-product","3":"status-publish","4":"has-post-thumbnail","6":"product_cat-filosofia","7":"product_cat-filosofia-2_humanidades","8":"product_cat-sociologia-2_humanidades","9":"product_cat-sociologia","11":"first","12":"instock","13":"taxable","14":"shipping-taxable","15":"purchasable","16":"product-type-simple"},"acf":{"editorial":[{"ID":8266,"post_author":"3","post_date":"2022-09-30 09:21:36","post_date_gmt":"2022-09-30 07:21:36","post_content":"","post_title":"PUBLICACIONS DE L'ABADIA DE MONTSERRAT","post_excerpt":"","post_status":"publish","comment_status":"closed","ping_status":"closed","post_password":"","post_name":"publicacions-de-labadia-de-montserrat-5","to_ping":"","pinged":"","post_modified":"2022-09-30 09:21:36","post_modified_gmt":"2022-09-30 07:21:36","post_content_filtered":"","post_parent":0,"guid":"http:\/\/dev.claret.cat\/editorial\/publicacions-de-labadia-de-montserrat-5\/","menu_order":0,"post_type":"editorial","post_mime_type":"","comment_count":"0","filter":"raw"}],"autores-libros":[{"ID":162345,"post_author":"3","post_date":"2022-10-14 17:30:17","post_date_gmt":"2022-10-14 15:30:17","post_content":"","post_title":"LLU\u00cdS DUCH","post_excerpt":"","post_status":"publish","comment_status":"closed","ping_status":"closed","post_password":"","post_name":"lluis-duch","to_ping":"","pinged":"","post_modified":"2022-10-14 17:30:17","post_modified_gmt":"2022-10-14 15:30:17","post_content_filtered":"","post_parent":0,"guid":"http:\/\/dev.claret.cat\/autor\/lluis-duch\/","menu_order":0,"post_type":"autor","post_mime_type":"","comment_count":"0","filter":"raw"}],"autor":"DUCH, LLU\u00cdS","codart":"848415458","libros-coleccion":"Biblioteca Serra d'Or","ediciones":"1","encuadernacion":"[Vac\u00edo]","fecha_de_publicacion":"01\/02\/2003","novedad":"0","paginas":"464","subtitulo":"","orden":"999","portada":"0","idioma":"spa"},"aioseo_notices":[],"_links":{"self":[{"href":"https:\/\/www.claret.cat\/es\/wp-json\/wp\/v2\/product\/319160","targetHints":{"allow":["GET"]}}],"collection":[{"href":"https:\/\/www.claret.cat\/es\/wp-json\/wp\/v2\/product"}],"about":[{"href":"https:\/\/www.claret.cat\/es\/wp-json\/wp\/v2\/types\/product"}],"wp:featuredmedia":[{"embeddable":true,"href":"https:\/\/www.claret.cat\/es\/wp-json\/wp\/v2\/media\/358032"}],"wp:attachment":[{"href":"https:\/\/www.claret.cat\/es\/wp-json\/wp\/v2\/media?parent=319160"}],"wp:term":[{"taxonomy":"product_brand","embeddable":true,"href":"https:\/\/www.claret.cat\/es\/wp-json\/wp\/v2\/product_brand?post=319160"},{"taxonomy":"product_cat","embeddable":true,"href":"https:\/\/www.claret.cat\/es\/wp-json\/wp\/v2\/product_cat?post=319160"},{"taxonomy":"product_tag","embeddable":true,"href":"https:\/\/www.claret.cat\/es\/wp-json\/wp\/v2\/product_tag?post=319160"}],"curies":[{"name":"wp","href":"https:\/\/api.w.org\/{rel}","templated":true}]}}