{"id":31924,"date":"2022-10-02T11:59:19","date_gmt":"2022-10-02T09:59:19","guid":{"rendered":"http:\/\/dev.claret.cat\/producte\/festes-i-tradicions-de-catalunya\/"},"modified":"2024-01-31T20:16:45","modified_gmt":"2024-01-31T19:16:45","slug":"festes-i-tradicions-de-catalunya-9788429776263","status":"publish","type":"product","link":"https:\/\/www.claret.cat\/es\/libro\/festes-i-tradicions-de-catalunya-9788429776263\/","title":{"rendered":"FESTES I TRADICIONS DE CATALUNYA"},"content":{"rendered":"<p>\u00a0Vols descobrir les llegendes i tra\u00addicions m\u00e9s emblem\u00e0tiques de Catalunya? Amb aquest llibre per a tota la fam\u00edlia coneixer\u00e0s les festes m\u00e9s destacades del nostre calendari, com la Castanyada, Sant Joan, el Carnestoltes i moltes m\u00e9s. S\u00f3n 12 tradicions escrites amb un estil planer i amb unes il\u00b7lustracions atractives que ens parlen de llegendes, hist\u00f2ries i actes tradicionals que es remunten segles enrere i que han arribat fins a nosaltres. Una col\u00b7lecci\u00f3 perqu\u00e8 els nens i les nenes els coneguin i entenguin, i aix\u00ed els puguin estimar i transmetre a les futures generacions.<\/p>\n","protected":false},"excerpt":{"rendered":"<p>BAY\u00c9S, PILAR\u00cdN<\/p>\n","protected":false},"featured_media":72018,"template":"","meta":{"_acf_changed":false,"om_disable_all_campaigns":false,"rs_blank_template":"","rs_page_bg_color":"","slide_template_v7":"","inline_featured_image":false,"_monsterinsights_skip_tracking":false,"_monsterinsights_sitenote_active":false,"_monsterinsights_sitenote_note":"","_monsterinsights_sitenote_category":0},"product_brand":[],"product_cat":[86,352],"product_tag":[],"class_list":{"0":"post-31924","1":"product","2":"type-product","3":"status-publish","4":"has-post-thumbnail","6":"product_cat-infantil","7":"product_cat-infantil-3_infantil-juvenil-spa","9":"first","10":"instock","11":"taxable","12":"shipping-taxable","13":"purchasable","14":"product-type-simple"},"acf":{"autor":"BAY\u00c9S, PILAR\u00cdN","codart":"842977626","libros-coleccion":"SUSHI BOOKS","ediciones":"1","encuadernacion":"Carton\u00e9","fecha_de_publicacion":"01\/10\/2017","novedad":"1","paginas":"265","subtitulo":"","orden":"0","portada":"0","idioma":"cat","editorial":[{"ID":6210,"post_author":"3","post_date":"2022-07-28 17:47:13","post_date_gmt":"2022-07-28 15:47:13","post_content":"","post_title":"Edicions 62","post_excerpt":"","post_status":"publish","comment_status":"closed","ping_status":"closed","post_password":"","post_name":"edicions-62","to_ping":"","pinged":"","post_modified":"2022-07-28 17:47:13","post_modified_gmt":"2022-07-28 15:47:13","post_content_filtered":"","post_parent":0,"guid":"http:\/\/dev.claret.cat\/editorial\/edicions-62\/","menu_order":0,"post_type":"editorial","post_mime_type":"","comment_count":"0","filter":"raw"}],"autores-libros":[{"ID":167343,"post_author":"3","post_date":"2022-10-14 18:10:27","post_date_gmt":"2022-10-14 16:10:27","post_content":"","post_title":"PILAR\u00cdN BAY\u00c9S","post_excerpt":"","post_status":"publish","comment_status":"closed","ping_status":"closed","post_password":"","post_name":"pilarin-bayes-2","to_ping":"","pinged":"","post_modified":"2022-10-14 18:10:27","post_modified_gmt":"2022-10-14 16:10:27","post_content_filtered":"","post_parent":0,"guid":"http:\/\/dev.claret.cat\/autor\/pilarin-bayes-2\/","menu_order":0,"post_type":"autor","post_mime_type":"","comment_count":"0","filter":"raw"}]},"aioseo_notices":[],"_links":{"self":[{"href":"https:\/\/www.claret.cat\/es\/wp-json\/wp\/v2\/product\/31924","targetHints":{"allow":["GET"]}}],"collection":[{"href":"https:\/\/www.claret.cat\/es\/wp-json\/wp\/v2\/product"}],"about":[{"href":"https:\/\/www.claret.cat\/es\/wp-json\/wp\/v2\/types\/product"}],"wp:featuredmedia":[{"embeddable":true,"href":"https:\/\/www.claret.cat\/es\/wp-json\/wp\/v2\/media\/72018"}],"wp:attachment":[{"href":"https:\/\/www.claret.cat\/es\/wp-json\/wp\/v2\/media?parent=31924"}],"wp:term":[{"taxonomy":"product_brand","embeddable":true,"href":"https:\/\/www.claret.cat\/es\/wp-json\/wp\/v2\/product_brand?post=31924"},{"taxonomy":"product_cat","embeddable":true,"href":"https:\/\/www.claret.cat\/es\/wp-json\/wp\/v2\/product_cat?post=31924"},{"taxonomy":"product_tag","embeddable":true,"href":"https:\/\/www.claret.cat\/es\/wp-json\/wp\/v2\/product_tag?post=31924"}],"curies":[{"name":"wp","href":"https:\/\/api.w.org\/{rel}","templated":true}]}}