{"id":319255,"date":"2023-01-02T22:52:58","date_gmt":"2023-01-02T21:52:58","guid":{"rendered":"https:\/\/www.claret.cat\/llibre\/celebrem-leucaristia-9788484151562\/"},"modified":"2025-03-06T19:11:23","modified_gmt":"2025-03-06T18:11:23","slug":"celebrem-leucaristia-9788484151562","status":"publish","type":"product","link":"https:\/\/www.claret.cat\/es\/libro\/celebrem-leucaristia-9788484151562\/","title":{"rendered":"CELEBREM L&#8217;EUCARISTIA"},"content":{"rendered":"<p>Col\u00b7lecci\u00f3 adre\u00e7ada a nens i nenes que es comencen a preguntar sobre el sentit de les celebracions, els sagraments i altres aspectes de la vida cristiana. Aquests llibres es poden llegir a casa amb la fam\u00edlia, a l?escola o a la catequesi.<\/p>\n","protected":false},"excerpt":{"rendered":"<p>CORT\u00c9S, LLU\u00cdS ; BOIXAREU,<\/p>\n","protected":false},"featured_media":444154,"template":"","meta":{"_acf_changed":false,"om_disable_all_campaigns":false,"rs_blank_template":"","rs_page_bg_color":"","slide_template_v7":"","inline_featured_image":false,"_monsterinsights_skip_tracking":false,"_monsterinsights_sitenote_active":false,"_monsterinsights_sitenote_note":"","_monsterinsights_sitenote_category":0},"product_brand":[],"product_cat":[216,475],"product_tag":[],"class_list":{"0":"post-319255","1":"product","2":"type-product","3":"status-publish","4":"has-post-thumbnail","6":"product_cat-primera-comunio-catequesi-1_espiritualitat","7":"product_cat-primera-comunion","9":"first","10":"instock","11":"taxable","12":"shipping-taxable","13":"purchasable","14":"product-type-simple"},"acf":{"editorial":[{"ID":8266,"post_author":"3","post_date":"2022-09-30 09:21:36","post_date_gmt":"2022-09-30 07:21:36","post_content":"","post_title":"PUBLICACIONS DE L'ABADIA DE MONTSERRAT","post_excerpt":"","post_status":"publish","comment_status":"closed","ping_status":"closed","post_password":"","post_name":"publicacions-de-labadia-de-montserrat-5","to_ping":"","pinged":"","post_modified":"2022-09-30 09:21:36","post_modified_gmt":"2022-09-30 07:21:36","post_content_filtered":"","post_parent":0,"guid":"http:\/\/dev.claret.cat\/editorial\/publicacions-de-labadia-de-montserrat-5\/","menu_order":0,"post_type":"editorial","post_mime_type":"","comment_count":"0","filter":"raw"}],"autores-libros":[{"ID":319110,"post_author":"3","post_date":"2023-01-02 22:38:08","post_date_gmt":"2023-01-02 21:38:08","post_content":"","post_title":"LLUIS CORTES","post_excerpt":"","post_status":"publish","comment_status":"closed","ping_status":"closed","post_password":"","post_name":"lluis-cortes","to_ping":"","pinged":"","post_modified":"2023-01-02 22:38:08","post_modified_gmt":"2023-01-02 21:38:08","post_content_filtered":"","post_parent":0,"guid":"https:\/\/www.claret.cat\/autor\/lluis-cortes\/","menu_order":0,"post_type":"autor","post_mime_type":"","comment_count":"0","filter":"raw"},{"ID":319111,"post_author":"3","post_date":"2023-01-02 22:38:09","post_date_gmt":"2023-01-02 21:38:09","post_content":"","post_title":"MONTSERRAT BOIXAREU","post_excerpt":"","post_status":"publish","comment_status":"closed","ping_status":"closed","post_password":"","post_name":"montserrat-boixareu","to_ping":"","pinged":"","post_modified":"2023-01-02 22:38:09","post_modified_gmt":"2023-01-02 21:38:09","post_content_filtered":"","post_parent":0,"guid":"https:\/\/www.claret.cat\/autor\/montserrat-boixareu\/","menu_order":0,"post_type":"autor","post_mime_type":"","comment_count":"0","filter":"raw"}],"autor":"CORT\u00c9S, LLU\u00cdS ; BOIXAREU,","codart":"848415156","libros-coleccion":"","ediciones":"1","encuadernacion":"R\u00fastica","fecha_de_publicacion":"16\/04\/2008","novedad":"0","paginas":"23","subtitulo":"","orden":"999","portada":"0","idioma":"cat"},"aioseo_notices":[],"_links":{"self":[{"href":"https:\/\/www.claret.cat\/es\/wp-json\/wp\/v2\/product\/319255","targetHints":{"allow":["GET"]}}],"collection":[{"href":"https:\/\/www.claret.cat\/es\/wp-json\/wp\/v2\/product"}],"about":[{"href":"https:\/\/www.claret.cat\/es\/wp-json\/wp\/v2\/types\/product"}],"wp:featuredmedia":[{"embeddable":true,"href":"https:\/\/www.claret.cat\/es\/wp-json\/wp\/v2\/media\/444154"}],"wp:attachment":[{"href":"https:\/\/www.claret.cat\/es\/wp-json\/wp\/v2\/media?parent=319255"}],"wp:term":[{"taxonomy":"product_brand","embeddable":true,"href":"https:\/\/www.claret.cat\/es\/wp-json\/wp\/v2\/product_brand?post=319255"},{"taxonomy":"product_cat","embeddable":true,"href":"https:\/\/www.claret.cat\/es\/wp-json\/wp\/v2\/product_cat?post=319255"},{"taxonomy":"product_tag","embeddable":true,"href":"https:\/\/www.claret.cat\/es\/wp-json\/wp\/v2\/product_tag?post=319255"}],"curies":[{"name":"wp","href":"https:\/\/api.w.org\/{rel}","templated":true}]}}