{"id":319448,"date":"2023-01-02T23:13:34","date_gmt":"2023-01-02T22:13:34","guid":{"rendered":"https:\/\/www.claret.cat\/llibre\/lmperi-de-la-incomunicacio-9788490265987\/"},"modified":"2023-05-15T14:08:41","modified_gmt":"2023-05-15T12:08:41","slug":"lmperi-de-la-incomunicacio-9788490265987","status":"publish","type":"product","link":"https:\/\/www.claret.cat\/es\/libro\/lmperi-de-la-incomunicacio-9788490265987\/","title":{"rendered":"L&#8221;MPERI DE LA INCOMUNICACI\u00d3"},"content":{"rendered":"<p>Mai com ara les persones hav\u00edem estat tan comunicades. I alhora, mai havia estat tan gran el risc d\u2019incomunicaci\u00f3. Gr\u00e0cies a Internet i als diversos dispositius que permeten connectar-nos-hi ben b\u00e9 des de qualsevol lloc, la comunicaci\u00f3 actual t\u00e9 unes possibilitats extraordin\u00e0ries, per\u00f2 tamb\u00e9 pot esdevenir impr\u00f2pia de l\u2019\u00e9sser hum\u00e0. Malgrat l\u2019inter\u00e8s que desperta en les audi\u00e8ncies, hi ha una forma de comunicaci\u00f3 sotmesa a t\u00f2pics i prejudicis, grollera i fins i tot humiliant, que s\u2019escampa com un signe dels temps. <\/p>\n<p>Aquest llibre \u2013Premi d\u2019Assaig Mancomunitat de la Ribera Alta\u2013 esdev\u00e9 un al\u00b7legat contra la vulgaritat, una defensa de la qualitat humana, dels models medi\u00e0tics que generen comprensi\u00f3 m\u00fatua entre individus i grups socials. El model comunicatiu ha de canviar al ritme de l\u2019evoluci\u00f3 de la tecnologia, per\u00f2 cal exigir el respecte a uns principis \u00e8tics. Una vegada m\u00e9s, l\u2019educaci\u00f3 ha d\u2019exercir un paper clau.<\/p>\n","protected":false},"excerpt":{"rendered":"<p>TORRALBA, FRANCESC<\/p>\n","protected":false},"featured_media":319449,"template":"","meta":{"_acf_changed":false,"om_disable_all_campaigns":false,"rs_blank_template":"","rs_page_bg_color":"","slide_template_v7":"","inline_featured_image":false,"_monsterinsights_skip_tracking":false,"_monsterinsights_sitenote_active":false,"_monsterinsights_sitenote_note":"","_monsterinsights_sitenote_category":0},"product_brand":[],"product_cat":[84,350],"product_tag":[],"class_list":{"0":"post-319448","1":"product","2":"type-product","3":"status-publish","4":"has-post-thumbnail","6":"product_cat-sociologia","7":"product_cat-sociologia-2_humanidades","9":"first","10":"instock","11":"taxable","12":"shipping-taxable","13":"purchasable","14":"product-type-simple"},"acf":{"editorial":[{"ID":261871,"post_author":"3","post_date":"2022-10-24 11:16:55","post_date_gmt":"2022-10-24 09:16:55","post_content":"","post_title":"BROMERA, EDICIONS","post_excerpt":"","post_status":"publish","comment_status":"closed","ping_status":"closed","post_password":"","post_name":"bromera-edicions","to_ping":"","pinged":"","post_modified":"2022-10-24 11:16:55","post_modified_gmt":"2022-10-24 09:16:55","post_content_filtered":"","post_parent":0,"guid":"http:\/\/dev.claret.cat\/editorial\/bromera-edicions\/","menu_order":0,"post_type":"editorial","post_mime_type":"","comment_count":"0","filter":"raw"}],"autores-libros":[{"ID":319447,"post_author":"3","post_date":"2023-01-02 23:13:31","post_date_gmt":"2023-01-02 22:13:31","post_content":"","post_title":"TORRALBA, FRANCESC","post_excerpt":"","post_status":"publish","comment_status":"closed","ping_status":"closed","post_password":"","post_name":"torralba-francesc-6","to_ping":"","pinged":"","post_modified":"2023-01-02 23:13:31","post_modified_gmt":"2023-01-02 22:13:31","post_content_filtered":"","post_parent":0,"guid":"https:\/\/www.claret.cat\/autor\/torralba-francesc-6\/","menu_order":0,"post_type":"autor","post_mime_type":"","comment_count":"0","filter":"raw"}],"autor":"TORRALBA, FRANCESC","codart":"849026598","libros-coleccion":"","ediciones":"1","encuadernacion":"R\u00fastica","fecha_de_publicacion":"01\/03\/2016","novedad":"0","paginas":"211","subtitulo":"","orden":"999","portada":"0","idioma":"cat"},"aioseo_notices":[],"_links":{"self":[{"href":"https:\/\/www.claret.cat\/es\/wp-json\/wp\/v2\/product\/319448","targetHints":{"allow":["GET"]}}],"collection":[{"href":"https:\/\/www.claret.cat\/es\/wp-json\/wp\/v2\/product"}],"about":[{"href":"https:\/\/www.claret.cat\/es\/wp-json\/wp\/v2\/types\/product"}],"wp:featuredmedia":[{"embeddable":true,"href":"https:\/\/www.claret.cat\/es\/wp-json\/wp\/v2\/media\/319449"}],"wp:attachment":[{"href":"https:\/\/www.claret.cat\/es\/wp-json\/wp\/v2\/media?parent=319448"}],"wp:term":[{"taxonomy":"product_brand","embeddable":true,"href":"https:\/\/www.claret.cat\/es\/wp-json\/wp\/v2\/product_brand?post=319448"},{"taxonomy":"product_cat","embeddable":true,"href":"https:\/\/www.claret.cat\/es\/wp-json\/wp\/v2\/product_cat?post=319448"},{"taxonomy":"product_tag","embeddable":true,"href":"https:\/\/www.claret.cat\/es\/wp-json\/wp\/v2\/product_tag?post=319448"}],"curies":[{"name":"wp","href":"https:\/\/api.w.org\/{rel}","templated":true}]}}