{"id":319688,"date":"2023-01-02T23:31:57","date_gmt":"2023-01-02T22:31:57","guid":{"rendered":"https:\/\/www.claret.cat\/llibre\/excursions-amb-nens-per-les-terres-de-lebre-cat-9788490341469\/"},"modified":"2024-04-29T10:40:44","modified_gmt":"2024-04-29T08:40:44","slug":"excursions-amb-nens-per-les-terres-de-lebre-cat-9788490341469","status":"publish","type":"product","link":"https:\/\/www.claret.cat\/es\/libro\/excursions-amb-nens-per-les-terres-de-lebre-cat-9788490341469\/","title":{"rendered":"EXCURSIONS AMB NENS PER LES TERRES DE L&#8221;EBRE (CAT)"},"content":{"rendered":"<p>Excursions amb nens per les Terres de l&#8221;Ebre des d&#8221;una \u00e0rea de p\u00edcnic \u00e9s una guia f\u00e0cil i entenedora, que recull 12 itineraris per fer a peu i en BTT, assequibles per a totes les condicions f\u00edsiques i edats, especialment indicada per fer en fam\u00edlia. Amb aquest llibre podreu posar-vos en la pell d&#8221;un brigadista internacional en una trinxera de la Batalla de l&#8221;Ebre, resseguir les passes dels antics sirgadors que estiraven dels llaguts carregats de mercaderies Ebre amunt, endinsar-vos en bicicleta, llanterna en m\u00e0, en t\u00fanels excavats enmig de la muntanya o descobrir pintades fetes fa desenes de milers d&#8221;anys pels ca\u00e7adors del Paleol\u00edtic. <br \/> \u00a0Totes les rutes proposades tenen com a nexe una \u00e0rea de p\u00edcnic, origen i dest\u00ed des d&#8221;on emprendre l&#8221;aventura o refer forces despr\u00e9s d&#8221;una jornada d&#8221;acci\u00f3, amb una acurada descripci\u00f3 dels seus equipaments i serveis, la manera d&#8221;accedir-hi o els tel\u00e8fons de contacte.<\/p>\n","protected":false},"excerpt":{"rendered":"<p>VASTENAVOND, BARBARA \/ SERVENT ARRAC\u00d3, RAFAEL<\/p>\n","protected":false},"featured_media":319689,"template":"","meta":{"_acf_changed":false,"om_disable_all_campaigns":false,"rs_blank_template":"","rs_page_bg_color":"","slide_template_v7":"","inline_featured_image":false,"_monsterinsights_skip_tracking":false,"_monsterinsights_sitenote_active":false,"_monsterinsights_sitenote_note":"","_monsterinsights_sitenote_category":0},"product_brand":[],"product_cat":[557,107],"product_tag":[],"class_list":{"0":"post-319688","1":"product","2":"type-product","3":"status-publish","4":"has-post-thumbnail","6":"product_cat-guias-de-viaje","7":"product_cat-guies-de-viatge","9":"first","10":"instock","11":"taxable","12":"shipping-taxable","13":"purchasable","14":"product-type-simple"},"acf":{"editorial":[{"ID":6171,"post_author":"3","post_date":"2022-07-28 17:46:25","post_date_gmt":"2022-07-28 15:46:25","post_content":"","post_title":"COSSETANIA EDICIONS","post_excerpt":"","post_status":"publish","comment_status":"closed","ping_status":"closed","post_password":"","post_name":"cossetania-edicions","to_ping":"","pinged":"","post_modified":"2022-07-28 17:46:25","post_modified_gmt":"2022-07-28 15:46:25","post_content_filtered":"","post_parent":0,"guid":"http:\/\/dev.claret.cat\/editorial\/cossetania-edicions\/","menu_order":0,"post_type":"editorial","post_mime_type":"","comment_count":"0","filter":"raw"}],"autores-libros":[{"ID":301250,"post_author":"3","post_date":"2022-12-16 02:48:08","post_date_gmt":"2022-12-16 01:48:08","post_content":"","post_title":"BARBARA VASTENAVOND","post_excerpt":"","post_status":"publish","comment_status":"closed","ping_status":"closed","post_password":"","post_name":"barbara-vastenavond","to_ping":"","pinged":"","post_modified":"2022-12-16 02:48:08","post_modified_gmt":"2022-12-16 01:48:08","post_content_filtered":"","post_parent":0,"guid":"http:\/\/dev.claret.cat\/autor\/barbara-vastenavond\/","menu_order":0,"post_type":"autor","post_mime_type":"","comment_count":"0","filter":"raw"},{"ID":301251,"post_author":"3","post_date":"2022-12-16 02:48:10","post_date_gmt":"2022-12-16 01:48:10","post_content":"","post_title":"RAFAEL SERVENT ARRAC\u00d3","post_excerpt":"","post_status":"publish","comment_status":"closed","ping_status":"closed","post_password":"","post_name":"rafael-servent-arraco","to_ping":"","pinged":"","post_modified":"2022-12-16 02:48:10","post_modified_gmt":"2022-12-16 01:48:10","post_content_filtered":"","post_parent":0,"guid":"http:\/\/dev.claret.cat\/autor\/rafael-servent-arraco\/","menu_order":0,"post_type":"autor","post_mime_type":"","comment_count":"0","filter":"raw"}],"autor":"VASTENAVOND, BARBARA \/ SERVENT ARRAC\u00d3, RAFAEL","codart":"849034146","libros-coleccion":"","ediciones":"1","encuadernacion":"R\u00fastica","fecha_de_publicacion":"01\/05\/2013","novedad":"0","paginas":"60","subtitulo":"","orden":"999","portada":"0","idioma":"cat"},"aioseo_notices":[],"_links":{"self":[{"href":"https:\/\/www.claret.cat\/es\/wp-json\/wp\/v2\/product\/319688","targetHints":{"allow":["GET"]}}],"collection":[{"href":"https:\/\/www.claret.cat\/es\/wp-json\/wp\/v2\/product"}],"about":[{"href":"https:\/\/www.claret.cat\/es\/wp-json\/wp\/v2\/types\/product"}],"wp:featuredmedia":[{"embeddable":true,"href":"https:\/\/www.claret.cat\/es\/wp-json\/wp\/v2\/media\/319689"}],"wp:attachment":[{"href":"https:\/\/www.claret.cat\/es\/wp-json\/wp\/v2\/media?parent=319688"}],"wp:term":[{"taxonomy":"product_brand","embeddable":true,"href":"https:\/\/www.claret.cat\/es\/wp-json\/wp\/v2\/product_brand?post=319688"},{"taxonomy":"product_cat","embeddable":true,"href":"https:\/\/www.claret.cat\/es\/wp-json\/wp\/v2\/product_cat?post=319688"},{"taxonomy":"product_tag","embeddable":true,"href":"https:\/\/www.claret.cat\/es\/wp-json\/wp\/v2\/product_tag?post=319688"}],"curies":[{"name":"wp","href":"https:\/\/api.w.org\/{rel}","templated":true}]}}