{"id":31969,"date":"2022-10-02T12:00:04","date_gmt":"2022-10-02T10:00:04","guid":{"rendered":"http:\/\/dev.claret.cat\/producte\/turbulencies-i-tribulacions\/"},"modified":"2024-01-31T20:13:49","modified_gmt":"2024-01-31T19:13:49","slug":"turbulencies-i-tribulacions-9788429776577","status":"publish","type":"product","link":"https:\/\/www.claret.cat\/es\/libro\/turbulencies-i-tribulacions-9788429776577\/","title":{"rendered":"TURBUL\u00c8NCIES I TRIBULACIONS"},"content":{"rendered":"<p>Al llarg de quatre anys, des del 2011 al 2015, la gesti\u00f3 econ\u00f2mica catalana va recaure en el conseller Andreu Mas-Colell i el seu equip m\u00e9s pr\u00f2xim, l\u2019Albert Carreras, secretari d\u2019economia, i l\u2019Ivan Planas.<br \/>Aquesta obra \u00e9s una cr\u00f2nica amb passi\u00f3 sobre les penes i les feines, tamb\u00e9 les satisfaccions, de la gesti\u00f3 econ\u00f2mica durant aquest temps. Des de l\u2019her\u00e8ncia i el repte amb qu\u00e8 es van trobar fins a un balan\u00e7 del que es va realitzar, amb les pol\u00edtiques i els fets que van haver de viure en primera persona, amb els complicats reajustaments i retallades, els estira-i-arronses i les negociacions constants, massa vegades sense resposta, amb Madrid.<\/p>\n","protected":false},"excerpt":{"rendered":"<p>MAS-COLELL, ANDREU \/ CARRERAS, ALBERT \/ PLANAS, IVAN<\/p>\n","protected":false},"featured_media":71150,"template":"","meta":{"_acf_changed":false,"om_disable_all_campaigns":false,"rs_blank_template":"","rs_page_bg_color":"","slide_template_v7":"","inline_featured_image":false,"_monsterinsights_skip_tracking":false,"_monsterinsights_sitenote_active":false,"_monsterinsights_sitenote_note":"","_monsterinsights_sitenote_category":0},"product_brand":[],"product_cat":[85,351],"product_tag":[],"class_list":{"0":"post-31969","1":"product","2":"type-product","3":"status-publish","4":"has-post-thumbnail","6":"product_cat-historia","7":"product_cat-historia-2_humanidades","9":"first","10":"instock","11":"taxable","12":"shipping-taxable","13":"purchasable","14":"product-type-simple"},"acf":{"autor":"MAS-COLELL, ANDREU \/ CARRERAS, ALBERT \/ PLANAS, IVAN","codart":"842977657","libros-coleccion":"Gadir Selecci\u00f3n","ediciones":"1","encuadernacion":"R\u00fastica","fecha_de_publicacion":"01\/03\/2018","novedad":"1","paginas":"352","subtitulo":"ELS ANYS DE LES RETALLADES","orden":"0","portada":"0","idioma":"cat","editorial":[{"ID":6210,"post_author":"3","post_date":"2022-07-28 17:47:13","post_date_gmt":"2022-07-28 15:47:13","post_content":"","post_title":"Edicions 62","post_excerpt":"","post_status":"publish","comment_status":"closed","ping_status":"closed","post_password":"","post_name":"edicions-62","to_ping":"","pinged":"","post_modified":"2022-07-28 17:47:13","post_modified_gmt":"2022-07-28 15:47:13","post_content_filtered":"","post_parent":0,"guid":"http:\/\/dev.claret.cat\/editorial\/edicions-62\/","menu_order":0,"post_type":"editorial","post_mime_type":"","comment_count":"0","filter":"raw"}],"autores-libros":[{"ID":150300,"post_author":"3","post_date":"2022-10-14 14:31:50","post_date_gmt":"2022-10-14 12:31:50","post_content":"","post_title":"ANDREU MAS-COLELL","post_excerpt":"","post_status":"publish","comment_status":"closed","ping_status":"closed","post_password":"","post_name":"andreu-mas-colell","to_ping":"","pinged":"","post_modified":"2022-10-14 14:31:50","post_modified_gmt":"2022-10-14 12:31:50","post_content_filtered":"","post_parent":0,"guid":"http:\/\/dev.claret.cat\/autor\/andreu-mas-colell\/","menu_order":0,"post_type":"autor","post_mime_type":"","comment_count":"0","filter":"raw"},{"ID":158173,"post_author":"3","post_date":"2022-10-14 15:34:44","post_date_gmt":"2022-10-14 13:34:44","post_content":"","post_title":"IVAN PLANAS","post_excerpt":"","post_status":"publish","comment_status":"closed","ping_status":"closed","post_password":"","post_name":"ivan-planas","to_ping":"","pinged":"","post_modified":"2022-10-14 15:34:44","post_modified_gmt":"2022-10-14 13:34:44","post_content_filtered":"","post_parent":0,"guid":"http:\/\/dev.claret.cat\/autor\/ivan-planas\/","menu_order":0,"post_type":"autor","post_mime_type":"","comment_count":"0","filter":"raw"},{"ID":149406,"post_author":"3","post_date":"2022-10-14 14:24:36","post_date_gmt":"2022-10-14 12:24:36","post_content":"","post_title":"ALBERT CARRERAS","post_excerpt":"","post_status":"publish","comment_status":"closed","ping_status":"closed","post_password":"","post_name":"albert-carreras","to_ping":"","pinged":"","post_modified":"2022-10-14 14:24:36","post_modified_gmt":"2022-10-14 12:24:36","post_content_filtered":"","post_parent":0,"guid":"http:\/\/dev.claret.cat\/autor\/albert-carreras\/","menu_order":0,"post_type":"autor","post_mime_type":"","comment_count":"0","filter":"raw"}]},"aioseo_notices":[],"_links":{"self":[{"href":"https:\/\/www.claret.cat\/es\/wp-json\/wp\/v2\/product\/31969","targetHints":{"allow":["GET"]}}],"collection":[{"href":"https:\/\/www.claret.cat\/es\/wp-json\/wp\/v2\/product"}],"about":[{"href":"https:\/\/www.claret.cat\/es\/wp-json\/wp\/v2\/types\/product"}],"wp:featuredmedia":[{"embeddable":true,"href":"https:\/\/www.claret.cat\/es\/wp-json\/wp\/v2\/media\/71150"}],"wp:attachment":[{"href":"https:\/\/www.claret.cat\/es\/wp-json\/wp\/v2\/media?parent=31969"}],"wp:term":[{"taxonomy":"product_brand","embeddable":true,"href":"https:\/\/www.claret.cat\/es\/wp-json\/wp\/v2\/product_brand?post=31969"},{"taxonomy":"product_cat","embeddable":true,"href":"https:\/\/www.claret.cat\/es\/wp-json\/wp\/v2\/product_cat?post=31969"},{"taxonomy":"product_tag","embeddable":true,"href":"https:\/\/www.claret.cat\/es\/wp-json\/wp\/v2\/product_tag?post=31969"}],"curies":[{"name":"wp","href":"https:\/\/api.w.org\/{rel}","templated":true}]}}