{"id":319947,"date":"2023-01-02T23:48:04","date_gmt":"2023-01-02T22:48:04","guid":{"rendered":"https:\/\/www.claret.cat\/llibre\/jaume-i-9788490344026\/"},"modified":"2023-01-28T04:22:54","modified_gmt":"2023-01-28T03:22:54","slug":"jaume-i-9788490344026","status":"publish","type":"product","link":"https:\/\/www.claret.cat\/es\/libro\/jaume-i-9788490344026\/","title":{"rendered":"JAUME I"},"content":{"rendered":"<p>Fa molt i molt de temps Catalunya vivia temps dif\u00edcils. Necessitava alg\u00fa amb valentia i determinaci\u00f3, i un home va acudir al seu rescat. Aquest home era un rei, Dom Jaume, a qui avui el coneixem com Jaume I el Conqueridor. Gr\u00e0cies a les seves pol\u00edtiques, no nom\u00e9s va allunyar els enemics del pa\u00eds, sin\u00f3 que tamb\u00e9 en va eixamplar les fronteres. Va portar el catal\u00e0 a Mallorca i Val\u00e8ncia, i va fer que al Mediterrani hi oneg\u00e9s la senyera. Durant segles, els catalans n&#8221;han explicat les gestes generaci\u00f3 rere generaci\u00f3, i ara arribat el moment que les expliquem als m\u00e9s petits.<\/p>\n","protected":false},"excerpt":{"rendered":"<p>VELOY PLANAS, MARI\u00c0<\/p>\n","protected":false},"featured_media":319948,"template":"","meta":{"_acf_changed":false,"om_disable_all_campaigns":false,"rs_blank_template":"","rs_page_bg_color":"","slide_template_v7":"","inline_featured_image":false,"_monsterinsights_skip_tracking":false,"_monsterinsights_sitenote_active":false,"_monsterinsights_sitenote_note":"","_monsterinsights_sitenote_category":0},"product_brand":[],"product_cat":[86,352],"product_tag":[],"class_list":{"0":"post-319947","1":"product","2":"type-product","3":"status-publish","4":"has-post-thumbnail","6":"product_cat-infantil","7":"product_cat-infantil-3_infantil-juvenil-spa","9":"first","10":"instock","11":"taxable","12":"shipping-taxable","13":"purchasable","14":"product-type-simple"},"acf":{"editorial":[{"ID":6171,"post_author":"3","post_date":"2022-07-28 17:46:25","post_date_gmt":"2022-07-28 15:46:25","post_content":"","post_title":"COSSETANIA EDICIONS","post_excerpt":"","post_status":"publish","comment_status":"closed","ping_status":"closed","post_password":"","post_name":"cossetania-edicions","to_ping":"","pinged":"","post_modified":"2022-07-28 17:46:25","post_modified_gmt":"2022-07-28 15:46:25","post_content_filtered":"","post_parent":0,"guid":"http:\/\/dev.claret.cat\/editorial\/cossetania-edicions\/","menu_order":0,"post_type":"editorial","post_mime_type":"","comment_count":"0","filter":"raw"}],"autores-libros":[{"ID":163799,"post_author":"3","post_date":"2022-10-14 17:41:57","post_date_gmt":"2022-10-14 15:41:57","post_content":"","post_title":"MARI\u00c0 VELOY PLANAS","post_excerpt":"","post_status":"publish","comment_status":"closed","ping_status":"closed","post_password":"","post_name":"maria-veloy-planas","to_ping":"","pinged":"","post_modified":"2022-10-14 17:41:57","post_modified_gmt":"2022-10-14 15:41:57","post_content_filtered":"","post_parent":0,"guid":"http:\/\/dev.claret.cat\/autor\/maria-veloy-planas\/","menu_order":0,"post_type":"autor","post_mime_type":"","comment_count":"0","filter":"raw"}],"autor":"VELOY PLANAS, MARI\u00c0","codart":"849034402","libros-coleccion":"","ediciones":"1","encuadernacion":"R\u00fastica","fecha_de_publicacion":"16\/03\/2016","novedad":"0","paginas":"31","subtitulo":"","orden":"999","portada":"0","idioma":"cat"},"aioseo_notices":[],"_links":{"self":[{"href":"https:\/\/www.claret.cat\/es\/wp-json\/wp\/v2\/product\/319947","targetHints":{"allow":["GET"]}}],"collection":[{"href":"https:\/\/www.claret.cat\/es\/wp-json\/wp\/v2\/product"}],"about":[{"href":"https:\/\/www.claret.cat\/es\/wp-json\/wp\/v2\/types\/product"}],"wp:featuredmedia":[{"embeddable":true,"href":"https:\/\/www.claret.cat\/es\/wp-json\/wp\/v2\/media\/319948"}],"wp:attachment":[{"href":"https:\/\/www.claret.cat\/es\/wp-json\/wp\/v2\/media?parent=319947"}],"wp:term":[{"taxonomy":"product_brand","embeddable":true,"href":"https:\/\/www.claret.cat\/es\/wp-json\/wp\/v2\/product_brand?post=319947"},{"taxonomy":"product_cat","embeddable":true,"href":"https:\/\/www.claret.cat\/es\/wp-json\/wp\/v2\/product_cat?post=319947"},{"taxonomy":"product_tag","embeddable":true,"href":"https:\/\/www.claret.cat\/es\/wp-json\/wp\/v2\/product_tag?post=319947"}],"curies":[{"name":"wp","href":"https:\/\/api.w.org\/{rel}","templated":true}]}}