{"id":319986,"date":"2023-01-02T23:52:05","date_gmt":"2023-01-02T22:52:05","guid":{"rendered":"https:\/\/www.claret.cat\/llibre\/pirineus-50-indrets-que-no-et-pots-perdre-9788490344170\/"},"modified":"2023-01-28T10:52:08","modified_gmt":"2023-01-28T09:52:08","slug":"pirineus-50-indrets-que-no-et-pots-perdre-9788490344170","status":"publish","type":"product","link":"https:\/\/www.claret.cat\/es\/libro\/pirineus-50-indrets-que-no-et-pots-perdre-9788490344170\/","title":{"rendered":"PIRINEUS. 50 INDRETS QUE NO ET POTS PERDRE"},"content":{"rendered":"<p>Una muntanya m\u00e0gica i un estany amagat. Un pont penjant i un volc\u00e0 extingit. Gaudir d&#8221;una habitaci\u00f3 amb vistes a la glacera del Mont Perdut o passar la nit de Sant Joan esperant el ball d&#8221;una princesa a la Bassa de la Mora. Els Pirineus ens ofereixen tot aix\u00f2 i molt m\u00e9s. En aquesta guia hi trobareu 50 excursiones per a tots els nivells, des de les passejades tranquil\u00b7les per alguns dels boscos m\u00e9s bells d&#8221;Europa fins a les ascensions als gegants de la serralada. Si en l&#8221;anterior llibre Els Pirineus de cap a cap (GR-11) els autors feien la travessa integral de mar a mar, ara del que es tracta \u00e9s de visitar 50 indrets seleccionats des del Pa\u00eds Basc fins a Catalunya: fagedes i gorges, cascades i circs, i refugis que ens regalaran vetllades inoblidables sota les estrelles. 50 excursions per emportar-nos a casa el millor dels Pirineus.<\/p>\n","protected":false},"excerpt":{"rendered":"<p>VILADOT SANTAL\u00d3, MARTA<\/p>\n","protected":false},"featured_media":319987,"template":"","meta":{"_acf_changed":false,"om_disable_all_campaigns":false,"rs_blank_template":"","rs_page_bg_color":"","slide_template_v7":"","inline_featured_image":false,"_monsterinsights_skip_tracking":false,"_monsterinsights_sitenote_active":false,"_monsterinsights_sitenote_note":"","_monsterinsights_sitenote_category":0},"product_brand":[],"product_cat":[557,107,105,555],"product_tag":[],"class_list":{"0":"post-319986","1":"product","2":"type-product","3":"status-publish","4":"has-post-thumbnail","6":"product_cat-guias-de-viaje","7":"product_cat-guies-de-viatge","8":"product_cat-regal","9":"product_cat-regalo","11":"first","12":"instock","13":"taxable","14":"shipping-taxable","15":"purchasable","16":"product-type-simple"},"acf":{"editorial":[{"ID":6171,"post_author":"3","post_date":"2022-07-28 17:46:25","post_date_gmt":"2022-07-28 15:46:25","post_content":"","post_title":"COSSETANIA EDICIONS","post_excerpt":"","post_status":"publish","comment_status":"closed","ping_status":"closed","post_password":"","post_name":"cossetania-edicions","to_ping":"","pinged":"","post_modified":"2022-07-28 17:46:25","post_modified_gmt":"2022-07-28 15:46:25","post_content_filtered":"","post_parent":0,"guid":"http:\/\/dev.claret.cat\/editorial\/cossetania-edicions\/","menu_order":0,"post_type":"editorial","post_mime_type":"","comment_count":"0","filter":"raw"}],"autores-libros":[{"ID":319985,"post_author":"3","post_date":"2023-01-02 23:52:03","post_date_gmt":"2023-01-02 22:52:03","post_content":"","post_title":"MARTA VILADOT SANTALO","post_excerpt":"","post_status":"publish","comment_status":"closed","ping_status":"closed","post_password":"","post_name":"marta-viladot-santalo","to_ping":"","pinged":"","post_modified":"2023-01-02 23:52:03","post_modified_gmt":"2023-01-02 22:52:03","post_content_filtered":"","post_parent":0,"guid":"https:\/\/www.claret.cat\/autor\/marta-viladot-santalo\/","menu_order":0,"post_type":"autor","post_mime_type":"","comment_count":"0","filter":"raw"}],"autor":"VILADOT SANTAL\u00d3, MARTA","codart":"849034417","libros-coleccion":"","ediciones":"1","encuadernacion":"Carton\u00e9","fecha_de_publicacion":"25\/02\/2016","novedad":"0","paginas":"120","subtitulo":"","orden":"999","portada":"0","idioma":"cat"},"aioseo_notices":[],"_links":{"self":[{"href":"https:\/\/www.claret.cat\/es\/wp-json\/wp\/v2\/product\/319986","targetHints":{"allow":["GET"]}}],"collection":[{"href":"https:\/\/www.claret.cat\/es\/wp-json\/wp\/v2\/product"}],"about":[{"href":"https:\/\/www.claret.cat\/es\/wp-json\/wp\/v2\/types\/product"}],"wp:featuredmedia":[{"embeddable":true,"href":"https:\/\/www.claret.cat\/es\/wp-json\/wp\/v2\/media\/319987"}],"wp:attachment":[{"href":"https:\/\/www.claret.cat\/es\/wp-json\/wp\/v2\/media?parent=319986"}],"wp:term":[{"taxonomy":"product_brand","embeddable":true,"href":"https:\/\/www.claret.cat\/es\/wp-json\/wp\/v2\/product_brand?post=319986"},{"taxonomy":"product_cat","embeddable":true,"href":"https:\/\/www.claret.cat\/es\/wp-json\/wp\/v2\/product_cat?post=319986"},{"taxonomy":"product_tag","embeddable":true,"href":"https:\/\/www.claret.cat\/es\/wp-json\/wp\/v2\/product_tag?post=319986"}],"curies":[{"name":"wp","href":"https:\/\/api.w.org\/{rel}","templated":true}]}}