{"id":32006,"date":"2022-10-02T12:00:47","date_gmt":"2022-10-02T10:00:47","guid":{"rendered":"http:\/\/dev.claret.cat\/producte\/una-pasion-rusa\/"},"modified":"2023-01-28T06:46:06","modified_gmt":"2023-01-28T05:46:06","slug":"una-pasion-rusa-9788467045178","status":"publish","type":"product","link":"https:\/\/www.claret.cat\/es\/libro\/una-pasion-rusa-9788467045178\/","title":{"rendered":"UNA PASI\u00d3N RUSA"},"content":{"rendered":"<p>Una pasi\u00f3n rusa novela con ambici\u00f3n y garra la impresionante trayectoria vital de una mujer tan fascinante como desconocida: la cantante espa\u00f1ola Lina Codina (Madrid, 1897 ? Londres, 1989), que fue musa y esposa del genial compositor ruso Sergu\u00e9i Prokofiev. Sus primeros a\u00f1os de matrimonio transcurrieron en el Par\u00eds de las vanguardias, donde la pareja formaba parte del c\u00edrculo m\u00e1s exclusivo de intelectuales y artistas. Todo cambi\u00f3, sin embargo, a ra\u00edz de la decisi\u00f3n de Prokofiev de regresar a la Uni\u00f3n Sovi\u00e9tica. Aunque fueron recibidos con los m\u00e1s altos honores, con el tiempo empezaron a sufrir las insidias del r\u00e9gimen estalinista y el deterioro de su relaci\u00f3n. Al terminar la Guerra Mundial, Lina fue acusada falsamente y, sin que nadie pudiera hacer nada por salvarla, fue enviada al gulag, donde permaneci\u00f3 hasta la muerte de Stalin. En definitiva, desde lo m\u00e1s sublime al mism\u00edsimo infierno, la de Lina fue una vida de novela, marcada por el amor, la tragedia y la capacidad de resistencia.http:\/\/bit.ly\/1C1n9YU<\/p>\n","protected":false},"excerpt":{"rendered":"<p>MONFORTE, REYES<\/p>\n","protected":false},"featured_media":76960,"template":"","meta":{"_acf_changed":false,"om_disable_all_campaigns":false,"rs_blank_template":"","rs_page_bg_color":"","slide_template_v7":"","inline_featured_image":false,"_monsterinsights_skip_tracking":false,"_monsterinsights_sitenote_active":false,"_monsterinsights_sitenote_note":"","_monsterinsights_sitenote_category":0},"product_brand":[],"product_cat":[87],"product_tag":[],"class_list":{"0":"post-32006","1":"product","2":"type-product","3":"status-publish","4":"has-post-thumbnail","6":"product_cat-literatura","8":"first","9":"instock","10":"taxable","11":"shipping-taxable","12":"purchasable","13":"product-type-simple"},"acf":{"autor":"MONFORTE, REYES","codart":"846704517","libros-coleccion":"","ediciones":"1","encuadernacion":"Carton\u00e9","fecha_de_publicacion":"01\/08\/2015","novedad":"0","paginas":"590","subtitulo":"PREMIO DE NOVELA HIST\u00d3RICA ALFONSO X EL SABIO 2015","orden":"999","portada":"0","idioma":"spa","editorial":[{"ID":6247,"post_author":"3","post_date":"2022-07-28 17:48:06","post_date_gmt":"2022-07-28 15:48:06","post_content":"","post_title":"ESPASA, EDITORIAL","post_excerpt":"","post_status":"publish","comment_status":"closed","ping_status":"closed","post_password":"","post_name":"espasa-editorial","to_ping":"","pinged":"","post_modified":"2022-07-28 17:48:06","post_modified_gmt":"2022-07-28 15:48:06","post_content_filtered":"","post_parent":0,"guid":"http:\/\/dev.claret.cat\/editorial\/espasa-editorial\/","menu_order":0,"post_type":"editorial","post_mime_type":"","comment_count":"0","filter":"raw"}],"autores-libros":[{"ID":5976,"post_author":"3","post_date":"2022-07-28 17:35:31","post_date_gmt":"2022-07-28 15:35:31","post_content":"","post_title":"REYES MONFORTE","post_excerpt":"","post_status":"publish","comment_status":"closed","ping_status":"closed","post_password":"","post_name":"reyes-monforte","to_ping":"","pinged":"","post_modified":"2022-07-28 17:35:31","post_modified_gmt":"2022-07-28 15:35:31","post_content_filtered":"","post_parent":0,"guid":"http:\/\/dev.claret.cat\/autor\/reyes-monforte\/","menu_order":0,"post_type":"autor","post_mime_type":"","comment_count":"0","filter":"raw"}]},"aioseo_notices":[],"_links":{"self":[{"href":"https:\/\/www.claret.cat\/es\/wp-json\/wp\/v2\/product\/32006","targetHints":{"allow":["GET"]}}],"collection":[{"href":"https:\/\/www.claret.cat\/es\/wp-json\/wp\/v2\/product"}],"about":[{"href":"https:\/\/www.claret.cat\/es\/wp-json\/wp\/v2\/types\/product"}],"wp:featuredmedia":[{"embeddable":true,"href":"https:\/\/www.claret.cat\/es\/wp-json\/wp\/v2\/media\/76960"}],"wp:attachment":[{"href":"https:\/\/www.claret.cat\/es\/wp-json\/wp\/v2\/media?parent=32006"}],"wp:term":[{"taxonomy":"product_brand","embeddable":true,"href":"https:\/\/www.claret.cat\/es\/wp-json\/wp\/v2\/product_brand?post=32006"},{"taxonomy":"product_cat","embeddable":true,"href":"https:\/\/www.claret.cat\/es\/wp-json\/wp\/v2\/product_cat?post=32006"},{"taxonomy":"product_tag","embeddable":true,"href":"https:\/\/www.claret.cat\/es\/wp-json\/wp\/v2\/product_tag?post=32006"}],"curies":[{"name":"wp","href":"https:\/\/api.w.org\/{rel}","templated":true}]}}