{"id":32018,"date":"2022-10-02T12:00:58","date_gmt":"2022-10-02T10:00:58","guid":{"rendered":"http:\/\/dev.claret.cat\/producte\/mi-mama-me-mima-spa\/"},"modified":"2023-01-28T19:50:27","modified_gmt":"2023-01-28T18:50:27","slug":"mi-mama-me-mima-spa-9788467045376","status":"publish","type":"product","link":"https:\/\/www.claret.cat\/es\/libro\/mi-mama-me-mima-spa-9788467045376\/","title":{"rendered":"MI MAM\u00c1 ME MIMA (SPA)"},"content":{"rendered":"<p>\u00bfQui\u00e9n no recuerda las meriendas de pan y chocolate,\u00a0las tardes de deberes en la cocina de formica o los programas\u00a0de televisi\u00f3n en blanco y negro?Muchos de aquellos momentos se compart\u00edan con Rubio,\u00a0los cuadernos que nos ense\u00f1aron los primeros n\u00fameros\u00a0y las primeras letras.Mi mam\u00e1 me mima es un viaje a nuestra infancia.\u00a0Un recorrido nost\u00e1lgico a trav\u00e9s de la caligraf\u00eda y el c\u00e1lculo\u00a0que nos traslada a los mejores a\u00f1os de nuestra vida. La historia\u00a0de varias generaciones que se forjaron un camino\u00a0de la mano de Cuadernos Rubio.<\/p>\n","protected":false},"excerpt":{"rendered":"<p>CUADERNOS RUBIO<\/p>\n","protected":false},"featured_media":76696,"template":"","meta":{"_acf_changed":false,"om_disable_all_campaigns":false,"rs_blank_template":"","rs_page_bg_color":"","slide_template_v7":"","inline_featured_image":false,"_monsterinsights_skip_tracking":false,"_monsterinsights_sitenote_active":false,"_monsterinsights_sitenote_note":"","_monsterinsights_sitenote_category":0},"product_brand":[],"product_cat":[16],"product_tag":[],"class_list":{"0":"post-32018","1":"product","2":"type-product","3":"status-publish","4":"has-post-thumbnail","6":"product_cat-sense-categoria","8":"first","9":"instock","10":"taxable","11":"shipping-taxable","12":"purchasable","13":"product-type-simple"},"acf":{"autor":"CUADERNOS RUBIO","codart":"846704537","libros-coleccion":"","ediciones":"1","encuadernacion":"Carton\u00e9","fecha_de_publicacion":"01\/10\/2015","novedad":"0","paginas":"255","subtitulo":"LAS LETRAS Y LOS N\u00daMEROS DE NUESTRA INFANCIA","orden":"999","portada":"0","idioma":"spa","editorial":[{"ID":6247,"post_author":"3","post_date":"2022-07-28 17:48:06","post_date_gmt":"2022-07-28 15:48:06","post_content":"","post_title":"ESPASA, EDITORIAL","post_excerpt":"","post_status":"publish","comment_status":"closed","ping_status":"closed","post_password":"","post_name":"espasa-editorial","to_ping":"","pinged":"","post_modified":"2022-07-28 17:48:06","post_modified_gmt":"2022-07-28 15:48:06","post_content_filtered":"","post_parent":0,"guid":"http:\/\/dev.claret.cat\/editorial\/espasa-editorial\/","menu_order":0,"post_type":"editorial","post_mime_type":"","comment_count":"0","filter":"raw"}],"autores-libros":[{"ID":153427,"post_author":"3","post_date":"2022-10-14 14:56:41","post_date_gmt":"2022-10-14 12:56:41","post_content":"","post_title":"CUADERNOS RUBIO","post_excerpt":"","post_status":"publish","comment_status":"closed","ping_status":"closed","post_password":"","post_name":"cuadernos-rubio","to_ping":"","pinged":"","post_modified":"2022-10-14 14:56:41","post_modified_gmt":"2022-10-14 12:56:41","post_content_filtered":"","post_parent":0,"guid":"http:\/\/dev.claret.cat\/autor\/cuadernos-rubio\/","menu_order":0,"post_type":"autor","post_mime_type":"","comment_count":"0","filter":"raw"}]},"aioseo_notices":[],"_links":{"self":[{"href":"https:\/\/www.claret.cat\/es\/wp-json\/wp\/v2\/product\/32018","targetHints":{"allow":["GET"]}}],"collection":[{"href":"https:\/\/www.claret.cat\/es\/wp-json\/wp\/v2\/product"}],"about":[{"href":"https:\/\/www.claret.cat\/es\/wp-json\/wp\/v2\/types\/product"}],"wp:featuredmedia":[{"embeddable":true,"href":"https:\/\/www.claret.cat\/es\/wp-json\/wp\/v2\/media\/76696"}],"wp:attachment":[{"href":"https:\/\/www.claret.cat\/es\/wp-json\/wp\/v2\/media?parent=32018"}],"wp:term":[{"taxonomy":"product_brand","embeddable":true,"href":"https:\/\/www.claret.cat\/es\/wp-json\/wp\/v2\/product_brand?post=32018"},{"taxonomy":"product_cat","embeddable":true,"href":"https:\/\/www.claret.cat\/es\/wp-json\/wp\/v2\/product_cat?post=32018"},{"taxonomy":"product_tag","embeddable":true,"href":"https:\/\/www.claret.cat\/es\/wp-json\/wp\/v2\/product_tag?post=32018"}],"curies":[{"name":"wp","href":"https:\/\/api.w.org\/{rel}","templated":true}]}}