{"id":320564,"date":"2023-01-03T00:28:35","date_gmt":"2023-01-02T23:28:35","guid":{"rendered":"https:\/\/www.claret.cat\/llibre\/guia-de-plantes-medicinals-dels-paisos-catalans-9788490348383\/"},"modified":"2023-01-28T13:26:31","modified_gmt":"2023-01-28T12:26:31","slug":"guia-de-plantes-medicinals-dels-paisos-catalans-9788490348383","status":"publish","type":"product","link":"https:\/\/www.claret.cat\/es\/libro\/guia-de-plantes-medicinals-dels-paisos-catalans-9788490348383\/","title":{"rendered":"GUIA DE PLANTES MEDICINALS DELS PA\u00cfSOS CATALANS"},"content":{"rendered":"<p>En aquest llibre hi trobarem descrites i localitzades 64 plantes medicinals aut\u00f2ctones, que s&#8217;han escollit per ser molt corrents a casa nostra i per estar acceptades com a plantes medicinals utilitzables, segons l&#8217;OMS i l&#8217;ESCOP, entre d&#8217;altres. Cadascuna de les plantes inclou els apartats referents als principis actius, l&#8217;activitat farmacol\u00f2gica, la posologia i les precaucions que cal tenir en compte abans de prendre-les, i s&#8217;explica la seva utilitat en relaci\u00f3 a l&#8217;alleugeriment de certes malalties lleus. Es facilita la informaci\u00f3 bot\u00e0nica necess\u00e0ria per identificar les plantes medicinals en cada cas, un pretext per acostar les persones al nostre m\u00f3n natural. Tamb\u00e9 s&#8217;inclouen nou plantes ex\u00f2tiques d&#8217;\u00fas recomanat per farmac\u00e8utics i herbolaris, que s&#8217;han popularitzat darrerament. Es tracta d&#8217;un llibre molt \u00fatil, amb molta informaci\u00f3 fiable, acompanyat d&#8217;excel\u00b7lents dibuixos i fotografies que ajuden a identificar les esp\u00e8cies descrites. No us el deixeu perdre!<\/p>\n","protected":false},"excerpt":{"rendered":"<p>DURAN DE GRAU, N\u00daRIA \/ MANONELLES FERN\u00c0NDEZ, MARIA \/ PASCUAL LLUVI\u00c0, RAMON<\/p>\n","protected":false},"featured_media":320565,"template":"","meta":{"_acf_changed":false,"om_disable_all_campaigns":false,"rs_blank_template":"","rs_page_bg_color":"","slide_template_v7":"","inline_featured_image":false,"_monsterinsights_skip_tracking":false,"_monsterinsights_sitenote_active":false,"_monsterinsights_sitenote_note":"","_monsterinsights_sitenote_category":0},"product_brand":[],"product_cat":[557,107,547,97],"product_tag":[],"class_list":{"0":"post-320564","1":"product","2":"type-product","3":"status-publish","4":"has-post-thumbnail","6":"product_cat-guias-de-viaje","7":"product_cat-guies-de-viatge","8":"product_cat-salud","9":"product_cat-salut","11":"first","12":"instock","13":"taxable","14":"shipping-taxable","15":"purchasable","16":"product-type-simple"},"acf":{"editorial":[{"ID":6171,"post_author":"3","post_date":"2022-07-28 17:46:25","post_date_gmt":"2022-07-28 15:46:25","post_content":"","post_title":"COSSETANIA EDICIONS","post_excerpt":"","post_status":"publish","comment_status":"closed","ping_status":"closed","post_password":"","post_name":"cossetania-edicions","to_ping":"","pinged":"","post_modified":"2022-07-28 17:46:25","post_modified_gmt":"2022-07-28 15:46:25","post_content_filtered":"","post_parent":0,"guid":"http:\/\/dev.claret.cat\/editorial\/cossetania-edicions\/","menu_order":0,"post_type":"editorial","post_mime_type":"","comment_count":"0","filter":"raw"}],"autores-libros":[{"ID":163698,"post_author":"3","post_date":"2022-10-14 17:41:07","post_date_gmt":"2022-10-14 15:41:07","post_content":"","post_title":"MARIA MANONELLES FERN\u00c1NDEZ","post_excerpt":"","post_status":"publish","comment_status":"closed","ping_status":"closed","post_password":"","post_name":"maria-manonelles-fernandez","to_ping":"","pinged":"","post_modified":"2022-10-14 17:41:07","post_modified_gmt":"2022-10-14 15:41:07","post_content_filtered":"","post_parent":0,"guid":"http:\/\/dev.claret.cat\/autor\/maria-manonelles-fernandez\/","menu_order":0,"post_type":"autor","post_mime_type":"","comment_count":"0","filter":"raw"},{"ID":167744,"post_author":"3","post_date":"2022-10-14 18:13:40","post_date_gmt":"2022-10-14 16:13:40","post_content":"","post_title":"RAMON PASCUAL LLUVIA","post_excerpt":"","post_status":"publish","comment_status":"closed","ping_status":"closed","post_password":"","post_name":"ramon-pascual-lluvia","to_ping":"","pinged":"","post_modified":"2022-10-14 18:13:40","post_modified_gmt":"2022-10-14 16:13:40","post_content_filtered":"","post_parent":0,"guid":"http:\/\/dev.claret.cat\/autor\/ramon-pascual-lluvia\/","menu_order":0,"post_type":"autor","post_mime_type":"","comment_count":"0","filter":"raw"},{"ID":166027,"post_author":"3","post_date":"2022-10-14 17:59:50","post_date_gmt":"2022-10-14 15:59:50","post_content":"","post_title":"NURIA DURAN DE GRAU","post_excerpt":"","post_status":"publish","comment_status":"closed","ping_status":"closed","post_password":"","post_name":"nuria-duran-de-grau","to_ping":"","pinged":"","post_modified":"2022-10-14 17:59:50","post_modified_gmt":"2022-10-14 15:59:50","post_content_filtered":"","post_parent":0,"guid":"http:\/\/dev.claret.cat\/autor\/nuria-duran-de-grau\/","menu_order":0,"post_type":"autor","post_mime_type":"","comment_count":"0","filter":"raw"}],"autor":"DURAN DE GRAU, N\u00daRIA \/ MANONELLES FERN\u00c0NDEZ, MARIA \/ PASCUAL LLUVI\u00c0, RAMON","codart":"849034838","libros-coleccion":"Guies de camp","ediciones":"1","encuadernacion":"R\u00fastica","fecha_de_publicacion":"01\/05\/2019","novedad":"1","paginas":"188","subtitulo":"","orden":"0","portada":"0","idioma":"cat"},"aioseo_notices":[],"_links":{"self":[{"href":"https:\/\/www.claret.cat\/es\/wp-json\/wp\/v2\/product\/320564","targetHints":{"allow":["GET"]}}],"collection":[{"href":"https:\/\/www.claret.cat\/es\/wp-json\/wp\/v2\/product"}],"about":[{"href":"https:\/\/www.claret.cat\/es\/wp-json\/wp\/v2\/types\/product"}],"wp:featuredmedia":[{"embeddable":true,"href":"https:\/\/www.claret.cat\/es\/wp-json\/wp\/v2\/media\/320565"}],"wp:attachment":[{"href":"https:\/\/www.claret.cat\/es\/wp-json\/wp\/v2\/media?parent=320564"}],"wp:term":[{"taxonomy":"product_brand","embeddable":true,"href":"https:\/\/www.claret.cat\/es\/wp-json\/wp\/v2\/product_brand?post=320564"},{"taxonomy":"product_cat","embeddable":true,"href":"https:\/\/www.claret.cat\/es\/wp-json\/wp\/v2\/product_cat?post=320564"},{"taxonomy":"product_tag","embeddable":true,"href":"https:\/\/www.claret.cat\/es\/wp-json\/wp\/v2\/product_tag?post=320564"}],"curies":[{"name":"wp","href":"https:\/\/api.w.org\/{rel}","templated":true}]}}