{"id":321085,"date":"2023-01-03T01:08:11","date_gmt":"2023-01-03T00:08:11","guid":{"rendered":"https:\/\/www.claret.cat\/llibre\/adolescents-i-lectura-el-binomi-fantastic-9788491910602\/"},"modified":"2024-05-23T02:21:43","modified_gmt":"2024-05-23T00:21:43","slug":"adolescents-i-lectura-el-binomi-fantastic-9788491910602","status":"publish","type":"product","link":"https:\/\/www.claret.cat\/es\/libro\/adolescents-i-lectura-el-binomi-fantastic-9788491910602\/","title":{"rendered":"ADOLESCENTS I LECTURA: EL BINOMI FANT\u00c0STIC"},"content":{"rendered":"<p>Des de fa d\u00e8cades s&#8217;ha escrit, i molt, a l&#8217;entorn de com acostar la lectura als m\u00e9s petits. Tot i aix\u00f2, l&#8217;aut\u00e8ntica pedra a la sabata de la p\u00e8rdua de l&#8217;h\u00e0bit lector s&#8217;esdev\u00e9 quan aquests lectors, amb un h\u00e0bit prou consolidat, arriben a l&#8217;adolesc\u00e8ncia. Aquest llibre afronta, de forma clara i precisa, el problema de la lectura durant l&#8217;adolesc\u00e8ncia. Estructurat en cap\u00edtols precisos i sense concessions, aquest volum ofereix una mirada completa de qu\u00e8 \u00e9s i qu\u00e8 suposa l&#8217;adolesc\u00e8ncia, tant des d&#8217;un punt de vista fisiol\u00f2gic com social. A m\u00e9s, proposa solucions al voltant de la lectura als instituts, en el si de la fam\u00edlia i la societat, i ofereix experi\u00e8ncies comprovades pels mateixos autors de com afronten el tema amb garantia d&#8217;\u00e8xit altres pa\u00efsos del nostre entorn. El llibre es complementa amb una s\u00e8rie de t\u00edtols b\u00e0sics que han reeixit entre els adolescents. Una publicaci\u00f3 necess\u00e0ria d&#8217;un tema de punyent actualitat.<\/p>\n","protected":false},"excerpt":{"rendered":"<p>PORTELL, JOAN; RUIZ, GISELA<\/p>\n","protected":false},"featured_media":361732,"template":"","meta":{"_acf_changed":false,"om_disable_all_campaigns":false,"rs_blank_template":"","rs_page_bg_color":"","slide_template_v7":"","inline_featured_image":false,"_monsterinsights_skip_tracking":false,"_monsterinsights_sitenote_active":false,"_monsterinsights_sitenote_note":"","_monsterinsights_sitenote_category":0},"product_brand":[],"product_cat":[100,550,348,82],"product_tag":[],"class_list":{"0":"post-321085","1":"product","2":"type-product","3":"status-publish","4":"has-post-thumbnail","6":"product_cat-escola-de-pares","7":"product_cat-escuela-de-padres-3_infantil-juvenil-spa-spa","8":"product_cat-pedagogia-2_humanidades","9":"product_cat-pedagogia","11":"first","12":"instock","13":"taxable","14":"shipping-taxable","15":"purchasable","16":"product-type-simple"},"acf":{"editorial":[{"ID":8266,"post_author":"3","post_date":"2022-09-30 09:21:36","post_date_gmt":"2022-09-30 07:21:36","post_content":"","post_title":"PUBLICACIONS DE L'ABADIA DE MONTSERRAT","post_excerpt":"","post_status":"publish","comment_status":"closed","ping_status":"closed","post_password":"","post_name":"publicacions-de-labadia-de-montserrat-5","to_ping":"","pinged":"","post_modified":"2022-09-30 09:21:36","post_modified_gmt":"2022-09-30 07:21:36","post_content_filtered":"","post_parent":0,"guid":"http:\/\/dev.claret.cat\/editorial\/publicacions-de-labadia-de-montserrat-5\/","menu_order":0,"post_type":"editorial","post_mime_type":"","comment_count":"0","filter":"raw"}],"autores-libros":[{"ID":156962,"post_author":"3","post_date":"2022-10-14 15:25:01","post_date_gmt":"2022-10-14 13:25:01","post_content":"","post_title":"GISELA RUIZ","post_excerpt":"","post_status":"publish","comment_status":"closed","ping_status":"closed","post_password":"","post_name":"gisela-ruiz","to_ping":"","pinged":"","post_modified":"2022-10-14 15:25:01","post_modified_gmt":"2022-10-14 13:25:01","post_content_filtered":"","post_parent":0,"guid":"http:\/\/dev.claret.cat\/autor\/gisela-ruiz\/","menu_order":0,"post_type":"autor","post_mime_type":"","comment_count":"0","filter":"raw"},{"ID":159394,"post_author":"3","post_date":"2022-10-14 15:44:29","post_date_gmt":"2022-10-14 13:44:29","post_content":"","post_title":"JOAN PORTELL","post_excerpt":"","post_status":"publish","comment_status":"closed","ping_status":"closed","post_password":"","post_name":"joan-portell","to_ping":"","pinged":"","post_modified":"2022-10-14 15:44:29","post_modified_gmt":"2022-10-14 13:44:29","post_content_filtered":"","post_parent":0,"guid":"http:\/\/dev.claret.cat\/autor\/joan-portell\/","menu_order":0,"post_type":"autor","post_mime_type":"","comment_count":"0","filter":"raw"}],"autor":"PORTELL, JOAN; RUIZ, GISELA","codart":"849191060","libros-coleccion":"Cr\u00e9ixer","ediciones":"1","encuadernacion":"R\u00fastica","fecha_de_publicacion":"29\/05\/2017","novedad":"1","paginas":"148","subtitulo":"O COM ACOSTAR, TREBALLAR I PROMOCIONAR LA LECTURA ENTRE ELS JOVES","orden":"0","portada":"0","idioma":"cat"},"aioseo_notices":[],"_links":{"self":[{"href":"https:\/\/www.claret.cat\/es\/wp-json\/wp\/v2\/product\/321085","targetHints":{"allow":["GET"]}}],"collection":[{"href":"https:\/\/www.claret.cat\/es\/wp-json\/wp\/v2\/product"}],"about":[{"href":"https:\/\/www.claret.cat\/es\/wp-json\/wp\/v2\/types\/product"}],"wp:featuredmedia":[{"embeddable":true,"href":"https:\/\/www.claret.cat\/es\/wp-json\/wp\/v2\/media\/361732"}],"wp:attachment":[{"href":"https:\/\/www.claret.cat\/es\/wp-json\/wp\/v2\/media?parent=321085"}],"wp:term":[{"taxonomy":"product_brand","embeddable":true,"href":"https:\/\/www.claret.cat\/es\/wp-json\/wp\/v2\/product_brand?post=321085"},{"taxonomy":"product_cat","embeddable":true,"href":"https:\/\/www.claret.cat\/es\/wp-json\/wp\/v2\/product_cat?post=321085"},{"taxonomy":"product_tag","embeddable":true,"href":"https:\/\/www.claret.cat\/es\/wp-json\/wp\/v2\/product_tag?post=321085"}],"curies":[{"name":"wp","href":"https:\/\/api.w.org\/{rel}","templated":true}]}}