{"id":321799,"date":"2023-01-03T02:56:20","date_gmt":"2023-01-03T01:56:20","guid":{"rendered":"https:\/\/www.claret.cat\/llibre\/el-lenguaje-del-cuerpo-9788497353694\/"},"modified":"2023-01-28T08:06:01","modified_gmt":"2023-01-28T07:06:01","slug":"el-lenguaje-del-cuerpo-9788497353694","status":"publish","type":"product","link":"https:\/\/www.claret.cat\/es\/libro\/el-lenguaje-del-cuerpo-9788497353694\/","title":{"rendered":"EL LENGUAJE DEL CUERPO"},"content":{"rendered":"<p>Aprende a interpretar el lenguaje corporal de los dem\u00e1s a trav\u00e9s de sus gestos, de la mano del N\u00ba1 del mundo en lenguaje corporal.<br \/> El libro examina en t\u00e9rminos muy sencillos todos los componentes del lenguaje y los gestos del cuerpo. El lenguaje corporal le har\u00e1 m\u00e1s consciente de sus indicios y se\u00f1ales no verbales y le ense\u00f1ar\u00e1 a utilizarlos para comunicarse con efectividad y obtener las reacciones que desee. <\/p>\n<p> Allan y Barbara Pease son expertos reconocidos internacionalmente en relaciones humanas y lenguaje del cuerpo.<br \/> A trav\u00e9s de este libro aprender\u00e1 a causar una impresi\u00f3n positiva en los dem\u00e1s.<br \/> De los mismos autores del best seller Por qu\u00e9 los hombres no escuchan y las mujeres no entienden los mapas<br \/> Los autores han vendido m\u00e1s de 20 millones de libros en todo el mundo.<\/p>\n","protected":false},"excerpt":{"rendered":"<p>PEASE, ALLAN \/ PEASE, BARBARA<\/p>\n","protected":false},"featured_media":321800,"template":"","meta":{"_acf_changed":false,"om_disable_all_campaigns":false,"rs_blank_template":"","rs_page_bg_color":"","slide_template_v7":"","inline_featured_image":false,"_monsterinsights_skip_tracking":false,"_monsterinsights_sitenote_active":false,"_monsterinsights_sitenote_note":"","_monsterinsights_sitenote_category":0},"product_brand":[],"product_cat":[81,347],"product_tag":[],"class_list":{"0":"post-321799","1":"product","2":"type-product","3":"status-publish","4":"has-post-thumbnail","6":"product_cat-psicologia","7":"product_cat-psicologia-2_humanidades","9":"first","10":"instock","11":"taxable","12":"shipping-taxable","13":"purchasable","14":"product-type-simple"},"acf":{"editorial":[{"ID":147420,"post_author":"3","post_date":"2022-10-14 11:50:26","post_date_gmt":"2022-10-14 09:50:26","post_content":"","post_title":"AMAT EDITORIAL","post_excerpt":"","post_status":"publish","comment_status":"closed","ping_status":"closed","post_password":"","post_name":"amat-editorial","to_ping":"","pinged":"","post_modified":"2022-10-14 11:50:26","post_modified_gmt":"2022-10-14 09:50:26","post_content_filtered":"","post_parent":0,"guid":"http:\/\/dev.claret.cat\/editorial\/amat-editorial\/","menu_order":0,"post_type":"editorial","post_mime_type":"","comment_count":"0","filter":"raw"}],"autores-libros":[{"ID":149885,"post_author":"3","post_date":"2022-10-14 14:28:28","post_date_gmt":"2022-10-14 12:28:28","post_content":"","post_title":"ALLAN PEASE","post_excerpt":"","post_status":"publish","comment_status":"closed","ping_status":"closed","post_password":"","post_name":"allan-pease","to_ping":"","pinged":"","post_modified":"2022-10-14 14:28:28","post_modified_gmt":"2022-10-14 12:28:28","post_content_filtered":"","post_parent":0,"guid":"http:\/\/dev.claret.cat\/autor\/allan-pease\/","menu_order":0,"post_type":"autor","post_mime_type":"","comment_count":"0","filter":"raw"},{"ID":151355,"post_author":"3","post_date":"2022-10-14 14:40:13","post_date_gmt":"2022-10-14 12:40:13","post_content":"","post_title":"BARBARA PEASE","post_excerpt":"","post_status":"publish","comment_status":"closed","ping_status":"closed","post_password":"","post_name":"barbara-pease","to_ping":"","pinged":"","post_modified":"2022-10-14 14:40:13","post_modified_gmt":"2022-10-14 12:40:13","post_content_filtered":"","post_parent":0,"guid":"http:\/\/dev.claret.cat\/autor\/barbara-pease\/","menu_order":0,"post_type":"autor","post_mime_type":"","comment_count":"0","filter":"raw"}],"autor":"PEASE, ALLAN \/ PEASE, BARBARA","codart":"849735369","libros-coleccion":"","ediciones":"1","encuadernacion":"R\u00fastica","fecha_de_publicacion":"01\/07\/2010","novedad":"0","paginas":"402","subtitulo":"C\u00d3MO INTERPRETAR A LOS DEM\u00c1S A TRAV\u00c9S DE SUS GESTOS","orden":"999","portada":"0","idioma":"spa"},"aioseo_notices":[],"_links":{"self":[{"href":"https:\/\/www.claret.cat\/es\/wp-json\/wp\/v2\/product\/321799","targetHints":{"allow":["GET"]}}],"collection":[{"href":"https:\/\/www.claret.cat\/es\/wp-json\/wp\/v2\/product"}],"about":[{"href":"https:\/\/www.claret.cat\/es\/wp-json\/wp\/v2\/types\/product"}],"wp:featuredmedia":[{"embeddable":true,"href":"https:\/\/www.claret.cat\/es\/wp-json\/wp\/v2\/media\/321800"}],"wp:attachment":[{"href":"https:\/\/www.claret.cat\/es\/wp-json\/wp\/v2\/media?parent=321799"}],"wp:term":[{"taxonomy":"product_brand","embeddable":true,"href":"https:\/\/www.claret.cat\/es\/wp-json\/wp\/v2\/product_brand?post=321799"},{"taxonomy":"product_cat","embeddable":true,"href":"https:\/\/www.claret.cat\/es\/wp-json\/wp\/v2\/product_cat?post=321799"},{"taxonomy":"product_tag","embeddable":true,"href":"https:\/\/www.claret.cat\/es\/wp-json\/wp\/v2\/product_tag?post=321799"}],"curies":[{"name":"wp","href":"https:\/\/api.w.org\/{rel}","templated":true}]}}