{"id":321815,"date":"2023-01-03T02:56:56","date_gmt":"2023-01-03T01:56:56","guid":{"rendered":"https:\/\/www.claret.cat\/llibre\/como-superar-la-ansiedad-y-la-depresion-9788497353755\/"},"modified":"2023-01-28T20:44:43","modified_gmt":"2023-01-28T19:44:43","slug":"como-superar-la-ansiedad-y-la-depresion-9788497353755","status":"publish","type":"product","link":"https:\/\/www.claret.cat\/es\/libro\/como-superar-la-ansiedad-y-la-depresion-9788497353755\/","title":{"rendered":"C\u00d3MO SUPERAR LA ANSIEDAD Y LA DEPRESI\u00d3N"},"content":{"rendered":"<p>UN INNOVADOR Y PODEROSO PROGRAMA PARA COMBATIR LA ANSIEDAD Y LA DEPRESI\u00d3N<\/p>\n<p> Este libro aporta al lector diversas herramientas poderosas para curar la ansiedad y la depresi\u00f3n.<br \/> Un programa nuevo, innovador, r\u00e1pido y orientado a la acci\u00f3n para tratar la ansiedad y la depresi\u00f3n suave y moderada.<br \/> El Dr. Luciani ha demostrado con tiempo y gracias a sus pacientes que su enfoque da resultado.<br \/> Aporta soluciones pr\u00e1cticas y f\u00e1ciles de llevar a cabo.<br \/> Supone una nueva visi\u00f3n que diverge de los enfoques y los programas de autoayuda terap\u00e9utica tradicionales.<\/p>\n<p> Tanto si padece ansiedad como depresi\u00f3n, este libro innovador le ense\u00f1ar\u00e1 c\u00f3mo modificar la forma de pensar y mejorar la vida. Utiliza el revolucionario concepto de la Autopreparaci\u00f3n, que consiste en unos sencillos pasos que ayudar\u00e1n a superar las pautas de pensamiento que conducen a la ansiedad y la depresi\u00f3n.<\/p>\n","protected":false},"excerpt":{"rendered":"<p>LUCIANI, JOSEPH J.<\/p>\n","protected":false},"featured_media":321816,"template":"","meta":{"_acf_changed":false,"om_disable_all_campaigns":false,"rs_blank_template":"","rs_page_bg_color":"","slide_template_v7":"","inline_featured_image":false,"_monsterinsights_skip_tracking":false,"_monsterinsights_sitenote_active":false,"_monsterinsights_sitenote_note":"","_monsterinsights_sitenote_category":0},"product_brand":[],"product_cat":[90,540],"product_tag":[],"class_list":{"0":"post-321815","1":"product","2":"type-product","3":"status-publish","4":"has-post-thumbnail","6":"product_cat-altres","7":"product_cat-otros","9":"first","10":"instock","11":"taxable","12":"shipping-taxable","13":"purchasable","14":"product-type-simple"},"acf":{"editorial":[{"ID":147420,"post_author":"3","post_date":"2022-10-14 11:50:26","post_date_gmt":"2022-10-14 09:50:26","post_content":"","post_title":"AMAT EDITORIAL","post_excerpt":"","post_status":"publish","comment_status":"closed","ping_status":"closed","post_password":"","post_name":"amat-editorial","to_ping":"","pinged":"","post_modified":"2022-10-14 11:50:26","post_modified_gmt":"2022-10-14 09:50:26","post_content_filtered":"","post_parent":0,"guid":"http:\/\/dev.claret.cat\/editorial\/amat-editorial\/","menu_order":0,"post_type":"editorial","post_mime_type":"","comment_count":"0","filter":"raw"}],"autores-libros":[{"ID":321814,"post_author":"3","post_date":"2023-01-03 02:56:54","post_date_gmt":"2023-01-03 01:56:54","post_content":"","post_title":"JOSEPH J. LUCIANI","post_excerpt":"","post_status":"publish","comment_status":"closed","ping_status":"closed","post_password":"","post_name":"joseph-j-luciani","to_ping":"","pinged":"","post_modified":"2023-01-03 02:56:54","post_modified_gmt":"2023-01-03 01:56:54","post_content_filtered":"","post_parent":0,"guid":"https:\/\/www.claret.cat\/autor\/joseph-j-luciani\/","menu_order":0,"post_type":"autor","post_mime_type":"","comment_count":"0","filter":"raw"}],"autor":"LUCIANI, JOSEPH J.","codart":"849735375","libros-coleccion":"","ediciones":"1","encuadernacion":"","fecha_de_publicacion":"01\/11\/2010","novedad":"0","paginas":"250","subtitulo":"QU\u00c9 HACER CUANDO SU VIDA SE DESCONTROLA. UN PROGRAMA INNOVADOR, R\u00c1PIDO Y EFECTIV","orden":"999","portada":"0","idioma":"spa"},"aioseo_notices":[],"_links":{"self":[{"href":"https:\/\/www.claret.cat\/es\/wp-json\/wp\/v2\/product\/321815","targetHints":{"allow":["GET"]}}],"collection":[{"href":"https:\/\/www.claret.cat\/es\/wp-json\/wp\/v2\/product"}],"about":[{"href":"https:\/\/www.claret.cat\/es\/wp-json\/wp\/v2\/types\/product"}],"wp:featuredmedia":[{"embeddable":true,"href":"https:\/\/www.claret.cat\/es\/wp-json\/wp\/v2\/media\/321816"}],"wp:attachment":[{"href":"https:\/\/www.claret.cat\/es\/wp-json\/wp\/v2\/media?parent=321815"}],"wp:term":[{"taxonomy":"product_brand","embeddable":true,"href":"https:\/\/www.claret.cat\/es\/wp-json\/wp\/v2\/product_brand?post=321815"},{"taxonomy":"product_cat","embeddable":true,"href":"https:\/\/www.claret.cat\/es\/wp-json\/wp\/v2\/product_cat?post=321815"},{"taxonomy":"product_tag","embeddable":true,"href":"https:\/\/www.claret.cat\/es\/wp-json\/wp\/v2\/product_tag?post=321815"}],"curies":[{"name":"wp","href":"https:\/\/api.w.org\/{rel}","templated":true}]}}