{"id":321819,"date":"2023-01-03T02:57:08","date_gmt":"2023-01-03T01:57:08","guid":{"rendered":"https:\/\/www.claret.cat\/llibre\/una-dieta-para-una-vida-sana-9788497353793\/"},"modified":"2023-01-28T16:09:42","modified_gmt":"2023-01-28T15:09:42","slug":"una-dieta-para-una-vida-sana-9788497353793","status":"publish","type":"product","link":"https:\/\/www.claret.cat\/es\/libro\/una-dieta-para-una-vida-sana-9788497353793\/","title":{"rendered":"UNA DIETA PARA UNA VIDA SANA"},"content":{"rendered":"<p>El objetivo de esta obra es ayudarle a que viva m\u00e1s a\u00f1os, disfrutando al mismo tiempo de la dieta m\u00e1s sana y agradable<br \/> Entre tantas dietas contradictorias que sumergen en la confusi\u00f3n se ha seleccionado lo mejor de cada una de ellas combinando esta informaci\u00f3n con la experiencia pr\u00e1ctica del autor, de haber cuidado la salud de miles de personas, ayud\u00e1ndolas a mantenerse sanas y a que no tuvieran necesidad de pisar un quir\u00f3fano, evitando, gracias a la dieta equilibrada, ataques card\u00edacos, accidentes vasculares cerebrales, insuficiencias renales, etc.<\/p>\n<p> &#61692; Si pone en pr\u00e1ctica las reglas que propone el libro las posibilidades de vivir con un coraz\u00f3n sano y de disfrutar de una vida prolongada con aspecto juvenil desbordante de felicidad aumentar\u00e1n de forma significativa. <br \/> &#61692; El libro ayuda a ser m\u00e1s efectivo en todas las \u00e1reas de la vida y a disfrutar de una buena salud<br \/> &#61692; A d\u00eda de hoy, con el &#8216;Fast food&#8217; es m\u00e1s necesario que nunca cuidar la alimentaci\u00f3n.<br \/> &#61692; Espa\u00f1a es uno de los pa\u00edses con \u00edndices de obesidad m\u00e1s altos y este libro puede ayudar a reducir estos \u00edndices.<\/p>\n","protected":false},"excerpt":{"rendered":"<p>SAUVAGE, DR. LESTER<\/p>\n","protected":false},"featured_media":321820,"template":"","meta":{"_acf_changed":false,"om_disable_all_campaigns":false,"rs_blank_template":"","rs_page_bg_color":"","slide_template_v7":"","inline_featured_image":false,"_monsterinsights_skip_tracking":false,"_monsterinsights_sitenote_active":false,"_monsterinsights_sitenote_note":"","_monsterinsights_sitenote_category":0},"product_brand":[],"product_cat":[90,540],"product_tag":[],"class_list":{"0":"post-321819","1":"product","2":"type-product","3":"status-publish","4":"has-post-thumbnail","6":"product_cat-altres","7":"product_cat-otros","9":"first","10":"instock","11":"taxable","12":"shipping-taxable","13":"purchasable","14":"product-type-simple"},"acf":{"editorial":[{"ID":147420,"post_author":"3","post_date":"2022-10-14 11:50:26","post_date_gmt":"2022-10-14 09:50:26","post_content":"","post_title":"AMAT EDITORIAL","post_excerpt":"","post_status":"publish","comment_status":"closed","ping_status":"closed","post_password":"","post_name":"amat-editorial","to_ping":"","pinged":"","post_modified":"2022-10-14 11:50:26","post_modified_gmt":"2022-10-14 09:50:26","post_content_filtered":"","post_parent":0,"guid":"http:\/\/dev.claret.cat\/editorial\/amat-editorial\/","menu_order":0,"post_type":"editorial","post_mime_type":"","comment_count":"0","filter":"raw"}],"autores-libros":[{"ID":321818,"post_author":"3","post_date":"2023-01-03 02:57:04","post_date_gmt":"2023-01-03 01:57:04","post_content":"","post_title":"DR. LESTER SAUVAGE","post_excerpt":"","post_status":"publish","comment_status":"closed","ping_status":"closed","post_password":"","post_name":"dr-lester-sauvage","to_ping":"","pinged":"","post_modified":"2023-01-03 02:57:04","post_modified_gmt":"2023-01-03 01:57:04","post_content_filtered":"","post_parent":0,"guid":"https:\/\/www.claret.cat\/autor\/dr-lester-sauvage\/","menu_order":0,"post_type":"autor","post_mime_type":"","comment_count":"0","filter":"raw"}],"autor":"SAUVAGE, DR. LESTER","codart":"849735379","libros-coleccion":"","ediciones":"1","encuadernacion":"R\u00fastica","fecha_de_publicacion":"01\/03\/2011","novedad":"0","paginas":"140","subtitulo":"VIVA M\u00c1S A\u00d1OS CON UNA DIETA M\u00c1S SANA Y AGRADABLE","orden":"999","portada":"0","idioma":"spa"},"aioseo_notices":[],"_links":{"self":[{"href":"https:\/\/www.claret.cat\/es\/wp-json\/wp\/v2\/product\/321819","targetHints":{"allow":["GET"]}}],"collection":[{"href":"https:\/\/www.claret.cat\/es\/wp-json\/wp\/v2\/product"}],"about":[{"href":"https:\/\/www.claret.cat\/es\/wp-json\/wp\/v2\/types\/product"}],"wp:featuredmedia":[{"embeddable":true,"href":"https:\/\/www.claret.cat\/es\/wp-json\/wp\/v2\/media\/321820"}],"wp:attachment":[{"href":"https:\/\/www.claret.cat\/es\/wp-json\/wp\/v2\/media?parent=321819"}],"wp:term":[{"taxonomy":"product_brand","embeddable":true,"href":"https:\/\/www.claret.cat\/es\/wp-json\/wp\/v2\/product_brand?post=321819"},{"taxonomy":"product_cat","embeddable":true,"href":"https:\/\/www.claret.cat\/es\/wp-json\/wp\/v2\/product_cat?post=321819"},{"taxonomy":"product_tag","embeddable":true,"href":"https:\/\/www.claret.cat\/es\/wp-json\/wp\/v2\/product_tag?post=321819"}],"curies":[{"name":"wp","href":"https:\/\/api.w.org\/{rel}","templated":true}]}}