{"id":322726,"date":"2023-01-03T04:44:58","date_gmt":"2023-01-03T03:44:58","guid":{"rendered":"https:\/\/www.claret.cat\/llibre\/cerdanya-9788497914420\/"},"modified":"2023-01-28T15:26:07","modified_gmt":"2023-01-28T14:26:07","slug":"cerdanya-9788497914420","status":"publish","type":"product","link":"https:\/\/www.claret.cat\/es\/libro\/cerdanya-9788497914420\/","title":{"rendered":"CERDANYA"},"content":{"rendered":"<p>Els itineraris ressenyats en aquest llibre s\u00f3n una tria dels molts que es poden fer per la Cerdanya, observada en un sentit total, obviant-ne les fronteres estatals i provincials. L&#8221;objectiu \u00e9s donar a con\u00e8ixer a qualsevol excursionista disset maneres de rec\u00f3rrer l&#8221;espai f\u00edsic d&#8221;aquesta bella comarca pirinenca, com si hi pass\u00e9s disset dies de vacances.<\/p>\n","protected":false},"excerpt":{"rendered":"<p>FIGUERA I ABADAL, MANEL<\/p>\n","protected":false},"featured_media":322727,"template":"","meta":{"_acf_changed":false,"om_disable_all_campaigns":false,"rs_blank_template":"","rs_page_bg_color":"","slide_template_v7":"","inline_featured_image":false,"_monsterinsights_skip_tracking":false,"_monsterinsights_sitenote_active":false,"_monsterinsights_sitenote_note":"","_monsterinsights_sitenote_category":0},"product_brand":[],"product_cat":[557,524,107,300],"product_tag":[],"class_list":{"0":"post-322726","1":"product","2":"type-product","3":"status-publish","4":"has-post-thumbnail","6":"product_cat-guias-de-viaje","7":"product_cat-guias-y-viajes","8":"product_cat-guies-de-viatge","9":"product_cat-guies-i-viatges","11":"first","12":"instock","13":"taxable","14":"shipping-taxable","15":"purchasable","16":"product-type-simple"},"acf":{"editorial":[{"ID":6171,"post_author":"3","post_date":"2022-07-28 17:46:25","post_date_gmt":"2022-07-28 15:46:25","post_content":"","post_title":"COSSETANIA EDICIONS","post_excerpt":"","post_status":"publish","comment_status":"closed","ping_status":"closed","post_password":"","post_name":"cossetania-edicions","to_ping":"","pinged":"","post_modified":"2022-07-28 17:46:25","post_modified_gmt":"2022-07-28 15:46:25","post_content_filtered":"","post_parent":0,"guid":"http:\/\/dev.claret.cat\/editorial\/cossetania-edicions\/","menu_order":0,"post_type":"editorial","post_mime_type":"","comment_count":"0","filter":"raw"}],"autores-libros":[{"ID":163075,"post_author":"3","post_date":"2022-10-14 17:36:07","post_date_gmt":"2022-10-14 15:36:07","post_content":"","post_title":"MANEL FIGUERA I ABADAL","post_excerpt":"","post_status":"publish","comment_status":"closed","ping_status":"closed","post_password":"","post_name":"manel-figuera-i-abadal","to_ping":"","pinged":"","post_modified":"2022-10-14 17:36:07","post_modified_gmt":"2022-10-14 15:36:07","post_content_filtered":"","post_parent":0,"guid":"http:\/\/dev.claret.cat\/autor\/manel-figuera-i-abadal\/","menu_order":0,"post_type":"autor","post_mime_type":"","comment_count":"0","filter":"raw"}],"autor":"FIGUERA I ABADAL, MANEL","codart":"849791442","libros-coleccion":"","ediciones":"1","encuadernacion":"R\u00fastica","fecha_de_publicacion":"01\/05\/2009","novedad":"0","paginas":"119","subtitulo":"17 EXCURSIONS A PEU","orden":"999","portada":"0","idioma":"cat"},"aioseo_notices":[],"_links":{"self":[{"href":"https:\/\/www.claret.cat\/es\/wp-json\/wp\/v2\/product\/322726","targetHints":{"allow":["GET"]}}],"collection":[{"href":"https:\/\/www.claret.cat\/es\/wp-json\/wp\/v2\/product"}],"about":[{"href":"https:\/\/www.claret.cat\/es\/wp-json\/wp\/v2\/types\/product"}],"wp:featuredmedia":[{"embeddable":true,"href":"https:\/\/www.claret.cat\/es\/wp-json\/wp\/v2\/media\/322727"}],"wp:attachment":[{"href":"https:\/\/www.claret.cat\/es\/wp-json\/wp\/v2\/media?parent=322726"}],"wp:term":[{"taxonomy":"product_brand","embeddable":true,"href":"https:\/\/www.claret.cat\/es\/wp-json\/wp\/v2\/product_brand?post=322726"},{"taxonomy":"product_cat","embeddable":true,"href":"https:\/\/www.claret.cat\/es\/wp-json\/wp\/v2\/product_cat?post=322726"},{"taxonomy":"product_tag","embeddable":true,"href":"https:\/\/www.claret.cat\/es\/wp-json\/wp\/v2\/product_tag?post=322726"}],"curies":[{"name":"wp","href":"https:\/\/api.w.org\/{rel}","templated":true}]}}