{"id":322789,"date":"2023-01-03T04:47:54","date_gmt":"2023-01-03T03:47:54","guid":{"rendered":"https:\/\/www.claret.cat\/llibre\/el-montseny-9788497916769\/"},"modified":"2023-01-28T14:23:21","modified_gmt":"2023-01-28T13:23:21","slug":"el-montseny-9788497916769","status":"publish","type":"product","link":"https:\/\/www.claret.cat\/es\/libro\/el-montseny-9788497916769\/","title":{"rendered":"EL MONTSENY"},"content":{"rendered":"<p>Nova guia del Montseny amb 50 itineraris des dels m\u00e9s cl\u00e0ssics i que han d&#8221;apar\u00e8ixer en qualsevol guia fins a petites creacions d&#8221;autor. N&#8221;hi ha per a tots els gustos i capacitats. Des de passejades f\u00e0cils fins a altres que requereixen bones qualitats d&#8221;orientaci\u00f3 i petja segura. En aquesta guia podreu trobar informaci\u00f3 sobre la durada, el desnivell i la topografia de cada itinerari. Tamb\u00e9 hi ha una introducci\u00f3 que us ha d&#8221;ajudar a fer una primera aproximaci\u00f3 al medi que voleu rec\u00f3rrer. Hem incl\u00f2s tamb\u00e9 coordenades UTM dels punts m\u00e9s significatius de cada excursi\u00f3.<\/p>\n","protected":false},"excerpt":{"rendered":"<p>ROMA I CASANOVAS, FRANCESC<\/p>\n","protected":false},"featured_media":322790,"template":"","meta":{"_acf_changed":false,"om_disable_all_campaigns":false,"rs_blank_template":"","rs_page_bg_color":"","slide_template_v7":"","inline_featured_image":false,"_monsterinsights_skip_tracking":false,"_monsterinsights_sitenote_active":false,"_monsterinsights_sitenote_note":"","_monsterinsights_sitenote_category":0},"product_brand":[],"product_cat":[557,107],"product_tag":[],"class_list":{"0":"post-322789","1":"product","2":"type-product","3":"status-publish","4":"has-post-thumbnail","6":"product_cat-guias-de-viaje","7":"product_cat-guies-de-viatge","9":"first","10":"instock","11":"taxable","12":"shipping-taxable","13":"purchasable","14":"product-type-simple"},"acf":{"editorial":[{"ID":6171,"post_author":"3","post_date":"2022-07-28 17:46:25","post_date_gmt":"2022-07-28 15:46:25","post_content":"","post_title":"COSSETANIA EDICIONS","post_excerpt":"","post_status":"publish","comment_status":"closed","ping_status":"closed","post_password":"","post_name":"cossetania-edicions","to_ping":"","pinged":"","post_modified":"2022-07-28 17:46:25","post_modified_gmt":"2022-07-28 15:46:25","post_content_filtered":"","post_parent":0,"guid":"http:\/\/dev.claret.cat\/editorial\/cossetania-edicions\/","menu_order":0,"post_type":"editorial","post_mime_type":"","comment_count":"0","filter":"raw"}],"autores-libros":[{"ID":156140,"post_author":"3","post_date":"2022-10-14 15:18:26","post_date_gmt":"2022-10-14 13:18:26","post_content":"","post_title":"FRANCESC ROMA I CASANOVAS","post_excerpt":"","post_status":"publish","comment_status":"closed","ping_status":"closed","post_password":"","post_name":"francesc-roma-i-casanovas","to_ping":"","pinged":"","post_modified":"2022-10-14 15:18:26","post_modified_gmt":"2022-10-14 13:18:26","post_content_filtered":"","post_parent":0,"guid":"http:\/\/dev.claret.cat\/autor\/francesc-roma-i-casanovas\/","menu_order":0,"post_type":"autor","post_mime_type":"","comment_count":"0","filter":"raw"}],"autor":"ROMA I CASANOVAS, FRANCESC","codart":"849791676","libros-coleccion":"","ediciones":"1","encuadernacion":"R\u00fastica","fecha_de_publicacion":"01\/11\/2004","novedad":"0","paginas":"178","subtitulo":"50 ITINERARIS A PEU","orden":"999","portada":"0","idioma":"cat"},"aioseo_notices":[],"_links":{"self":[{"href":"https:\/\/www.claret.cat\/es\/wp-json\/wp\/v2\/product\/322789","targetHints":{"allow":["GET"]}}],"collection":[{"href":"https:\/\/www.claret.cat\/es\/wp-json\/wp\/v2\/product"}],"about":[{"href":"https:\/\/www.claret.cat\/es\/wp-json\/wp\/v2\/types\/product"}],"wp:featuredmedia":[{"embeddable":true,"href":"https:\/\/www.claret.cat\/es\/wp-json\/wp\/v2\/media\/322790"}],"wp:attachment":[{"href":"https:\/\/www.claret.cat\/es\/wp-json\/wp\/v2\/media?parent=322789"}],"wp:term":[{"taxonomy":"product_brand","embeddable":true,"href":"https:\/\/www.claret.cat\/es\/wp-json\/wp\/v2\/product_brand?post=322789"},{"taxonomy":"product_cat","embeddable":true,"href":"https:\/\/www.claret.cat\/es\/wp-json\/wp\/v2\/product_cat?post=322789"},{"taxonomy":"product_tag","embeddable":true,"href":"https:\/\/www.claret.cat\/es\/wp-json\/wp\/v2\/product_tag?post=322789"}],"curies":[{"name":"wp","href":"https:\/\/api.w.org\/{rel}","templated":true}]}}