{"id":322802,"date":"2023-01-03T04:48:23","date_gmt":"2023-01-03T03:48:23","guid":{"rendered":"https:\/\/www.claret.cat\/llibre\/vall-daran-9788497916875\/"},"modified":"2023-01-28T12:40:18","modified_gmt":"2023-01-28T11:40:18","slug":"vall-daran-9788497916875","status":"publish","type":"product","link":"https:\/\/www.claret.cat\/es\/libro\/vall-daran-9788497916875\/","title":{"rendered":"VALL D&#8221;ARAN"},"content":{"rendered":"<p>La forta personalitat de la Vall d&#8221;Aran que s&#8221;ha mantingut fins als nostres dies s&#8221;explica en bona part pel car\u00e0cter muntany\u00f3s d&#8221;aquest territori. La guia que teniu a les mans est\u00e0 destinada a tots els amants de la muntanya, tant pels que hi dediquen una escapada de cap de setmana com pels que tenen previst passar-hi unes vacances. L&#8221;hem pensada per rec\u00f3rrer l&#8221;Aran en \u00e8poca estiuenca, tot i que quan la neu hi \u00e9s present, tamb\u00e9 podrem gaudir d&#8221;aquestes propostes amb el material i la t\u00e8cnica adequada. Molts dels 17 itineraris han estat fets m\u00e9s d&#8221;un cop, per tal que la ressenya sigui tan ajustada com es pugui al que trobar\u00e0 l&#8221;excursionista. Mireu, gaudiu i impregneuvos d&#8221;aquest singular territori curull de paisatges de singular bellesa que de ben segur us seduir\u00e0.<\/p>\n","protected":false},"excerpt":{"rendered":"<p>GREGORI, F. XAVIER<\/p>\n","protected":false},"featured_media":322803,"template":"","meta":{"_acf_changed":false,"om_disable_all_campaigns":false,"rs_blank_template":"","rs_page_bg_color":"","slide_template_v7":"","inline_featured_image":false,"_monsterinsights_skip_tracking":false,"_monsterinsights_sitenote_active":false,"_monsterinsights_sitenote_note":"","_monsterinsights_sitenote_category":0},"product_brand":[],"product_cat":[557,107],"product_tag":[],"class_list":{"0":"post-322802","1":"product","2":"type-product","3":"status-publish","4":"has-post-thumbnail","6":"product_cat-guias-de-viaje","7":"product_cat-guies-de-viatge","9":"first","10":"instock","11":"taxable","12":"shipping-taxable","13":"purchasable","14":"product-type-simple"},"acf":{"editorial":[{"ID":6171,"post_author":"3","post_date":"2022-07-28 17:46:25","post_date_gmt":"2022-07-28 15:46:25","post_content":"","post_title":"COSSETANIA EDICIONS","post_excerpt":"","post_status":"publish","comment_status":"closed","ping_status":"closed","post_password":"","post_name":"cossetania-edicions","to_ping":"","pinged":"","post_modified":"2022-07-28 17:46:25","post_modified_gmt":"2022-07-28 15:46:25","post_content_filtered":"","post_parent":0,"guid":"http:\/\/dev.claret.cat\/editorial\/cossetania-edicions\/","menu_order":0,"post_type":"editorial","post_mime_type":"","comment_count":"0","filter":"raw"}],"autores-libros":[{"ID":322801,"post_author":"3","post_date":"2023-01-03 04:48:21","post_date_gmt":"2023-01-03 03:48:21","post_content":"","post_title":"F. XAVIER GREGORI","post_excerpt":"","post_status":"publish","comment_status":"closed","ping_status":"closed","post_password":"","post_name":"f-xavier-gregori-2","to_ping":"","pinged":"","post_modified":"2023-01-03 04:48:21","post_modified_gmt":"2023-01-03 03:48:21","post_content_filtered":"","post_parent":0,"guid":"https:\/\/www.claret.cat\/autor\/f-xavier-gregori-2\/","menu_order":0,"post_type":"autor","post_mime_type":"","comment_count":"0","filter":"raw"}],"autor":"GREGORI, F. XAVIER","codart":"849791687","libros-coleccion":"","ediciones":"1","encuadernacion":"R\u00fastica","fecha_de_publicacion":"01\/06\/2010","novedad":"0","paginas":"120","subtitulo":"17 EXCURSIONS A PEU","orden":"999","portada":"0","idioma":"cat"},"aioseo_notices":[],"_links":{"self":[{"href":"https:\/\/www.claret.cat\/es\/wp-json\/wp\/v2\/product\/322802","targetHints":{"allow":["GET"]}}],"collection":[{"href":"https:\/\/www.claret.cat\/es\/wp-json\/wp\/v2\/product"}],"about":[{"href":"https:\/\/www.claret.cat\/es\/wp-json\/wp\/v2\/types\/product"}],"wp:featuredmedia":[{"embeddable":true,"href":"https:\/\/www.claret.cat\/es\/wp-json\/wp\/v2\/media\/322803"}],"wp:attachment":[{"href":"https:\/\/www.claret.cat\/es\/wp-json\/wp\/v2\/media?parent=322802"}],"wp:term":[{"taxonomy":"product_brand","embeddable":true,"href":"https:\/\/www.claret.cat\/es\/wp-json\/wp\/v2\/product_brand?post=322802"},{"taxonomy":"product_cat","embeddable":true,"href":"https:\/\/www.claret.cat\/es\/wp-json\/wp\/v2\/product_cat?post=322802"},{"taxonomy":"product_tag","embeddable":true,"href":"https:\/\/www.claret.cat\/es\/wp-json\/wp\/v2\/product_tag?post=322802"}],"curies":[{"name":"wp","href":"https:\/\/api.w.org\/{rel}","templated":true}]}}