{"id":323278,"date":"2023-01-03T05:29:46","date_gmt":"2023-01-03T04:29:46","guid":{"rendered":"https:\/\/www.claret.cat\/llibre\/lletres-poetiques-9788498833577\/"},"modified":"2024-05-22T17:15:04","modified_gmt":"2024-05-22T15:15:04","slug":"lletres-poetiques-9788498833577","status":"publish","type":"product","link":"https:\/\/www.claret.cat\/es\/libro\/lletres-poetiques-9788498833577\/","title":{"rendered":"LLETRES PO\u00c8TIQUES"},"content":{"rendered":"<p>Qu\u00e8 en saps, del pa\u00eds de les lletres? Hi has estat mai? Vols explorar-lo? Hi trobar\u00e1s lletres joves i velles, grans i petites, rabi\u00fcdes i tendres&#8230; Que et fan somiar truites i que et fan tocar de peus a terra, que canten, que ploren o riuen, que et piquen l&#8217;ullet&#8230; Grafies que s&#8217;endinsen en imatges i paraules, caplletres fugisseres, textos enlla\u00e7ats amb dibuixos, cartes amb poesies obertes a tothom&#8230; i molts suggeriments per entendre un alfabet que sempre ens acompanya. Vols venir de viatge? Tria la teva lletra preferida i endavant!<\/p>\n","protected":false},"excerpt":{"rendered":"<p>LLUC, TOM\u00c0S; LOSANTOS, CRISTINA<\/p>\n","protected":false},"featured_media":368635,"template":"","meta":{"_acf_changed":false,"om_disable_all_campaigns":false,"rs_blank_template":"","rs_page_bg_color":"","slide_template_v7":"","inline_featured_image":false,"_monsterinsights_skip_tracking":false,"_monsterinsights_sitenote_active":false,"_monsterinsights_sitenote_note":"","_monsterinsights_sitenote_category":0},"product_brand":[],"product_cat":[90,540],"product_tag":[],"class_list":{"0":"post-323278","1":"product","2":"type-product","3":"status-publish","4":"has-post-thumbnail","6":"product_cat-altres","7":"product_cat-otros","9":"first","10":"instock","11":"taxable","12":"shipping-taxable","13":"purchasable","14":"product-type-simple"},"acf":{"editorial":[{"ID":8266,"post_author":"3","post_date":"2022-09-30 09:21:36","post_date_gmt":"2022-09-30 07:21:36","post_content":"","post_title":"PUBLICACIONS DE L'ABADIA DE MONTSERRAT","post_excerpt":"","post_status":"publish","comment_status":"closed","ping_status":"closed","post_password":"","post_name":"publicacions-de-labadia-de-montserrat-5","to_ping":"","pinged":"","post_modified":"2022-09-30 09:21:36","post_modified_gmt":"2022-09-30 07:21:36","post_content_filtered":"","post_parent":0,"guid":"http:\/\/dev.claret.cat\/editorial\/publicacions-de-labadia-de-montserrat-5\/","menu_order":0,"post_type":"editorial","post_mime_type":"","comment_count":"0","filter":"raw"}],"autores-libros":[{"ID":323277,"post_author":"3","post_date":"2023-01-03 05:29:44","post_date_gmt":"2023-01-03 04:29:44","post_content":"","post_title":"TOM\u00c0S LLUC","post_excerpt":"","post_status":"publish","comment_status":"closed","ping_status":"closed","post_password":"","post_name":"tomas-lluc","to_ping":"","pinged":"","post_modified":"2023-01-03 05:29:44","post_modified_gmt":"2023-01-03 04:29:44","post_content_filtered":"","post_parent":0,"guid":"https:\/\/www.claret.cat\/autor\/tomas-lluc\/","menu_order":0,"post_type":"autor","post_mime_type":"","comment_count":"0","filter":"raw"},{"ID":153364,"post_author":"3","post_date":"2022-10-14 14:56:11","post_date_gmt":"2022-10-14 12:56:11","post_content":"","post_title":"CRISTINA LOSANTOS","post_excerpt":"","post_status":"publish","comment_status":"closed","ping_status":"closed","post_password":"","post_name":"cristina-losantos","to_ping":"","pinged":"","post_modified":"2022-10-14 14:56:11","post_modified_gmt":"2022-10-14 12:56:11","post_content_filtered":"","post_parent":0,"guid":"http:\/\/dev.claret.cat\/autor\/cristina-losantos\/","menu_order":0,"post_type":"autor","post_mime_type":"","comment_count":"0","filter":"raw"}],"autor":"LLUC, TOM\u00c0S; LOSANTOS, CRISTINA","codart":"849883357","libros-coleccion":"","ediciones":"1","encuadernacion":"R\u00fastica","fecha_de_publicacion":"24\/03\/2011","novedad":"0","paginas":"62","subtitulo":"POESIA IL.LUSTRADA PER A JOVES DE 10 A 100 ANYS","orden":"999","portada":"0","idioma":"cat"},"aioseo_notices":[],"_links":{"self":[{"href":"https:\/\/www.claret.cat\/es\/wp-json\/wp\/v2\/product\/323278","targetHints":{"allow":["GET"]}}],"collection":[{"href":"https:\/\/www.claret.cat\/es\/wp-json\/wp\/v2\/product"}],"about":[{"href":"https:\/\/www.claret.cat\/es\/wp-json\/wp\/v2\/types\/product"}],"wp:featuredmedia":[{"embeddable":true,"href":"https:\/\/www.claret.cat\/es\/wp-json\/wp\/v2\/media\/368635"}],"wp:attachment":[{"href":"https:\/\/www.claret.cat\/es\/wp-json\/wp\/v2\/media?parent=323278"}],"wp:term":[{"taxonomy":"product_brand","embeddable":true,"href":"https:\/\/www.claret.cat\/es\/wp-json\/wp\/v2\/product_brand?post=323278"},{"taxonomy":"product_cat","embeddable":true,"href":"https:\/\/www.claret.cat\/es\/wp-json\/wp\/v2\/product_cat?post=323278"},{"taxonomy":"product_tag","embeddable":true,"href":"https:\/\/www.claret.cat\/es\/wp-json\/wp\/v2\/product_tag?post=323278"}],"curies":[{"name":"wp","href":"https:\/\/api.w.org\/{rel}","templated":true}]}}