{"id":323301,"date":"2023-01-03T05:30:49","date_gmt":"2023-01-03T04:30:49","guid":{"rendered":"https:\/\/www.claret.cat\/llibre\/gorres-per-a-tothom-9788498833706\/"},"modified":"2024-05-22T17:14:14","modified_gmt":"2024-05-22T15:14:14","slug":"gorres-per-a-tothom-9788498833706","status":"publish","type":"product","link":"https:\/\/www.claret.cat\/es\/libro\/gorres-per-a-tothom-9788498833706\/","title":{"rendered":"GORRES PER A TOTHOM"},"content":{"rendered":"<p>En V\u00edctor, en Joel, l\u2019Anna i la Marina tenen 11 anys. Van a la mateixa classe i s\u00f3n molt i molt amics. El que m\u00e9s els agrada \u00e9s jugar plegats i sobretot jugar a endevinalles i jocs de paraules. Arriba un dia, per\u00f2, que en V\u00edctor es posa malalt: t\u00e9 leuc\u00e8mia. Els seus amics no el deixaran sol i m\u00e9s que mai estaran al seu costat i sobretot jugaran, jugaran molt per v\u00e8ncer la malaltia.<\/p>\n","protected":false},"excerpt":{"rendered":"<p>BAQU\u00c9S, MARIAN; JULVE, \u00d2SCAR<\/p>\n","protected":false},"featured_media":368648,"template":"","meta":{"_acf_changed":false,"om_disable_all_campaigns":false,"rs_blank_template":"","rs_page_bg_color":"","slide_template_v7":"","inline_featured_image":false,"_monsterinsights_skip_tracking":false,"_monsterinsights_sitenote_active":false,"_monsterinsights_sitenote_note":"","_monsterinsights_sitenote_category":0},"product_brand":[],"product_cat":[90,540],"product_tag":[],"class_list":{"0":"post-323301","1":"product","2":"type-product","3":"status-publish","4":"has-post-thumbnail","6":"product_cat-altres","7":"product_cat-otros","9":"first","10":"instock","11":"taxable","12":"shipping-taxable","13":"purchasable","14":"product-type-simple"},"acf":{"editorial":[{"ID":8266,"post_author":"3","post_date":"2022-09-30 09:21:36","post_date_gmt":"2022-09-30 07:21:36","post_content":"","post_title":"PUBLICACIONS DE L'ABADIA DE MONTSERRAT","post_excerpt":"","post_status":"publish","comment_status":"closed","ping_status":"closed","post_password":"","post_name":"publicacions-de-labadia-de-montserrat-5","to_ping":"","pinged":"","post_modified":"2022-09-30 09:21:36","post_modified_gmt":"2022-09-30 07:21:36","post_content_filtered":"","post_parent":0,"guid":"http:\/\/dev.claret.cat\/editorial\/publicacions-de-labadia-de-montserrat-5\/","menu_order":0,"post_type":"editorial","post_mime_type":"","comment_count":"0","filter":"raw"}],"autores-libros":[{"ID":166316,"post_author":"3","post_date":"2022-10-14 18:02:10","post_date_gmt":"2022-10-14 16:02:10","post_content":"","post_title":"OSCAR JULVE","post_excerpt":"","post_status":"publish","comment_status":"closed","ping_status":"closed","post_password":"","post_name":"oscar-julve","to_ping":"","pinged":"","post_modified":"2022-10-14 18:02:10","post_modified_gmt":"2022-10-14 16:02:10","post_content_filtered":"","post_parent":0,"guid":"http:\/\/dev.claret.cat\/autor\/oscar-julve\/","menu_order":0,"post_type":"autor","post_mime_type":"","comment_count":"0","filter":"raw"},{"ID":163821,"post_author":"3","post_date":"2022-10-14 17:42:08","post_date_gmt":"2022-10-14 15:42:08","post_content":"","post_title":"MARIAN BAQUES","post_excerpt":"","post_status":"publish","comment_status":"closed","ping_status":"closed","post_password":"","post_name":"marian-baques","to_ping":"","pinged":"","post_modified":"2022-10-14 17:42:08","post_modified_gmt":"2022-10-14 15:42:08","post_content_filtered":"","post_parent":0,"guid":"http:\/\/dev.claret.cat\/autor\/marian-baques\/","menu_order":0,"post_type":"autor","post_mime_type":"","comment_count":"0","filter":"raw"}],"autor":"BAQU\u00c9S, MARIAN; JULVE, \u00d2SCAR","codart":"849883370","libros-coleccion":"","ediciones":"1","encuadernacion":"Carton\u00e9","fecha_de_publicacion":"24\/03\/2011","novedad":"0","paginas":"71","subtitulo":"","orden":"999","portada":"0","idioma":"cat"},"aioseo_notices":[],"_links":{"self":[{"href":"https:\/\/www.claret.cat\/es\/wp-json\/wp\/v2\/product\/323301","targetHints":{"allow":["GET"]}}],"collection":[{"href":"https:\/\/www.claret.cat\/es\/wp-json\/wp\/v2\/product"}],"about":[{"href":"https:\/\/www.claret.cat\/es\/wp-json\/wp\/v2\/types\/product"}],"wp:featuredmedia":[{"embeddable":true,"href":"https:\/\/www.claret.cat\/es\/wp-json\/wp\/v2\/media\/368648"}],"wp:attachment":[{"href":"https:\/\/www.claret.cat\/es\/wp-json\/wp\/v2\/media?parent=323301"}],"wp:term":[{"taxonomy":"product_brand","embeddable":true,"href":"https:\/\/www.claret.cat\/es\/wp-json\/wp\/v2\/product_brand?post=323301"},{"taxonomy":"product_cat","embeddable":true,"href":"https:\/\/www.claret.cat\/es\/wp-json\/wp\/v2\/product_cat?post=323301"},{"taxonomy":"product_tag","embeddable":true,"href":"https:\/\/www.claret.cat\/es\/wp-json\/wp\/v2\/product_tag?post=323301"}],"curies":[{"name":"wp","href":"https:\/\/api.w.org\/{rel}","templated":true}]}}