{"id":32337,"date":"2022-10-02T12:05:25","date_gmt":"2022-10-02T10:05:25","guid":{"rendered":"http:\/\/dev.claret.cat\/producte\/catalunya-20-refugis-32excursions\/"},"modified":"2023-01-28T11:13:58","modified_gmt":"2023-01-28T10:13:58","slug":"catalunya-20-refugis-32excursions-9788480906500","status":"publish","type":"product","link":"https:\/\/www.claret.cat\/es\/libro\/catalunya-20-refugis-32excursions-9788480906500\/","title":{"rendered":"CATALUNYA. 20 REFUGIS &#8211; 32EXCURSIONS"},"content":{"rendered":"<p>\u2022 Guia excursionista<br \/>\u2022 F\u00e0cil lectura<br \/>\u2022 Mapes parcials, perfils i descripcions puntuals i precices dels itineraris<br \/>\u2022 Selecci\u00f3 de rutes: excursions, ascensions i travesses<br \/>La guia s\u2019estructura pels refugis que la FEEC gestiona a Catalunya, a partir dels quals es fan un parell de propostes d\u2019excursions, explicades detalladament i que s\u2019acompanyen amb mapes espec\u00edfics per cada itinerari. A m\u00e9s, cada refugi compta amb una fitxa t\u00e8cnica i una ressenya hist\u00f2rica i de situaci\u00f3.<\/p>\n","protected":false},"excerpt":{"rendered":"<p>LLUS\u00c0 ROCA, JOSEP<\/p>\n","protected":false},"featured_media":75034,"template":"","meta":{"_acf_changed":false,"om_disable_all_campaigns":false,"rs_blank_template":"","rs_page_bg_color":"","slide_template_v7":"","inline_featured_image":false,"_monsterinsights_skip_tracking":false,"_monsterinsights_sitenote_active":false,"_monsterinsights_sitenote_note":"","_monsterinsights_sitenote_category":0},"product_brand":[],"product_cat":[107],"product_tag":[],"class_list":{"0":"post-32337","1":"product","2":"type-product","3":"status-publish","4":"has-post-thumbnail","6":"product_cat-guies-de-viatge","8":"first","9":"instock","10":"taxable","11":"shipping-taxable","12":"purchasable","13":"product-type-simple"},"acf":{"autor":"LLUS\u00c0 ROCA, JOSEP","codart":"848090650","libros-coleccion":"","ediciones":"1","encuadernacion":"R\u00fastica","fecha_de_publicacion":"31\/05\/2016","novedad":"0","paginas":"136","subtitulo":"","orden":"999","portada":"0","idioma":"spa","autores-libros":[{"ID":5663,"post_author":"3","post_date":"2022-07-28 17:28:49","post_date_gmt":"2022-07-28 15:28:49","post_content":"","post_title":"JOSEP LLUS\u00c0 ROCA","post_excerpt":"","post_status":"publish","comment_status":"closed","ping_status":"closed","post_password":"","post_name":"josep-llusa-roca","to_ping":"","pinged":"","post_modified":"2022-07-28 17:28:49","post_modified_gmt":"2022-07-28 15:28:49","post_content_filtered":"","post_parent":0,"guid":"http:\/\/dev.claret.cat\/autor\/josep-llusa-roca\/","menu_order":0,"post_type":"autor","post_mime_type":"","comment_count":"0","filter":"raw"}],"editorial":[{"ID":147410,"post_author":"3","post_date":"2022-10-14 11:50:21","post_date_gmt":"2022-10-14 09:50:21","post_content":"","post_title":"ALPINA, EDITORIAL","post_excerpt":"","post_status":"publish","comment_status":"closed","ping_status":"closed","post_password":"","post_name":"alpina-editorial","to_ping":"","pinged":"","post_modified":"2022-10-14 11:50:21","post_modified_gmt":"2022-10-14 09:50:21","post_content_filtered":"","post_parent":0,"guid":"http:\/\/dev.claret.cat\/editorial\/alpina-editorial\/","menu_order":0,"post_type":"editorial","post_mime_type":"","comment_count":"0","filter":"raw"}]},"aioseo_notices":[],"_links":{"self":[{"href":"https:\/\/www.claret.cat\/es\/wp-json\/wp\/v2\/product\/32337","targetHints":{"allow":["GET"]}}],"collection":[{"href":"https:\/\/www.claret.cat\/es\/wp-json\/wp\/v2\/product"}],"about":[{"href":"https:\/\/www.claret.cat\/es\/wp-json\/wp\/v2\/types\/product"}],"wp:featuredmedia":[{"embeddable":true,"href":"https:\/\/www.claret.cat\/es\/wp-json\/wp\/v2\/media\/75034"}],"wp:attachment":[{"href":"https:\/\/www.claret.cat\/es\/wp-json\/wp\/v2\/media?parent=32337"}],"wp:term":[{"taxonomy":"product_brand","embeddable":true,"href":"https:\/\/www.claret.cat\/es\/wp-json\/wp\/v2\/product_brand?post=32337"},{"taxonomy":"product_cat","embeddable":true,"href":"https:\/\/www.claret.cat\/es\/wp-json\/wp\/v2\/product_cat?post=32337"},{"taxonomy":"product_tag","embeddable":true,"href":"https:\/\/www.claret.cat\/es\/wp-json\/wp\/v2\/product_tag?post=32337"}],"curies":[{"name":"wp","href":"https:\/\/api.w.org\/{rel}","templated":true}]}}