{"id":323504,"date":"2023-01-03T05:38:53","date_gmt":"2023-01-03T04:38:53","guid":{"rendered":"https:\/\/www.claret.cat\/llibre\/viatge-a-la-terra-de-jesus-9788498835151\/"},"modified":"2025-04-04T19:30:27","modified_gmt":"2025-04-04T17:30:27","slug":"viatge-a-la-terra-de-jesus-9788498835151","status":"publish","type":"product","link":"https:\/\/www.claret.cat\/es\/libro\/viatge-a-la-terra-de-jesus-9788498835151\/","title":{"rendered":"VIATGE A LA TERRA DE JES\u00daS"},"content":{"rendered":"<p>Angela Volpini, una italiana que entre el 1947 i el 1956 va viure una extraordin\u00e0ria experi\u00e8ncia m\u00edstica amb la Verge Maria, i Marcel Capellades, un catal\u00e0 de Sant Pau d&#8217;?Ordal, monjo, sacerdot i ermit\u00e0, ens ofereixen en aquest llibre unes suggerents reflexions sobre la terra de Jes\u00fas i sobre les emocions que els llocs on va posar els seus susciten en l?&#8217;\u00e0nim de dos ?pelegrins? que tenen en com\u00fa l&#8217;?amor pel seu missatge, partint de camins diversos que coincideixen a comprendre com aquell missatge, adre\u00e7at a la humanitat, \u00e9s l?&#8217;\u00fanica proposta v\u00e0lida per trobar la pau i la felicitat a la terra.<\/p>\n","protected":false},"excerpt":{"rendered":"<p>VOLPINI, ANGELA<\/p>\n","protected":false},"featured_media":368686,"template":"","meta":{"_acf_changed":false,"om_disable_all_campaigns":false,"rs_blank_template":"","rs_page_bg_color":"","slide_template_v7":"","inline_featured_image":false,"_monsterinsights_skip_tracking":false,"_monsterinsights_sitenote_active":false,"_monsterinsights_sitenote_note":"","_monsterinsights_sitenote_category":0},"product_brand":[],"product_cat":[90,540],"product_tag":[],"class_list":{"0":"post-323504","1":"product","2":"type-product","3":"status-publish","4":"has-post-thumbnail","6":"product_cat-altres","7":"product_cat-otros","9":"first","10":"instock","11":"taxable","12":"shipping-taxable","13":"purchasable","14":"product-type-simple"},"acf":{"editorial":[{"ID":8266,"post_author":"3","post_date":"2022-09-30 09:21:36","post_date_gmt":"2022-09-30 07:21:36","post_content":"","post_title":"PUBLICACIONS DE L'ABADIA DE MONTSERRAT","post_excerpt":"","post_status":"publish","comment_status":"closed","ping_status":"closed","post_password":"","post_name":"publicacions-de-labadia-de-montserrat-5","to_ping":"","pinged":"","post_modified":"2022-09-30 09:21:36","post_modified_gmt":"2022-09-30 07:21:36","post_content_filtered":"","post_parent":0,"guid":"http:\/\/dev.claret.cat\/editorial\/publicacions-de-labadia-de-montserrat-5\/","menu_order":0,"post_type":"editorial","post_mime_type":"","comment_count":"0","filter":"raw"}],"autores-libros":[{"ID":150447,"post_author":"3","post_date":"2022-10-14 14:33:02","post_date_gmt":"2022-10-14 12:33:02","post_content":"","post_title":"\u00c1NGELA VOLPINI","post_excerpt":"","post_status":"publish","comment_status":"closed","ping_status":"closed","post_password":"","post_name":"angela-volpini","to_ping":"","pinged":"","post_modified":"2022-10-14 14:33:02","post_modified_gmt":"2022-10-14 12:33:02","post_content_filtered":"","post_parent":0,"guid":"http:\/\/dev.claret.cat\/autor\/angela-volpini\/","menu_order":0,"post_type":"autor","post_mime_type":"","comment_count":"0","filter":"raw"}],"autor":"VOLPINI, ANGELA","codart":"849883515","libros-coleccion":"","ediciones":"0","encuadernacion":"R\u00fastica","fecha_de_publicacion":"16\/10\/2012","novedad":"0","paginas":"0","subtitulo":"","orden":"999","portada":"0","idioma":"cat"},"aioseo_notices":[],"_links":{"self":[{"href":"https:\/\/www.claret.cat\/es\/wp-json\/wp\/v2\/product\/323504","targetHints":{"allow":["GET"]}}],"collection":[{"href":"https:\/\/www.claret.cat\/es\/wp-json\/wp\/v2\/product"}],"about":[{"href":"https:\/\/www.claret.cat\/es\/wp-json\/wp\/v2\/types\/product"}],"wp:featuredmedia":[{"embeddable":true,"href":"https:\/\/www.claret.cat\/es\/wp-json\/wp\/v2\/media\/368686"}],"wp:attachment":[{"href":"https:\/\/www.claret.cat\/es\/wp-json\/wp\/v2\/media?parent=323504"}],"wp:term":[{"taxonomy":"product_brand","embeddable":true,"href":"https:\/\/www.claret.cat\/es\/wp-json\/wp\/v2\/product_brand?post=323504"},{"taxonomy":"product_cat","embeddable":true,"href":"https:\/\/www.claret.cat\/es\/wp-json\/wp\/v2\/product_cat?post=323504"},{"taxonomy":"product_tag","embeddable":true,"href":"https:\/\/www.claret.cat\/es\/wp-json\/wp\/v2\/product_tag?post=323504"}],"curies":[{"name":"wp","href":"https:\/\/api.w.org\/{rel}","templated":true}]}}