{"id":323805,"date":"2023-01-03T05:55:27","date_gmt":"2023-01-03T04:55:27","guid":{"rendered":"https:\/\/www.claret.cat\/llibre\/el-misteri-dels-sants-innocents-9788498838220\/"},"modified":"2024-05-22T16:14:54","modified_gmt":"2024-05-22T14:14:54","slug":"el-misteri-dels-sants-innocents-9788498838220","status":"publish","type":"product","link":"https:\/\/www.claret.cat\/es\/libro\/el-misteri-dels-sants-innocents-9788498838220\/","title":{"rendered":"EL MISTERI DELS SANTS INNOCENTS"},"content":{"rendered":"<p>El misteri dels Sants Innocents, una de les obres m\u00e9s importants i m\u00e9s conegudes de Charles Peguy, va \u00e9sser escrit el 1912 per commemorar el 423 aniversari de l&#8217;alliberament d&#8217;Orleans, \u00e9s a dir, contin\u00faa la l\u00ednia que havia iniciat ja de jove en Jeanne d&#8217;Arc, i sobretot el 1909 amb Le Myst\u00e8re de la charit\u00e9 de Jeanne d&#8217;Arc. Publicat el mar\u00e7 de 1912 als Cahiers de la Quinzaine, es presentava com una preparaci\u00f3 per al diumenge de Rams i el diumenge de Pasqua, per\u00f2 tracta sobretot de Nadal i del misteri de la mort dels Sants Innocents, degollats per ordre del rei Herodes a fi d&#8217;exterminar Jes\u00fas, el Messies, que mentrestant fugia cap a Egipte, dut pels seus pares, Maria i Josep. D&#8217;una gran profunditat l\u00edrica i d&#8217;una for\u00e7a po\u00e8tica extraordin\u00e0ria, demostra un coneixement minuci\u00f3s de la B\u00edblia, tant de l&#8217;Antic Testament com del Nou Testament, una viv\u00e8ncia de la lit\u00fargia de l&#8217;Esglesia cat\u00f2lica citada en llat\u00ed, igual que la Biblia i una reflexi\u00f3 personal sobre la miseric\u00f2rdia de D\u00e9u i la manera com la seva gr\u00e0cia arriba a tot arreu.<\/p>\n","protected":false},"excerpt":{"rendered":"<p>P\u00c9GUY, CHARLES<\/p>\n","protected":false},"featured_media":368870,"template":"","meta":{"_acf_changed":false,"om_disable_all_campaigns":false,"rs_blank_template":"","rs_page_bg_color":"","slide_template_v7":"","inline_featured_image":false,"_monsterinsights_skip_tracking":false,"_monsterinsights_sitenote_active":false,"_monsterinsights_sitenote_note":"","_monsterinsights_sitenote_category":0},"product_brand":[],"product_cat":[85,351],"product_tag":[],"class_list":{"0":"post-323805","1":"product","2":"type-product","3":"status-publish","4":"has-post-thumbnail","6":"product_cat-historia","7":"product_cat-historia-2_humanidades","9":"first","10":"instock","11":"taxable","12":"shipping-taxable","13":"purchasable","14":"product-type-simple"},"acf":{"editorial":[{"ID":8266,"post_author":"3","post_date":"2022-09-30 09:21:36","post_date_gmt":"2022-09-30 07:21:36","post_content":"","post_title":"PUBLICACIONS DE L'ABADIA DE MONTSERRAT","post_excerpt":"","post_status":"publish","comment_status":"closed","ping_status":"closed","post_password":"","post_name":"publicacions-de-labadia-de-montserrat-5","to_ping":"","pinged":"","post_modified":"2022-09-30 09:21:36","post_modified_gmt":"2022-09-30 07:21:36","post_content_filtered":"","post_parent":0,"guid":"http:\/\/dev.claret.cat\/editorial\/publicacions-de-labadia-de-montserrat-5\/","menu_order":0,"post_type":"editorial","post_mime_type":"","comment_count":"0","filter":"raw"}],"autores-libros":[{"ID":152771,"post_author":"3","post_date":"2022-10-14 14:51:26","post_date_gmt":"2022-10-14 12:51:26","post_content":"","post_title":"CHARLES P\u00c9GUY","post_excerpt":"","post_status":"publish","comment_status":"closed","ping_status":"closed","post_password":"","post_name":"charles-peguy","to_ping":"","pinged":"","post_modified":"2022-10-14 14:51:26","post_modified_gmt":"2022-10-14 12:51:26","post_content_filtered":"","post_parent":0,"guid":"http:\/\/dev.claret.cat\/autor\/charles-peguy\/","menu_order":0,"post_type":"autor","post_mime_type":"","comment_count":"0","filter":"raw"}],"autor":"P\u00c9GUY, CHARLES","codart":"849883822","libros-coleccion":"","ediciones":"1","encuadernacion":"R\u00fastica","fecha_de_publicacion":"09\/03\/2016","novedad":"0","paginas":"160","subtitulo":"","orden":"999","portada":"0","idioma":"cat"},"aioseo_notices":[],"_links":{"self":[{"href":"https:\/\/www.claret.cat\/es\/wp-json\/wp\/v2\/product\/323805","targetHints":{"allow":["GET"]}}],"collection":[{"href":"https:\/\/www.claret.cat\/es\/wp-json\/wp\/v2\/product"}],"about":[{"href":"https:\/\/www.claret.cat\/es\/wp-json\/wp\/v2\/types\/product"}],"wp:featuredmedia":[{"embeddable":true,"href":"https:\/\/www.claret.cat\/es\/wp-json\/wp\/v2\/media\/368870"}],"wp:attachment":[{"href":"https:\/\/www.claret.cat\/es\/wp-json\/wp\/v2\/media?parent=323805"}],"wp:term":[{"taxonomy":"product_brand","embeddable":true,"href":"https:\/\/www.claret.cat\/es\/wp-json\/wp\/v2\/product_brand?post=323805"},{"taxonomy":"product_cat","embeddable":true,"href":"https:\/\/www.claret.cat\/es\/wp-json\/wp\/v2\/product_cat?post=323805"},{"taxonomy":"product_tag","embeddable":true,"href":"https:\/\/www.claret.cat\/es\/wp-json\/wp\/v2\/product_tag?post=323805"}],"curies":[{"name":"wp","href":"https:\/\/api.w.org\/{rel}","templated":true}]}}