{"id":32383,"date":"2022-10-02T12:05:58","date_gmt":"2022-10-02T10:05:58","guid":{"rendered":"http:\/\/dev.claret.cat\/producte\/decalogo-el\/"},"modified":"2025-05-07T18:05:54","modified_gmt":"2025-05-07T16:05:54","slug":"decalogo-el-9788471519528","status":"publish","type":"product","link":"https:\/\/www.claret.cat\/es\/libro\/decalogo-el-9788471519528\/","title":{"rendered":"DECALOGO, EL"},"content":{"rendered":"<p>Esas &#8216;diez palabras&#8217; pronunciadas por Dios en la cumbre de la monta\u00f1a, forman la coma de toda la revelaci\u00f3n del Sina\u00ed.<\/p>\n<p>El dec\u00e1logo se muestra cada vez m\u00e1s ligado a la historia de Israel: la salida de Egipto, pero tambi\u00e9n el don de una tierra y sobre todo la acci\u00f3n de los profetas.<\/p>\n<p>Este cuaderno muestra c\u00f3mo este texto establece un v\u00ednculo fundamental entre Dios, el israelita y su pr\u00f3jimo.<\/p>\n","protected":false},"excerpt":{"rendered":"<p>GARCIA LOPEZ, FELIX<\/p>\n","protected":false},"featured_media":1020318,"template":"","meta":{"_acf_changed":false,"om_disable_all_campaigns":false,"rs_blank_template":"","rs_page_bg_color":"","slide_template_v7":"","inline_featured_image":false,"_monsterinsights_skip_tracking":false,"_monsterinsights_sitenote_active":false,"_monsterinsights_sitenote_note":"","_monsterinsights_sitenote_category":0},"product_brand":[],"product_cat":[75,341],"product_tag":[],"class_list":{"0":"post-32383","1":"product","2":"type-product","3":"status-publish","4":"has-post-thumbnail","6":"product_cat-biblia","7":"product_cat-biblia-es","9":"first","10":"instock","11":"taxable","12":"shipping-taxable","13":"purchasable","14":"product-type-simple"},"acf":{"autor":"GARCIA LOPEZ, FELIX","codart":"847151952","libros-coleccion":"CUADERNOS BIBLICOS","ediciones":"1","encuadernacion":"[EditValue is null]","fecha_de_publicacion":"01\/02\/1994","novedad":"0","paginas":"62","subtitulo":"","orden":"999","portada":"0","idioma":"spa","editorial":[{"ID":6390,"post_author":"3","post_date":"2022-07-28 17:51:08","post_date_gmt":"2022-07-28 15:51:08","post_content":"","post_title":"VERBO DIVINO","post_excerpt":"","post_status":"publish","comment_status":"closed","ping_status":"closed","post_password":"","post_name":"verbo-divino","to_ping":"","pinged":"","post_modified":"2022-07-28 17:51:08","post_modified_gmt":"2022-07-28 15:51:08","post_content_filtered":"","post_parent":0,"guid":"http:\/\/dev.claret.cat\/editorial\/verbo-divino\/","menu_order":0,"post_type":"editorial","post_mime_type":"","comment_count":"0","filter":"raw"}],"autores-libros":[{"ID":155729,"post_author":"3","post_date":"2022-10-14 15:15:10","post_date_gmt":"2022-10-14 13:15:10","post_content":"","post_title":"F\u00c9LIX GARC\u00cdA L\u00d3PEZ","post_excerpt":"","post_status":"publish","comment_status":"closed","ping_status":"closed","post_password":"","post_name":"felix-garcia-lopez","to_ping":"","pinged":"","post_modified":"2022-10-14 15:15:10","post_modified_gmt":"2022-10-14 13:15:10","post_content_filtered":"","post_parent":0,"guid":"http:\/\/dev.claret.cat\/autor\/felix-garcia-lopez\/","menu_order":0,"post_type":"autor","post_mime_type":"","comment_count":"0","filter":"raw"}],"booktrailer":"","resenas":""},"aioseo_notices":[],"_links":{"self":[{"href":"https:\/\/www.claret.cat\/es\/wp-json\/wp\/v2\/product\/32383","targetHints":{"allow":["GET"]}}],"collection":[{"href":"https:\/\/www.claret.cat\/es\/wp-json\/wp\/v2\/product"}],"about":[{"href":"https:\/\/www.claret.cat\/es\/wp-json\/wp\/v2\/types\/product"}],"wp:featuredmedia":[{"embeddable":true,"href":"https:\/\/www.claret.cat\/es\/wp-json\/wp\/v2\/media\/1020318"}],"wp:attachment":[{"href":"https:\/\/www.claret.cat\/es\/wp-json\/wp\/v2\/media?parent=32383"}],"wp:term":[{"taxonomy":"product_brand","embeddable":true,"href":"https:\/\/www.claret.cat\/es\/wp-json\/wp\/v2\/product_brand?post=32383"},{"taxonomy":"product_cat","embeddable":true,"href":"https:\/\/www.claret.cat\/es\/wp-json\/wp\/v2\/product_cat?post=32383"},{"taxonomy":"product_tag","embeddable":true,"href":"https:\/\/www.claret.cat\/es\/wp-json\/wp\/v2\/product_tag?post=32383"}],"curies":[{"name":"wp","href":"https:\/\/api.w.org\/{rel}","templated":true}]}}