{"id":32397,"date":"2022-10-02T12:06:08","date_gmt":"2022-10-02T10:06:08","guid":{"rendered":"http:\/\/dev.claret.cat\/producte\/el-pa-de-la-paraula-5\/"},"modified":"2024-07-24T17:31:06","modified_gmt":"2024-07-24T15:31:06","slug":"el-pa-de-la-paraula-5-9788482977140","status":"publish","type":"product","link":"https:\/\/www.claret.cat\/es\/libro\/el-pa-de-la-paraula-5-9788482977140\/","title":{"rendered":"EL PA DE LA PARAULA. 5"},"content":{"rendered":"<p>Amb la publicaci\u00f3 d&#8217;aquest cinqu\u00e8 volum queda completada l&#8217;obra &#8216;EL PA DE LA PARAULA&#8217;. Ara ja podem oferir una reflexi\u00f3 sobre l&#8217;evangeli de cada un dels dies de l&#8217;any, siguin feiners o festius. El present volum s\u00f3n les homilies dels diumenges i festius del cicle C predicades -revisades i posades al dia- a la parr\u00f2quia de sant Mart\u00ed del Clot.<br \/>M&#8217;agradaria que aquest llibre fos un ajut per a viure m\u00e9s plenament el Diumenge, el &#8216;Dia del Senyor&#8217;, la gran festa joiosa que ens recorda el gran triomf de Crist sobre el mal i la mort.<\/p>\n","protected":false},"excerpt":{"rendered":"<p>ARMENGOL I BERNILS, LLU\u00cdS, S.J<\/p>\n","protected":false},"featured_media":355750,"template":"","meta":{"_acf_changed":false,"om_disable_all_campaigns":false,"rs_blank_template":"","rs_page_bg_color":"","slide_template_v7":"","inline_featured_image":false,"_monsterinsights_skip_tracking":false,"_monsterinsights_sitenote_active":false,"_monsterinsights_sitenote_note":"","_monsterinsights_sitenote_category":0},"product_brand":[],"product_cat":[399,253,581,501,256,346,80,394,236],"product_tag":[],"class_list":{"0":"post-32397","1":"product","2":"type-product","3":"status-publish","4":"has-post-thumbnail","6":"product_cat-any-liturgic-liturgia-1_espiritualidad","7":"product_cat-any-liturgic","8":"product_cat-editorial-claret","9":"product_cat-homiletica-liturgia-1_espiritualidad","10":"product_cat-homiletica","11":"product_cat-libros-liturgia","12":"product_cat-liturgia","13":"product_cat-vida-cotidiana","14":"product_cat-vida-quotidiana","16":"first","17":"instock","18":"taxable","19":"shipping-taxable","20":"purchasable","21":"product-type-simple"},"acf":{"autor":"ARMENGOL I BERNILS, LLU\u00cdS, S.J","codart":"848297714","libros-coleccion":"EINES","ediciones":"1","encuadernacion":"R\u00fastica","fecha_de_publicacion":"01\/09\/2006","novedad":"0","paginas":"156","subtitulo":"DIUMENGES I FESTIUS CICLE C","orden":"999","portada":"0","idioma":"cat","editorial":[{"ID":6158,"post_author":"3","post_date":"2022-07-28 17:46:08","post_date_gmt":"2022-07-28 15:46:08","post_content":"","post_title":"CLARET","post_excerpt":"","post_status":"publish","comment_status":"closed","ping_status":"closed","post_password":"","post_name":"claret","to_ping":"","pinged":"","post_modified":"2022-07-28 17:46:08","post_modified_gmt":"2022-07-28 15:46:08","post_content_filtered":"","post_parent":0,"guid":"http:\/\/dev.claret.cat\/editorial\/claret\/","menu_order":0,"post_type":"editorial","post_mime_type":"","comment_count":"0","filter":"raw"}],"autores-libros":[{"ID":162328,"post_author":"3","post_date":"2022-10-14 17:30:09","post_date_gmt":"2022-10-14 15:30:09","post_content":"","post_title":"LLU\u00cdS ARMENGOL I BERNILS","post_excerpt":"","post_status":"publish","comment_status":"closed","ping_status":"closed","post_password":"","post_name":"lluis-armengol-i-bernils","to_ping":"","pinged":"","post_modified":"2022-10-14 17:30:09","post_modified_gmt":"2022-10-14 15:30:09","post_content_filtered":"","post_parent":0,"guid":"http:\/\/dev.claret.cat\/autor\/lluis-armengol-i-bernils\/","menu_order":0,"post_type":"autor","post_mime_type":"","comment_count":"0","filter":"raw"}]},"aioseo_notices":[],"_links":{"self":[{"href":"https:\/\/www.claret.cat\/es\/wp-json\/wp\/v2\/product\/32397","targetHints":{"allow":["GET"]}}],"collection":[{"href":"https:\/\/www.claret.cat\/es\/wp-json\/wp\/v2\/product"}],"about":[{"href":"https:\/\/www.claret.cat\/es\/wp-json\/wp\/v2\/types\/product"}],"wp:featuredmedia":[{"embeddable":true,"href":"https:\/\/www.claret.cat\/es\/wp-json\/wp\/v2\/media\/355750"}],"wp:attachment":[{"href":"https:\/\/www.claret.cat\/es\/wp-json\/wp\/v2\/media?parent=32397"}],"wp:term":[{"taxonomy":"product_brand","embeddable":true,"href":"https:\/\/www.claret.cat\/es\/wp-json\/wp\/v2\/product_brand?post=32397"},{"taxonomy":"product_cat","embeddable":true,"href":"https:\/\/www.claret.cat\/es\/wp-json\/wp\/v2\/product_cat?post=32397"},{"taxonomy":"product_tag","embeddable":true,"href":"https:\/\/www.claret.cat\/es\/wp-json\/wp\/v2\/product_tag?post=32397"}],"curies":[{"name":"wp","href":"https:\/\/api.w.org\/{rel}","templated":true}]}}