{"id":324243,"date":"2023-01-03T06:28:09","date_gmt":"2023-01-03T05:28:09","guid":{"rendered":"https:\/\/www.claret.cat\/llibre\/em-dic-clara-dassis-9788498832389\/"},"modified":"2024-06-19T12:20:45","modified_gmt":"2024-06-19T10:20:45","slug":"em-dic-clara-dassis-9788498832389","status":"publish","type":"product","link":"https:\/\/www.claret.cat\/es\/libro\/em-dic-clara-dassis-9788498832389\/","title":{"rendered":"EM DIC CLARA D&#8217;ASSIS"},"content":{"rendered":"<p>Aquest llibre ens apropa al cor de Clara d&#8217;Ass\u00eds. No es tracta d&#8217;una biografia detallada o d&#8217;un tractat esp\u00e8s d&#8217;espiritualitat franciscana; m\u00e9s aviat vol ser una aproximaci\u00f3 cordial a la santa d&#8217;ahir capa\u00e7 de dialogar amb nosaltres avui, en el marc de la celebraci\u00f3 del 8\u00e8 Centenari de la fundaci\u00f3 de l&#8217;Orde de Santa Clara.<\/p>\n","protected":false},"excerpt":{"rendered":"<p>BOSCH PONS, GADI<\/p>\n","protected":false},"featured_media":971213,"template":"","meta":{"_acf_changed":false,"om_disable_all_campaigns":false,"rs_blank_template":"","rs_page_bg_color":"","slide_template_v7":"","inline_featured_image":false,"_monsterinsights_skip_tracking":false,"_monsterinsights_sitenote_active":false,"_monsterinsights_sitenote_note":"","_monsterinsights_sitenote_category":0},"product_brand":[],"product_cat":[90,540],"product_tag":[],"class_list":{"0":"post-324243","1":"product","2":"type-product","3":"status-publish","4":"has-post-thumbnail","6":"product_cat-altres","7":"product_cat-otros","9":"first","10":"instock","11":"taxable","12":"shipping-taxable","13":"purchasable","14":"product-type-simple"},"acf":{"editorial":[{"ID":8266,"post_author":"3","post_date":"2022-09-30 09:21:36","post_date_gmt":"2022-09-30 07:21:36","post_content":"","post_title":"PUBLICACIONS DE L'ABADIA DE MONTSERRAT","post_excerpt":"","post_status":"publish","comment_status":"closed","ping_status":"closed","post_password":"","post_name":"publicacions-de-labadia-de-montserrat-5","to_ping":"","pinged":"","post_modified":"2022-09-30 09:21:36","post_modified_gmt":"2022-09-30 07:21:36","post_content_filtered":"","post_parent":0,"guid":"http:\/\/dev.claret.cat\/editorial\/publicacions-de-labadia-de-montserrat-5\/","menu_order":0,"post_type":"editorial","post_mime_type":"","comment_count":"0","filter":"raw"}],"autores-libros":[{"ID":323163,"post_author":"3","post_date":"2023-01-03 05:24:41","post_date_gmt":"2023-01-03 04:24:41","post_content":"<div class=\"bio\">\r\n<div class=\"col-full\">\r\n<div class=\"datos\">\r\n\r\n<span class=\"fontstyle0\">Gadi Bosch Pons, nascuda a Ciutadella el 1959. El 1980 entr\u00e0 a la comunitat de<strong> germanes clarisses<\/strong> del monestir de Santa Clara de Ciutadella. Junt amb les germanes ha acompanyat molts grups de preg\u00e0ria, i tots els dies, v\u00e0ries vegades al llarg de la jornada, ha tingut a les mans l\u2019amable <strong>llibre dels Salms<\/strong> en l\u2019oraci\u00f3 de la fraternitat contemplativa. <\/span>\r\n\r\n<span class=\"fontstyle0\">Des del juliol del 2023, Gadi Bosch viu un temps de discerniment fora del monestir, estimant i lloant D\u00e9u en la senzillesa de la vida quotidiana. Ha publicat <\/span><span class=\"fontstyle2\"><a href=\"https:\/\/www.editorialclaret.cat\/producte\/brins-desperanca-8498460506\/?c\"><strong><em>Brins d\u2019esperan\u00e7a<\/em> <\/strong><\/a>(2007)<\/span><span class=\"fontstyle0\">,<em><strong>\u00a0<\/strong><\/em><\/span><span class=\"fontstyle2\"><a href=\"https:\/\/www.claret.cat\/llibre\/em-dic-clara-dassis-9788498832389\/?c=\"><em><strong>E<\/strong><\/em><em><strong>m dic Clara d\u2019Ass\u00eds <\/strong><\/em><\/a>(<\/span><span class=\"fontstyle0\">2010), <\/span><span class=\"fontstyle2\"><a href=\"https:\/\/www.claret.cat\/llibre\/abecedari-sobre-la-pregaria-9788498462104\/?c=\"><em><strong>Abecedari de la preg\u00e0ria<\/strong><\/em><\/a> (<\/span><span class=\"fontstyle0\">2011), <\/span><span class=\"fontstyle2\"><em><strong>Comentaris Paraula i vida<\/strong><\/em> (<\/span><span class=\"fontstyle0\">2012) i <em><strong>Brins de salms.<\/strong><\/em><\/span>\r\n\r\n<\/div>\r\n<\/div>\r\n<\/div>\r\n<div class=\"libros\">\r\n<div class=\"col-full\"><\/div>\r\n<\/div>","post_title":"GADI BOSCH PONS","post_excerpt":"","post_status":"publish","comment_status":"closed","ping_status":"closed","post_password":"","post_name":"gadi-bosch-pons","to_ping":"","pinged":"","post_modified":"2024-07-09 13:03:16","post_modified_gmt":"2024-07-09 11:03:16","post_content_filtered":"","post_parent":0,"guid":"https:\/\/www.claret.cat\/autor\/gadi-bosch-pons\/","menu_order":0,"post_type":"autor","post_mime_type":"","comment_count":"0","filter":"raw"}],"autor":"BOSCH PONS, GADI","codart":"849883238","libros-coleccion":"","ediciones":"1","encuadernacion":"R\u00fastica","fecha_de_publicacion":"20\/04\/2010","novedad":"0","paginas":"95","subtitulo":"","orden":"999","portada":"0","idioma":"cat"},"aioseo_notices":[],"_links":{"self":[{"href":"https:\/\/www.claret.cat\/es\/wp-json\/wp\/v2\/product\/324243","targetHints":{"allow":["GET"]}}],"collection":[{"href":"https:\/\/www.claret.cat\/es\/wp-json\/wp\/v2\/product"}],"about":[{"href":"https:\/\/www.claret.cat\/es\/wp-json\/wp\/v2\/types\/product"}],"wp:featuredmedia":[{"embeddable":true,"href":"https:\/\/www.claret.cat\/es\/wp-json\/wp\/v2\/media\/971213"}],"wp:attachment":[{"href":"https:\/\/www.claret.cat\/es\/wp-json\/wp\/v2\/media?parent=324243"}],"wp:term":[{"taxonomy":"product_brand","embeddable":true,"href":"https:\/\/www.claret.cat\/es\/wp-json\/wp\/v2\/product_brand?post=324243"},{"taxonomy":"product_cat","embeddable":true,"href":"https:\/\/www.claret.cat\/es\/wp-json\/wp\/v2\/product_cat?post=324243"},{"taxonomy":"product_tag","embeddable":true,"href":"https:\/\/www.claret.cat\/es\/wp-json\/wp\/v2\/product_tag?post=324243"}],"curies":[{"name":"wp","href":"https:\/\/api.w.org\/{rel}","templated":true}]}}