{"id":324269,"date":"2023-01-03T06:30:22","date_gmt":"2023-01-03T05:30:22","guid":{"rendered":"https:\/\/www.claret.cat\/llibre\/autobiografia-dun-monjo-zen-9788498832785\/"},"modified":"2024-05-22T17:21:41","modified_gmt":"2024-05-22T15:21:41","slug":"autobiografia-dun-monjo-zen-9788498832785","status":"publish","type":"product","link":"https:\/\/www.claret.cat\/es\/libro\/autobiografia-dun-monjo-zen-9788498832785\/","title":{"rendered":"AUTOBIOGRAFIA D&#8217;UN MONJO ZEN"},"content":{"rendered":"<p>Aquest llibre \u00e9s el relat d&#8217;itinerari espiritual d&#8217;un home que ha marcat la nostra \u00e8poca. Amb gran senzillesa i de manera molt directa, Roshi Taisen Deshimaru hi exposa les dificultats amb qu\u00e8 va topar per assumir una vocaci\u00f3 que finalment l&#8217;havia de conduir a difondre el zen a Europa.<\/p>\n","protected":false},"excerpt":{"rendered":"<p>DESHIMARU, TAISEN<\/p>\n","protected":false},"featured_media":0,"template":"","meta":{"_acf_changed":false,"om_disable_all_campaigns":false,"rs_blank_template":"","rs_page_bg_color":"","slide_template_v7":"","inline_featured_image":false,"_monsterinsights_skip_tracking":false,"_monsterinsights_sitenote_active":false,"_monsterinsights_sitenote_note":"","_monsterinsights_sitenote_category":0},"product_brand":[],"product_cat":[90,540],"product_tag":[],"class_list":{"0":"post-324269","1":"product","2":"type-product","3":"status-publish","5":"product_cat-altres","6":"product_cat-otros","8":"first","9":"instock","10":"taxable","11":"shipping-taxable","12":"purchasable","13":"product-type-simple"},"acf":{"editorial":[{"ID":8266,"post_author":"3","post_date":"2022-09-30 09:21:36","post_date_gmt":"2022-09-30 07:21:36","post_content":"","post_title":"PUBLICACIONS DE L'ABADIA DE MONTSERRAT","post_excerpt":"","post_status":"publish","comment_status":"closed","ping_status":"closed","post_password":"","post_name":"publicacions-de-labadia-de-montserrat-5","to_ping":"","pinged":"","post_modified":"2022-09-30 09:21:36","post_modified_gmt":"2022-09-30 07:21:36","post_content_filtered":"","post_parent":0,"guid":"http:\/\/dev.claret.cat\/editorial\/publicacions-de-labadia-de-montserrat-5\/","menu_order":0,"post_type":"editorial","post_mime_type":"","comment_count":"0","filter":"raw"}],"autores-libros":[{"ID":170086,"post_author":"3","post_date":"2022-10-14 22:32:27","post_date_gmt":"2022-10-14 20:32:27","post_content":"","post_title":"TAISEN DESHIMARU","post_excerpt":"","post_status":"publish","comment_status":"closed","ping_status":"closed","post_password":"","post_name":"taisen-deshimaru","to_ping":"","pinged":"","post_modified":"2022-10-14 22:32:27","post_modified_gmt":"2022-10-14 20:32:27","post_content_filtered":"","post_parent":0,"guid":"http:\/\/dev.claret.cat\/autor\/taisen-deshimaru\/","menu_order":0,"post_type":"autor","post_mime_type":"","comment_count":"0","filter":"raw"}],"autor":"DESHIMARU, TAISEN","codart":"849883278","libros-coleccion":"","ediciones":"1","encuadernacion":"R\u00fastica","fecha_de_publicacion":"01\/06\/2010","novedad":"0","paginas":"224","subtitulo":"","orden":"999","portada":"0","idioma":"cat"},"aioseo_notices":[],"_links":{"self":[{"href":"https:\/\/www.claret.cat\/es\/wp-json\/wp\/v2\/product\/324269","targetHints":{"allow":["GET"]}}],"collection":[{"href":"https:\/\/www.claret.cat\/es\/wp-json\/wp\/v2\/product"}],"about":[{"href":"https:\/\/www.claret.cat\/es\/wp-json\/wp\/v2\/types\/product"}],"wp:attachment":[{"href":"https:\/\/www.claret.cat\/es\/wp-json\/wp\/v2\/media?parent=324269"}],"wp:term":[{"taxonomy":"product_brand","embeddable":true,"href":"https:\/\/www.claret.cat\/es\/wp-json\/wp\/v2\/product_brand?post=324269"},{"taxonomy":"product_cat","embeddable":true,"href":"https:\/\/www.claret.cat\/es\/wp-json\/wp\/v2\/product_cat?post=324269"},{"taxonomy":"product_tag","embeddable":true,"href":"https:\/\/www.claret.cat\/es\/wp-json\/wp\/v2\/product_tag?post=324269"}],"curies":[{"name":"wp","href":"https:\/\/api.w.org\/{rel}","templated":true}]}}