{"id":324437,"date":"2023-01-03T06:47:24","date_gmt":"2023-01-03T05:47:24","guid":{"rendered":"https:\/\/www.claret.cat\/llibre\/aportacions-a-lestudi-de-la-filologia-i-la-linguistica-catalanes-9788498836790\/"},"modified":"2024-05-22T16:34:22","modified_gmt":"2024-05-22T14:34:22","slug":"aportacions-a-lestudi-de-la-filologia-i-la-linguistica-catalanes-9788498836790","status":"publish","type":"product","link":"https:\/\/www.claret.cat\/es\/libro\/aportacions-a-lestudi-de-la-filologia-i-la-linguistica-catalanes-9788498836790\/","title":{"rendered":"APORTACIONS A L&#8217;ESTUDI DE LA FILOLOGIA I LA LING\u00dc\u00cdSTICA CATALANES"},"content":{"rendered":"","protected":false},"excerpt":{"rendered":"<p>MART\u00cd I CASTELL, JOAN<\/p>\n","protected":false},"featured_media":0,"template":"","meta":{"_acf_changed":false,"om_disable_all_campaigns":false,"rs_blank_template":"","rs_page_bg_color":"","slide_template_v7":"","inline_featured_image":false,"_monsterinsights_skip_tracking":false,"_monsterinsights_sitenote_active":false,"_monsterinsights_sitenote_note":"","_monsterinsights_sitenote_category":0},"product_brand":[],"product_cat":[90,540],"product_tag":[],"class_list":{"0":"post-324437","1":"product","2":"type-product","3":"status-publish","5":"product_cat-altres","6":"product_cat-otros","8":"first","9":"instock","10":"taxable","11":"shipping-taxable","12":"purchasable","13":"product-type-simple"},"acf":{"editorial":[{"ID":8266,"post_author":"3","post_date":"2022-09-30 09:21:36","post_date_gmt":"2022-09-30 07:21:36","post_content":"","post_title":"PUBLICACIONS DE L'ABADIA DE MONTSERRAT","post_excerpt":"","post_status":"publish","comment_status":"closed","ping_status":"closed","post_password":"","post_name":"publicacions-de-labadia-de-montserrat-5","to_ping":"","pinged":"","post_modified":"2022-09-30 09:21:36","post_modified_gmt":"2022-09-30 07:21:36","post_content_filtered":"","post_parent":0,"guid":"http:\/\/dev.claret.cat\/editorial\/publicacions-de-labadia-de-montserrat-5\/","menu_order":0,"post_type":"editorial","post_mime_type":"","comment_count":"0","filter":"raw"}],"autores-libros":[{"ID":323507,"post_author":"3","post_date":"2023-01-03 05:39:00","post_date_gmt":"2023-01-03 04:39:00","post_content":"","post_title":"JOAN MARTI I CASTELL","post_excerpt":"","post_status":"publish","comment_status":"closed","ping_status":"closed","post_password":"","post_name":"joan-marti-i-castell","to_ping":"","pinged":"","post_modified":"2023-01-03 05:39:00","post_modified_gmt":"2023-01-03 04:39:00","post_content_filtered":"","post_parent":0,"guid":"https:\/\/www.claret.cat\/autor\/joan-marti-i-castell\/","menu_order":0,"post_type":"autor","post_mime_type":"","comment_count":"0","filter":"raw"}],"autor":"MART\u00cd I CASTELL, JOAN","codart":"849883679","libros-coleccion":"","ediciones":"1","encuadernacion":"R\u00fastica","fecha_de_publicacion":"22\/05\/2014","novedad":"0","paginas":"272","subtitulo":"","orden":"999","portada":"0","idioma":"cat"},"aioseo_notices":[],"_links":{"self":[{"href":"https:\/\/www.claret.cat\/es\/wp-json\/wp\/v2\/product\/324437","targetHints":{"allow":["GET"]}}],"collection":[{"href":"https:\/\/www.claret.cat\/es\/wp-json\/wp\/v2\/product"}],"about":[{"href":"https:\/\/www.claret.cat\/es\/wp-json\/wp\/v2\/types\/product"}],"wp:attachment":[{"href":"https:\/\/www.claret.cat\/es\/wp-json\/wp\/v2\/media?parent=324437"}],"wp:term":[{"taxonomy":"product_brand","embeddable":true,"href":"https:\/\/www.claret.cat\/es\/wp-json\/wp\/v2\/product_brand?post=324437"},{"taxonomy":"product_cat","embeddable":true,"href":"https:\/\/www.claret.cat\/es\/wp-json\/wp\/v2\/product_cat?post=324437"},{"taxonomy":"product_tag","embeddable":true,"href":"https:\/\/www.claret.cat\/es\/wp-json\/wp\/v2\/product_tag?post=324437"}],"curies":[{"name":"wp","href":"https:\/\/api.w.org\/{rel}","templated":true}]}}