{"id":324445,"date":"2023-01-03T06:48:10","date_gmt":"2023-01-03T05:48:10","guid":{"rendered":"https:\/\/www.claret.cat\/llibre\/gaudi-animals-9788498836981\/"},"modified":"2026-03-31T18:31:25","modified_gmt":"2026-03-31T16:31:25","slug":"gaudi-animals-9788498836981","status":"publish","type":"product","link":"https:\/\/www.claret.cat\/es\/libro\/gaudi-animals-9788498836981\/","title":{"rendered":"GAUDI. ANIMALS"},"content":{"rendered":"<p>Els m\u00e9s petits podr\u00e1n pintar els animals presents en les obres arquitect\u00f2niques de Gaud\u00ed: la salamandra del parc G\u00fcell, cargols, coloms i tortugues de la Sagrada Fam\u00edlia, el lle\u00f3 dels jardins Artiques i molts d&#8217;altres. Siluetes retallades per dibuixar i pintar, p\u00e0gines que belluguen tot un imaginari gaudini\u00e0 al seu abast.<\/p>\n","protected":false},"excerpt":{"rendered":"<p>GINESTA, MONTSE<\/p>\n","protected":false},"featured_media":1093925,"template":"","meta":{"_acf_changed":false,"om_disable_all_campaigns":false,"rs_blank_template":"","rs_page_bg_color":"","slide_template_v7":"","inline_featured_image":false,"_monsterinsights_skip_tracking":false,"_monsterinsights_sitenote_active":false,"_monsterinsights_sitenote_note":"","_monsterinsights_sitenote_category":0},"product_brand":[],"product_cat":[135,365],"product_tag":[],"class_list":{"0":"post-324445","1":"product","2":"type-product","3":"status-publish","4":"has-post-thumbnail","6":"product_cat-entreteniment","7":"product_cat-entretenimientos","9":"first","10":"instock","11":"taxable","12":"shipping-taxable","13":"purchasable","14":"product-type-simple"},"acf":{"editorial":[{"ID":8266,"post_author":"3","post_date":"2022-09-30 09:21:36","post_date_gmt":"2022-09-30 07:21:36","post_content":"","post_title":"PUBLICACIONS DE L'ABADIA DE MONTSERRAT","post_excerpt":"","post_status":"publish","comment_status":"closed","ping_status":"closed","post_password":"","post_name":"publicacions-de-labadia-de-montserrat-5","to_ping":"","pinged":"","post_modified":"2022-09-30 09:21:36","post_modified_gmt":"2022-09-30 07:21:36","post_content_filtered":"","post_parent":0,"guid":"http:\/\/dev.claret.cat\/editorial\/publicacions-de-labadia-de-montserrat-5\/","menu_order":0,"post_type":"editorial","post_mime_type":"","comment_count":"0","filter":"raw"}],"autores-libros":[{"ID":165391,"post_author":"3","post_date":"2022-10-14 17:54:48","post_date_gmt":"2022-10-14 15:54:48","post_content":"","post_title":"MONTSE GINESTA","post_excerpt":"","post_status":"publish","comment_status":"closed","ping_status":"closed","post_password":"","post_name":"montse-ginesta","to_ping":"","pinged":"","post_modified":"2022-10-14 17:54:48","post_modified_gmt":"2022-10-14 15:54:48","post_content_filtered":"","post_parent":0,"guid":"http:\/\/dev.claret.cat\/autor\/montse-ginesta\/","menu_order":0,"post_type":"autor","post_mime_type":"","comment_count":"0","filter":"raw"}],"autor":"GINESTA, MONTSE","codart":"849883698","libros-coleccion":"","ediciones":"1","encuadernacion":"R\u00fastica","fecha_de_publicacion":"08\/09\/2014","novedad":"0","paginas":"32","subtitulo":"","orden":"999","portada":"0","idioma":"cat","booktrailer":"","resenas":""},"aioseo_notices":[],"_links":{"self":[{"href":"https:\/\/www.claret.cat\/es\/wp-json\/wp\/v2\/product\/324445","targetHints":{"allow":["GET"]}}],"collection":[{"href":"https:\/\/www.claret.cat\/es\/wp-json\/wp\/v2\/product"}],"about":[{"href":"https:\/\/www.claret.cat\/es\/wp-json\/wp\/v2\/types\/product"}],"wp:featuredmedia":[{"embeddable":true,"href":"https:\/\/www.claret.cat\/es\/wp-json\/wp\/v2\/media\/1093925"}],"wp:attachment":[{"href":"https:\/\/www.claret.cat\/es\/wp-json\/wp\/v2\/media?parent=324445"}],"wp:term":[{"taxonomy":"product_brand","embeddable":true,"href":"https:\/\/www.claret.cat\/es\/wp-json\/wp\/v2\/product_brand?post=324445"},{"taxonomy":"product_cat","embeddable":true,"href":"https:\/\/www.claret.cat\/es\/wp-json\/wp\/v2\/product_cat?post=324445"},{"taxonomy":"product_tag","embeddable":true,"href":"https:\/\/www.claret.cat\/es\/wp-json\/wp\/v2\/product_tag?post=324445"}],"curies":[{"name":"wp","href":"https:\/\/api.w.org\/{rel}","templated":true}]}}