{"id":32475,"date":"2022-10-02T12:07:13","date_gmt":"2022-10-02T10:07:13","guid":{"rendered":"http:\/\/dev.claret.cat\/producte\/django-desencadenado\/"},"modified":"2023-01-28T00:21:37","modified_gmt":"2023-01-27T23:21:37","slug":"django-desencadenado-9788491740438","status":"publish","type":"product","link":"https:\/\/www.claret.cat\/es\/libro\/django-desencadenado-9788491740438\/","title":{"rendered":"DJANGO DESENCADENADO"},"content":{"rendered":"<p>Django desencadenado, de Quentin Tarantino, fue aclamada por la cr\u00edtica gracias a un gui\u00f3n magistral, a la riqueza con la que incorpora la comicidad y a su potencia conceptual. <\/p>\n<p>Realizada directamente a partir del primer borrador del gui\u00f3n que le dio a Tarantino su segundo \u00d3scar, esta novela gr\u00e1fica contiene escenas adicionales y di\u00e1logos que jam\u00e1s figuraron en la pel\u00edcula. Aqu\u00ed se revelan por primera vez. <\/p>\n<p> Trasladado por Reginald Hudlin (Pantera Negra) y bellamente ilustrado por dibujantes de la talla de R.M. Gu\u00e9ra (Scalped), Denys Cowan (The Question) y Jason Latour (AIDP).<\/p>\n","protected":false},"excerpt":{"rendered":"<p>TARANTINO, QUENTIN \/ GUERA, R.M. \/ HUDLIN, REGINALD \/ ZEZELJ, DANIJEL \/ LATOUR,<\/p>\n","protected":false},"featured_media":67498,"template":"","meta":{"_acf_changed":false,"om_disable_all_campaigns":false,"rs_blank_template":"","rs_page_bg_color":"","slide_template_v7":"","inline_featured_image":false,"_monsterinsights_skip_tracking":false,"_monsterinsights_sitenote_active":false,"_monsterinsights_sitenote_note":"","_monsterinsights_sitenote_category":0},"product_brand":[],"product_cat":[108],"product_tag":[],"class_list":{"0":"post-32475","1":"product","2":"type-product","3":"status-publish","4":"has-post-thumbnail","6":"product_cat-comic","8":"first","9":"instock","10":"taxable","11":"shipping-taxable","12":"purchasable","13":"product-type-simple"},"acf":{"autor":"TARANTINO, QUENTIN \/ GUERA, R.M. \/ HUDLIN, REGINALD \/ ZEZELJ, DANIJEL \/ LATOUR,","codart":"849174043","libros-coleccion":"INDEPENDIENTES USA","ediciones":"1","encuadernacion":"Carton\u00e9","fecha_de_publicacion":"01\/09\/2019","novedad":"1","paginas":"0","subtitulo":"","orden":"0","portada":"0","idioma":"spa","editorial":[{"ID":148675,"post_author":"3","post_date":"2022-10-14 12:00:06","post_date_gmt":"2022-10-14 10:00:06","post_content":"","post_title":"Planeta DeAgostini C\u00f3mics","post_excerpt":"","post_status":"publish","comment_status":"closed","ping_status":"closed","post_password":"","post_name":"planeta-deagostini-comics","to_ping":"","pinged":"","post_modified":"2022-10-14 12:00:06","post_modified_gmt":"2022-10-14 10:00:06","post_content_filtered":"","post_parent":0,"guid":"http:\/\/dev.claret.cat\/editorial\/planeta-deagostini-comics\/","menu_order":0,"post_type":"editorial","post_mime_type":"","comment_count":"0","filter":"raw"}],"autores-libros":[{"ID":167503,"post_author":"3","post_date":"2022-10-14 18:11:43","post_date_gmt":"2022-10-14 16:11:43","post_content":"","post_title":"R.M. GUERA","post_excerpt":"","post_status":"publish","comment_status":"closed","ping_status":"closed","post_password":"","post_name":"r-m-guera","to_ping":"","pinged":"","post_modified":"2022-10-14 18:11:43","post_modified_gmt":"2022-10-14 16:11:43","post_content_filtered":"","post_parent":0,"guid":"http:\/\/dev.claret.cat\/autor\/r-m-guera\/","menu_order":0,"post_type":"autor","post_mime_type":"","comment_count":"0","filter":"raw"},{"ID":167934,"post_author":"3","post_date":"2022-10-14 18:15:11","post_date_gmt":"2022-10-14 16:15:11","post_content":"","post_title":"REGINALD HUDLIN","post_excerpt":"","post_status":"publish","comment_status":"closed","ping_status":"closed","post_password":"","post_name":"reginald-hudlin","to_ping":"","pinged":"","post_modified":"2022-10-14 18:15:11","post_modified_gmt":"2022-10-14 16:15:11","post_content_filtered":"","post_parent":0,"guid":"http:\/\/dev.claret.cat\/autor\/reginald-hudlin\/","menu_order":0,"post_type":"autor","post_mime_type":"","comment_count":"0","filter":"raw"},{"ID":153677,"post_author":"3","post_date":"2022-10-14 14:58:39","post_date_gmt":"2022-10-14 12:58:39","post_content":"","post_title":"DANIJEL ZEZELJ","post_excerpt":"","post_status":"publish","comment_status":"closed","ping_status":"closed","post_password":"","post_name":"danijel-zezelj","to_ping":"","pinged":"","post_modified":"2022-10-14 14:58:39","post_modified_gmt":"2022-10-14 12:58:39","post_content_filtered":"","post_parent":0,"guid":"http:\/\/dev.claret.cat\/autor\/danijel-zezelj\/","menu_order":0,"post_type":"autor","post_mime_type":"","comment_count":"0","filter":"raw"},{"ID":161900,"post_author":"3","post_date":"2022-10-14 17:26:46","post_date_gmt":"2022-10-14 15:26:46","post_content":"","post_title":"LATOUR","post_excerpt":"","post_status":"publish","comment_status":"closed","ping_status":"closed","post_password":"","post_name":"latour","to_ping":"","pinged":"","post_modified":"2022-10-14 17:26:46","post_modified_gmt":"2022-10-14 15:26:46","post_content_filtered":"","post_parent":0,"guid":"http:\/\/dev.claret.cat\/autor\/latour\/","menu_order":0,"post_type":"autor","post_mime_type":"","comment_count":"0","filter":"raw"},{"ID":167453,"post_author":"3","post_date":"2022-10-14 18:11:19","post_date_gmt":"2022-10-14 16:11:19","post_content":"","post_title":"QUENTIN TARANTINO","post_excerpt":"","post_status":"publish","comment_status":"closed","ping_status":"closed","post_password":"","post_name":"quentin-tarantino","to_ping":"","pinged":"","post_modified":"2022-10-14 18:11:19","post_modified_gmt":"2022-10-14 16:11:19","post_content_filtered":"","post_parent":0,"guid":"http:\/\/dev.claret.cat\/autor\/quentin-tarantino\/","menu_order":0,"post_type":"autor","post_mime_type":"","comment_count":"0","filter":"raw"}]},"aioseo_notices":[],"_links":{"self":[{"href":"https:\/\/www.claret.cat\/es\/wp-json\/wp\/v2\/product\/32475","targetHints":{"allow":["GET"]}}],"collection":[{"href":"https:\/\/www.claret.cat\/es\/wp-json\/wp\/v2\/product"}],"about":[{"href":"https:\/\/www.claret.cat\/es\/wp-json\/wp\/v2\/types\/product"}],"wp:featuredmedia":[{"embeddable":true,"href":"https:\/\/www.claret.cat\/es\/wp-json\/wp\/v2\/media\/67498"}],"wp:attachment":[{"href":"https:\/\/www.claret.cat\/es\/wp-json\/wp\/v2\/media?parent=32475"}],"wp:term":[{"taxonomy":"product_brand","embeddable":true,"href":"https:\/\/www.claret.cat\/es\/wp-json\/wp\/v2\/product_brand?post=32475"},{"taxonomy":"product_cat","embeddable":true,"href":"https:\/\/www.claret.cat\/es\/wp-json\/wp\/v2\/product_cat?post=32475"},{"taxonomy":"product_tag","embeddable":true,"href":"https:\/\/www.claret.cat\/es\/wp-json\/wp\/v2\/product_tag?post=32475"}],"curies":[{"name":"wp","href":"https:\/\/api.w.org\/{rel}","templated":true}]}}