{"id":32478,"date":"2022-10-02T12:07:16","date_gmt":"2022-10-02T10:07:16","guid":{"rendered":"http:\/\/dev.claret.cat\/producte\/el-accidente-de-caza\/"},"modified":"2023-10-06T11:13:09","modified_gmt":"2023-10-06T09:13:09","slug":"el-accidente-de-caza-9788491749257","status":"publish","type":"product","link":"https:\/\/www.claret.cat\/es\/libro\/el-accidente-de-caza-9788491749257\/","title":{"rendered":"EL ACCIDENTE DE CAZA"},"content":{"rendered":"<p>La fascinante historia real de Matt Rizzo, un criminal ciego que no fue al colegio pero que recibi\u00f3 una educaci\u00f3n cl\u00e1sica en prisi\u00f3n por parte de su compa\u00f1ero de celda, Nathan Leopold hijo, del infame d\u00fao de asesinos Leopold y Loeb.<br \/> Charlie solo sabe que Matt Rizzo, su padre, un agradable intelectual que escribe poemas \u00e9picos en braille, perdi\u00f3 la vista en un accidente de caza. Ahora bien, esa no es la verdad y Charlie no lo descubre hasta que no se encuentra ante la posibilidad de entrar en la c\u00e1rcel por culpa de las malas compa\u00f1\u00edas de juventud. Matt Rizzo se qued\u00f3 ciego por un disparo de escopeta en la cara, s\u00ed, pero se lo llev\u00f3 cuando participaba en un robo a mano armada.<br \/> Poco despu\u00e9s de que lo dejaran ciego y tras haber perdido toda esperanza, Matt entr\u00f3 en la Prisi\u00f3n de Stateville. Sin embargo, contra todo pron\u00f3stico, uno de los m\u00e1s destacados asesinos de los Estados Unidos, Nathan Leopold hijo, del infame d\u00fao Leopold y Loeb, no solo le salv\u00f3 la vida, sino que salv\u00f3 su alma.<br \/> De manos de David L. Carlson y Landis Blair nos llega la incre\u00edble historia real de un padre y de un hijo y de un destacable viaje que parte de la desesperaci\u00f3n y no se detiene hasta alcanzar la iluminaci\u00f3n.<br \/> PREMIO FAUVE D&#8221;OR EN EL FESTIVAL DE ANGOULEME 2021.<\/p>\n<p>\u00abEn El accidente de caza, una historia en la que los asesinos salvan vidas, la luz proviene de la oscuridad y el crimen desemboca en redenci\u00f3n. Es muy probable que hagan una pel\u00edcula o una serie de Netflix en un par de a\u00f1os, pero, por ahora, \u00a1es un c\u00f3mic de la hostia!\u00bb. \/\/ GQ<\/p>\n<p>\u00abEl subt\u00edtulo no alcanza a capturar la magnitud de este ambicioso debut en el mundo del c\u00f3mic, una mezcla entre una biograf\u00eda, la historia, el comentario social, el an\u00e1lisis literario y mucho m\u00e1s. [\u2026] La excepcional labor de Blair con el dibujo, que sirve para mezclar el mundo tangible con el psicol\u00f3gico, ata los cabos de manera portentosa y sin que se noten las uniones\u00bb. \/\/ Publishers Weekly (rese\u00f1a destacada)<\/p>\n<p>\u00abUna historia real de alcance \u00e9pico que est\u00e1 contada de forma impresionante\u00bb. \/\/ Booklist (rese\u00f1a destacada)<\/p>\n","protected":false},"excerpt":{"rendered":"<p>CARLSON, DAVID \/ BLAIR, LANDIS<\/p>\n","protected":false},"featured_media":61446,"template":"","meta":{"_acf_changed":false,"om_disable_all_campaigns":false,"rs_blank_template":"","rs_page_bg_color":"","slide_template_v7":"","inline_featured_image":false,"_monsterinsights_skip_tracking":false,"_monsterinsights_sitenote_active":false,"_monsterinsights_sitenote_note":"","_monsterinsights_sitenote_category":0},"product_brand":[],"product_cat":[558],"product_tag":[],"class_list":{"0":"post-32478","1":"product","2":"type-product","3":"status-publish","4":"has-post-thumbnail","6":"product_cat-comic-3_infantil-juvenil-spa-spa","8":"first","9":"instock","10":"taxable","11":"shipping-taxable","12":"purchasable","13":"product-type-simple"},"acf":{"autor":"CARLSON, DAVID \/ BLAIR, LANDIS","codart":"849174925","libros-coleccion":"NOVELA GRAFICA","ediciones":"1","encuadernacion":"Carton\u00e9","fecha_de_publicacion":"01\/01\/2022","novedad":"1","paginas":"464","subtitulo":"","orden":"0","portada":"0","idioma":"spa","editorial":[{"ID":148674,"post_author":"3","post_date":"2022-10-14 12:00:06","post_date_gmt":"2022-10-14 10:00:06","post_content":"","post_title":"Planeta C\u00f3mic","post_excerpt":"","post_status":"publish","comment_status":"closed","ping_status":"closed","post_password":"","post_name":"planeta-comic","to_ping":"","pinged":"","post_modified":"2022-10-14 12:00:06","post_modified_gmt":"2022-10-14 10:00:06","post_content_filtered":"","post_parent":0,"guid":"http:\/\/dev.claret.cat\/editorial\/planeta-comic\/","menu_order":0,"post_type":"editorial","post_mime_type":"","comment_count":"0","filter":"raw"}],"autores-libros":[{"ID":161868,"post_author":"3","post_date":"2022-10-14 17:26:31","post_date_gmt":"2022-10-14 15:26:31","post_content":"","post_title":"LANDIS BLAIR","post_excerpt":"","post_status":"publish","comment_status":"closed","ping_status":"closed","post_password":"","post_name":"landis-blair","to_ping":"","pinged":"","post_modified":"2022-10-14 17:26:31","post_modified_gmt":"2022-10-14 15:26:31","post_content_filtered":"","post_parent":0,"guid":"http:\/\/dev.claret.cat\/autor\/landis-blair\/","menu_order":0,"post_type":"autor","post_mime_type":"","comment_count":"0","filter":"raw"},{"ID":153769,"post_author":"3","post_date":"2022-10-14 14:59:23","post_date_gmt":"2022-10-14 12:59:23","post_content":"","post_title":"DAVID CARLSON","post_excerpt":"","post_status":"publish","comment_status":"closed","ping_status":"closed","post_password":"","post_name":"david-carlson","to_ping":"","pinged":"","post_modified":"2022-10-14 14:59:23","post_modified_gmt":"2022-10-14 12:59:23","post_content_filtered":"","post_parent":0,"guid":"http:\/\/dev.claret.cat\/autor\/david-carlson\/","menu_order":0,"post_type":"autor","post_mime_type":"","comment_count":"0","filter":"raw"}]},"aioseo_notices":[],"_links":{"self":[{"href":"https:\/\/www.claret.cat\/es\/wp-json\/wp\/v2\/product\/32478","targetHints":{"allow":["GET"]}}],"collection":[{"href":"https:\/\/www.claret.cat\/es\/wp-json\/wp\/v2\/product"}],"about":[{"href":"https:\/\/www.claret.cat\/es\/wp-json\/wp\/v2\/types\/product"}],"wp:featuredmedia":[{"embeddable":true,"href":"https:\/\/www.claret.cat\/es\/wp-json\/wp\/v2\/media\/61446"}],"wp:attachment":[{"href":"https:\/\/www.claret.cat\/es\/wp-json\/wp\/v2\/media?parent=32478"}],"wp:term":[{"taxonomy":"product_brand","embeddable":true,"href":"https:\/\/www.claret.cat\/es\/wp-json\/wp\/v2\/product_brand?post=32478"},{"taxonomy":"product_cat","embeddable":true,"href":"https:\/\/www.claret.cat\/es\/wp-json\/wp\/v2\/product_cat?post=32478"},{"taxonomy":"product_tag","embeddable":true,"href":"https:\/\/www.claret.cat\/es\/wp-json\/wp\/v2\/product_tag?post=32478"}],"curies":[{"name":"wp","href":"https:\/\/api.w.org\/{rel}","templated":true}]}}