{"id":324929,"date":"2023-01-03T17:31:06","date_gmt":"2023-01-03T16:31:06","guid":{"rendered":"https:\/\/www.claret.cat\/llibre\/jesus-de-natzaret-9788498460759\/"},"modified":"2026-03-13T17:10:52","modified_gmt":"2026-03-13T16:10:52","slug":"jesus-de-natzaret-9788498460759","status":"publish","type":"product","link":"https:\/\/www.claret.cat\/es\/libro\/jesus-de-natzaret-9788498460759\/","title":{"rendered":"JES\u00daS DE NATZARET"},"content":{"rendered":"<p>Qui \u00e9s Jes\u00fas de Natzaret, i qu\u00e8 podem saber d\u2019ell? \u00c9s nom\u00e9s home? \u00c9s el fill de D\u00e9u? Quina \u00e9s la veritat sobre Jes\u00fas? Segons la resposta que es doni, la fe cristiana s\u2019aguanta o cau. Aquest llibre \u00e9s el primer que Benet XVI presenta despr\u00e9s de la seva elecci\u00f3 com a papa de l\u2019Esgl\u00e9sia cat\u00f2lica, i mostra essencialment la seva visi\u00f3 de Jesucrist, un Jes\u00fas conscient de la seva divinitat que \u2013al contrari que en altres interpretacions de la seva figura\u2013 no passa per un liberal o revolucionari. L\u2019obra se situa dins el context de tota la B\u00edblia i dins el moment hist\u00f2ric de Jes\u00fas. Des d\u2019aquest punt de vista, Benet XVI considera que els evangelis no amaguen la veritat hist\u00f2rica sobre Jes\u00fas, sin\u00f3 que la manifesten: \u00abEstic conven\u00e7ut \u2013diu\u2013 que aquesta figura \u00e9s molt m\u00e9s l\u00f2gica i hist\u00f2ricament molt m\u00e9s entenedora que aquestes reconstruccions que s\u2019han presentat a la nostra consideraci\u00f3 en els darrers decennis. Crec que justament aquest Jes\u00fas \u2013el Jes\u00fas dels Evangelis\u2013 \u00e9s una figura hist\u00f2ricament plena de sentit i coherent.\u201d<\/p>\n","protected":false},"excerpt":{"rendered":"<p>RATZINGER, JOSEPH<\/p>\n","protected":false},"featured_media":1090086,"template":"","meta":{"_acf_changed":false,"om_disable_all_campaigns":false,"rs_blank_template":"","rs_page_bg_color":"","slide_template_v7":"","inline_featured_image":false,"_monsterinsights_skip_tracking":false,"_monsterinsights_sitenote_active":false,"_monsterinsights_sitenote_note":"","_monsterinsights_sitenote_category":0},"product_brand":[],"product_cat":[90,581,540],"product_tag":[],"class_list":{"0":"post-324929","1":"product","2":"type-product","3":"status-publish","4":"has-post-thumbnail","6":"product_cat-altres","7":"product_cat-editorial-claret","8":"product_cat-otros","10":"first","11":"outofstock","12":"taxable","13":"shipping-taxable","14":"purchasable","15":"product-type-simple"},"acf":{"editorial":[{"ID":6158,"post_author":"3","post_date":"2022-07-28 17:46:08","post_date_gmt":"2022-07-28 15:46:08","post_content":"","post_title":"CLARET","post_excerpt":"","post_status":"publish","comment_status":"closed","ping_status":"closed","post_password":"","post_name":"claret","to_ping":"","pinged":"","post_modified":"2022-07-28 17:46:08","post_modified_gmt":"2022-07-28 15:46:08","post_content_filtered":"","post_parent":0,"guid":"http:\/\/dev.claret.cat\/editorial\/claret\/","menu_order":0,"post_type":"editorial","post_mime_type":"","comment_count":"0","filter":"raw"}],"autores-libros":[{"ID":5673,"post_author":"3","post_date":"2022-07-28 17:29:02","post_date_gmt":"2022-07-28 15:29:02","post_content":"","post_title":"JOSEPH RATZINGER","post_excerpt":"","post_status":"publish","comment_status":"closed","ping_status":"closed","post_password":"","post_name":"joseph-ratzinger","to_ping":"","pinged":"","post_modified":"2022-07-28 17:29:02","post_modified_gmt":"2022-07-28 15:29:02","post_content_filtered":"","post_parent":0,"guid":"http:\/\/dev.claret.cat\/autor\/joseph-ratzinger\/","menu_order":0,"post_type":"autor","post_mime_type":"","comment_count":"0","filter":"raw"}],"autor":"RATZINGER, JOSEPH","codart":"849846075","libros-coleccion":"","ediciones":"2","encuadernacion":"Carton\u00e9","fecha_de_publicacion":"19\/10\/2007","novedad":"0","paginas":"355","subtitulo":"","orden":"999","portada":"0","idioma":"cat","booktrailer":"","resenas":""},"aioseo_notices":[],"_links":{"self":[{"href":"https:\/\/www.claret.cat\/es\/wp-json\/wp\/v2\/product\/324929","targetHints":{"allow":["GET"]}}],"collection":[{"href":"https:\/\/www.claret.cat\/es\/wp-json\/wp\/v2\/product"}],"about":[{"href":"https:\/\/www.claret.cat\/es\/wp-json\/wp\/v2\/types\/product"}],"wp:featuredmedia":[{"embeddable":true,"href":"https:\/\/www.claret.cat\/es\/wp-json\/wp\/v2\/media\/1090086"}],"wp:attachment":[{"href":"https:\/\/www.claret.cat\/es\/wp-json\/wp\/v2\/media?parent=324929"}],"wp:term":[{"taxonomy":"product_brand","embeddable":true,"href":"https:\/\/www.claret.cat\/es\/wp-json\/wp\/v2\/product_brand?post=324929"},{"taxonomy":"product_cat","embeddable":true,"href":"https:\/\/www.claret.cat\/es\/wp-json\/wp\/v2\/product_cat?post=324929"},{"taxonomy":"product_tag","embeddable":true,"href":"https:\/\/www.claret.cat\/es\/wp-json\/wp\/v2\/product_tag?post=324929"}],"curies":[{"name":"wp","href":"https:\/\/api.w.org\/{rel}","templated":true}]}}