{"id":325142,"date":"2023-01-04T09:45:11","date_gmt":"2023-01-04T08:45:11","guid":{"rendered":"https:\/\/www.claret.cat\/llibre\/la-dama-azul-9788408267492\/"},"modified":"2023-10-06T06:28:40","modified_gmt":"2023-10-06T04:28:40","slug":"la-dama-azul-9788408267492","status":"publish","type":"product","link":"https:\/\/www.claret.cat\/es\/libro\/la-dama-azul-9788408267492\/","title":{"rendered":"LA DAMA AZUL"},"content":{"rendered":"<p>Hay secretos que la Providencia no puede mantener ocultos por m\u00e1s tiempo. S\u00f3lo as\u00ed se explica que un proyecto cient\u00edfico del Vaticano destinado a captar im\u00e1genes y sonidos del pasado remoto sea interceptado por el Departamento de Defensa norteamericano y obligue a Jennifer Narody, una de las mejores agentes, a enfrentarse a un don de la \u00e9poca de los grandes m\u00edsticos. Mientras tanto, en Espa\u00f1a, el Destino \u2014\u00bfqu\u00e9 si no?\u2014 aboca a un joven periodista a investigar la vida de una religiosa del Siglo de Oro que, sin haber abandonado jam\u00e1s su clausura en Soria, predic\u00f3 milagrosamente en Nuevo M\u00e9xico, a diez mil kil\u00f3metros de distancia. Su t\u00e9cnica, cuidadosamente silenciada, esconde una revelaci\u00f3n estremecedora.<br \/> Nunca una obra de ficci\u00f3n ha desvelado tantas verdades ocul\u00adtas. Un cl\u00e1sico en el apasionante g\u00e9nero de las \u00abnovelas de investigaci\u00f3n\u00bb.<br \/> \u00abEstamos ante un thriller paranormal y, a la vez, frente a la exploraci\u00f3n de un enigma hist\u00f3rico secular.\u00bb Booklist<\/p>\n","protected":false},"excerpt":{"rendered":"<p>SIERRA, JAVIER<\/p>\n","protected":false},"featured_media":328223,"template":"","meta":{"_acf_changed":false,"om_disable_all_campaigns":false,"rs_blank_template":"","rs_page_bg_color":"","slide_template_v7":"","inline_featured_image":false,"_monsterinsights_skip_tracking":false,"_monsterinsights_sitenote_active":false,"_monsterinsights_sitenote_note":"","_monsterinsights_sitenote_category":0},"product_brand":[],"product_cat":[357],"product_tag":[],"class_list":{"0":"post-325142","1":"product","2":"type-product","3":"status-publish","4":"has-post-thumbnail","6":"product_cat-novela-contemporanea","8":"first","9":"instock","10":"taxable","11":"shipping-taxable","12":"purchasable","13":"product-type-simple"},"acf":{"editorial":[{"ID":6233,"post_author":"3","post_date":"2022-07-28 17:47:48","post_date_gmt":"2022-07-28 15:47:48","post_content":"","post_title":"EDITORIAL PLANETA","post_excerpt":"","post_status":"publish","comment_status":"closed","ping_status":"closed","post_password":"","post_name":"editorial-planeta","to_ping":"","pinged":"","post_modified":"2022-07-28 17:47:48","post_modified_gmt":"2022-07-28 15:47:48","post_content_filtered":"","post_parent":0,"guid":"http:\/\/dev.claret.cat\/editorial\/editorial-planeta\/","menu_order":0,"post_type":"editorial","post_mime_type":"","comment_count":"0","filter":"raw"}],"autor":"SIERRA, JAVIER","codart":"840826749","libros-coleccion":"FORA DE COL.LECCI\u00d3","ediciones":"1","encuadernacion":"R\u00fastica","fecha_de_publicacion":"01\/01\/2023","novedad":"1","paginas":"417","subtitulo":"EDICI\u00d3N LIMITADA A PRECIO ESPECIAL","orden":"0","portada":"1","idioma":"spa","autores-libros":[{"ID":8351,"post_author":"3","post_date":"2022-09-30 09:47:55","post_date_gmt":"2022-09-30 07:47:55","post_content":"","post_title":"JAVIER SIERRA","post_excerpt":"","post_status":"publish","comment_status":"closed","ping_status":"closed","post_password":"","post_name":"javier-sierra","to_ping":"","pinged":"","post_modified":"2022-09-30 09:47:55","post_modified_gmt":"2022-09-30 07:47:55","post_content_filtered":"","post_parent":0,"guid":"http:\/\/dev.claret.cat\/autor\/javier-sierra\/","menu_order":0,"post_type":"autor","post_mime_type":"","comment_count":"0","filter":"raw"}]},"aioseo_notices":[],"_links":{"self":[{"href":"https:\/\/www.claret.cat\/es\/wp-json\/wp\/v2\/product\/325142","targetHints":{"allow":["GET"]}}],"collection":[{"href":"https:\/\/www.claret.cat\/es\/wp-json\/wp\/v2\/product"}],"about":[{"href":"https:\/\/www.claret.cat\/es\/wp-json\/wp\/v2\/types\/product"}],"wp:featuredmedia":[{"embeddable":true,"href":"https:\/\/www.claret.cat\/es\/wp-json\/wp\/v2\/media\/328223"}],"wp:attachment":[{"href":"https:\/\/www.claret.cat\/es\/wp-json\/wp\/v2\/media?parent=325142"}],"wp:term":[{"taxonomy":"product_brand","embeddable":true,"href":"https:\/\/www.claret.cat\/es\/wp-json\/wp\/v2\/product_brand?post=325142"},{"taxonomy":"product_cat","embeddable":true,"href":"https:\/\/www.claret.cat\/es\/wp-json\/wp\/v2\/product_cat?post=325142"},{"taxonomy":"product_tag","embeddable":true,"href":"https:\/\/www.claret.cat\/es\/wp-json\/wp\/v2\/product_tag?post=325142"}],"curies":[{"name":"wp","href":"https:\/\/api.w.org\/{rel}","templated":true}]}}