{"id":325148,"date":"2023-01-04T09:50:01","date_gmt":"2023-01-04T08:50:01","guid":{"rendered":"https:\/\/www.claret.cat\/llibre\/tal-vez-tu-9788408267478\/"},"modified":"2023-10-06T06:28:35","modified_gmt":"2023-10-06T04:28:35","slug":"tal-vez-tu-9788408267478","status":"publish","type":"product","link":"https:\/\/www.claret.cat\/es\/libro\/tal-vez-tu-9788408267478\/","title":{"rendered":"TAL VEZ T\u00da"},"content":{"rendered":"<p>La autora m\u00e1s vendida en edici\u00f3n de bolsillo en 2021 y 2022.<br \/> Tras un desenga\u00f1o amoroso, Elisa est\u00e1 decidida a retomar las riendas de su vida e ir tachando prop\u00f3sitos de su lista: seguir siendo la mejor en su empleo, casarse, formar una familia\u2026 \u00a0\u00bfEl problema? Todav\u00eda no ha conocido al futuro padre de sus hijos. Pero ella tiene muy claro qu\u00e9 tipo de hombre anhela a su lado. Para empezar, uno que no se parezca en nada a Jack Helker, el abogado con el que ha de competir en su trabajo. A pesar de su sonrisa insolente y de ser el t\u00edpico hombre que deber\u00eda venir con un cartel de \u00abno tocar\u00bb, Elisa es incapaz de ignorar el deseo que siente cada vez que \u00e9l est\u00e1 cerca.<br \/> \u00abQuiz\u00e1 la princesa no encuentre a un caballero a lomos de un corcel cuando se asome a la ventana de la torre, pero tal vez s\u00ed tropiece con un seductor chico de ojos grises el d\u00eda que se atreva a dejar atr\u00e1s los seguros muros del castillo.\u00bb<\/p>\n","protected":false},"excerpt":{"rendered":"<p>KELLEN, ALICE<\/p>\n","protected":false},"featured_media":325360,"template":"","meta":{"_acf_changed":false,"om_disable_all_campaigns":false,"rs_blank_template":"","rs_page_bg_color":"","slide_template_v7":"","inline_featured_image":false,"_monsterinsights_skip_tracking":false,"_monsterinsights_sitenote_active":false,"_monsterinsights_sitenote_note":"","_monsterinsights_sitenote_category":0},"product_brand":[],"product_cat":[357],"product_tag":[],"class_list":{"0":"post-325148","1":"product","2":"type-product","3":"status-publish","4":"has-post-thumbnail","6":"product_cat-novela-contemporanea","8":"first","9":"instock","10":"taxable","11":"shipping-taxable","12":"purchasable","13":"product-type-simple"},"acf":{"editorial":[{"ID":6233,"post_author":"3","post_date":"2022-07-28 17:47:48","post_date_gmt":"2022-07-28 15:47:48","post_content":"","post_title":"EDITORIAL PLANETA","post_excerpt":"","post_status":"publish","comment_status":"closed","ping_status":"closed","post_password":"","post_name":"editorial-planeta","to_ping":"","pinged":"","post_modified":"2022-07-28 17:47:48","post_modified_gmt":"2022-07-28 15:47:48","post_content_filtered":"","post_parent":0,"guid":"http:\/\/dev.claret.cat\/editorial\/editorial-planeta\/","menu_order":0,"post_type":"editorial","post_mime_type":"","comment_count":"0","filter":"raw"}],"autor":"KELLEN, ALICE","codart":"840826747","libros-coleccion":"FORA DE COL.LECCI\u00d3","ediciones":"1","encuadernacion":"R\u00fastica","fecha_de_publicacion":"01\/01\/2023","novedad":"1","paginas":"459","subtitulo":"EDICI\u00d3N LIMITADA A PRECIO ESPECIAL","orden":"0","portada":"0","idioma":"spa","autores-libros":[{"ID":149824,"post_author":"3","post_date":"2022-10-14 14:27:59","post_date_gmt":"2022-10-14 12:27:59","post_content":"","post_title":"ALICE KELLEN","post_excerpt":"","post_status":"publish","comment_status":"closed","ping_status":"closed","post_password":"","post_name":"alice-kellen","to_ping":"","pinged":"","post_modified":"2022-10-14 14:27:59","post_modified_gmt":"2022-10-14 12:27:59","post_content_filtered":"","post_parent":0,"guid":"http:\/\/dev.claret.cat\/autor\/alice-kellen\/","menu_order":0,"post_type":"autor","post_mime_type":"","comment_count":"0","filter":"raw"}]},"aioseo_notices":[],"_links":{"self":[{"href":"https:\/\/www.claret.cat\/es\/wp-json\/wp\/v2\/product\/325148","targetHints":{"allow":["GET"]}}],"collection":[{"href":"https:\/\/www.claret.cat\/es\/wp-json\/wp\/v2\/product"}],"about":[{"href":"https:\/\/www.claret.cat\/es\/wp-json\/wp\/v2\/types\/product"}],"wp:featuredmedia":[{"embeddable":true,"href":"https:\/\/www.claret.cat\/es\/wp-json\/wp\/v2\/media\/325360"}],"wp:attachment":[{"href":"https:\/\/www.claret.cat\/es\/wp-json\/wp\/v2\/media?parent=325148"}],"wp:term":[{"taxonomy":"product_brand","embeddable":true,"href":"https:\/\/www.claret.cat\/es\/wp-json\/wp\/v2\/product_brand?post=325148"},{"taxonomy":"product_cat","embeddable":true,"href":"https:\/\/www.claret.cat\/es\/wp-json\/wp\/v2\/product_cat?post=325148"},{"taxonomy":"product_tag","embeddable":true,"href":"https:\/\/www.claret.cat\/es\/wp-json\/wp\/v2\/product_tag?post=325148"}],"curies":[{"name":"wp","href":"https:\/\/api.w.org\/{rel}","templated":true}]}}