{"id":326033,"date":"2023-01-05T11:40:18","date_gmt":"2023-01-05T10:40:18","guid":{"rendered":"https:\/\/www.claret.cat\/llibre\/los-jesuitas-en-la-rambla-de-barcelona-9788498467888\/"},"modified":"2024-05-22T18:02:32","modified_gmt":"2024-05-22T16:02:32","slug":"los-jesuitas-en-la-rambla-de-barcelona-9788498467888","status":"publish","type":"product","link":"https:\/\/www.claret.cat\/es\/libro\/los-jesuitas-en-la-rambla-de-barcelona-9788498467888\/","title":{"rendered":"LOS JESUITAS EN LA RAMBLA DE BARCELONA"},"content":{"rendered":"<p>La presente obra detalla la proyecci\u00f3n hist\u00f3rica de los siglos XVI y XVII sobre la Compa\u00f1\u00eda de Jes\u00fas en Barcelona.<\/p>\n<p>El libro est\u00e1 estructurado en torno a tres ejes. En el primero, la figura central es Ignacio de Loyola que, como<br \/>peregrino, vivi\u00f3 en Barcelona dos a\u00f1os y unos meses cerca de la iglesia de Santa Maria del Mar. Durante el resto de su vida, la ciudad de Barcelona fue emblem\u00e1tica para \u00e9l. El segundo eje es la Compa\u00f1\u00eda de Jes\u00fas, tanto en su asentamiento en la ciudad, como en sus dos dimensiones apost\u00f3licas m\u00e1s relevantes, la pastoral y la docente. Finalmente, el tercer eje de uni\u00f3n corresponde a Barcelona. Son los acontecimientos que afectaron a la ciudad e implicaron tambi\u00e9n a la Compa\u00f1\u00eda de Jes\u00fas.<\/p>\n<p>En el pr\u00f3logo recordamos que el pr\u00f3ximo a\u00f1o 2014 se celebrar\u00e1 el bicentenario de la Restauraci\u00f3n de la Compa\u00f1\u00eda. Expulsados los jesuitas de Espa\u00f1a (1767), tres instituciones de Barcelona salieron en su defensa: el Ayuntamiento, la Parroquia del Pino y la Compa\u00f1\u00eda de Mar\u00eda. Poco despu\u00e9s, el 1773, el papa Clemente XIV la extingu\u00eda.<\/p>\n","protected":false},"excerpt":{"rendered":"<p>VILA DESPUJOL, IGNASI<\/p>\n","protected":false},"featured_media":368333,"template":"","meta":{"_acf_changed":false,"om_disable_all_campaigns":false,"rs_blank_template":"","rs_page_bg_color":"","slide_template_v7":"","inline_featured_image":false,"_monsterinsights_skip_tracking":false,"_monsterinsights_sitenote_active":false,"_monsterinsights_sitenote_note":"","_monsterinsights_sitenote_category":0},"product_brand":[],"product_cat":[93,543,581,351,85,244,494,92,542],"product_tag":[],"class_list":{"0":"post-326033","1":"product","2":"type-product","3":"status-publish","4":"has-post-thumbnail","6":"product_cat-eclesiologia","7":"product_cat-eclesiologia-es","8":"product_cat-editorial-claret","9":"product_cat-historia-2_humanidades","10":"product_cat-historia","11":"product_cat-ignaciana","12":"product_cat-ignaciana-espiritualidad-1_espiritualidad","13":"product_cat-vida-religiosa","14":"product_cat-vida-religiosa-1_espiritualidad-spa","16":"first","17":"instock","18":"taxable","19":"shipping-taxable","20":"purchasable","21":"product-type-simple"},"acf":{"editorial":[{"ID":6158,"post_author":"3","post_date":"2022-07-28 17:46:08","post_date_gmt":"2022-07-28 15:46:08","post_content":"","post_title":"CLARET","post_excerpt":"","post_status":"publish","comment_status":"closed","ping_status":"closed","post_password":"","post_name":"claret","to_ping":"","pinged":"","post_modified":"2022-07-28 17:46:08","post_modified_gmt":"2022-07-28 15:46:08","post_content_filtered":"","post_parent":0,"guid":"http:\/\/dev.claret.cat\/editorial\/claret\/","menu_order":0,"post_type":"editorial","post_mime_type":"","comment_count":"0","filter":"raw"}],"autores-libros":[{"ID":326032,"post_author":"3","post_date":"2023-01-05 11:40:15","post_date_gmt":"2023-01-05 10:40:15","post_content":"","post_title":"IGNASI VILA DESPUJOL","post_excerpt":"","post_status":"publish","comment_status":"closed","ping_status":"closed","post_password":"","post_name":"ignasi-vila-despujol","to_ping":"","pinged":"","post_modified":"2023-01-05 11:40:15","post_modified_gmt":"2023-01-05 10:40:15","post_content_filtered":"","post_parent":0,"guid":"https:\/\/www.claret.cat\/autor\/ignasi-vila-despujol\/","menu_order":0,"post_type":"autor","post_mime_type":"","comment_count":"0","filter":"raw"}],"autor":"VILA DESPUJOL, IGNASI","codart":"849846788","libros-coleccion":"","ediciones":"1","encuadernacion":"R\u00fastica","fecha_de_publicacion":"28\/10\/2013","novedad":"0","paginas":"328","subtitulo":"","orden":"999","portada":"0","idioma":"spa"},"aioseo_notices":[],"_links":{"self":[{"href":"https:\/\/www.claret.cat\/es\/wp-json\/wp\/v2\/product\/326033","targetHints":{"allow":["GET"]}}],"collection":[{"href":"https:\/\/www.claret.cat\/es\/wp-json\/wp\/v2\/product"}],"about":[{"href":"https:\/\/www.claret.cat\/es\/wp-json\/wp\/v2\/types\/product"}],"wp:featuredmedia":[{"embeddable":true,"href":"https:\/\/www.claret.cat\/es\/wp-json\/wp\/v2\/media\/368333"}],"wp:attachment":[{"href":"https:\/\/www.claret.cat\/es\/wp-json\/wp\/v2\/media?parent=326033"}],"wp:term":[{"taxonomy":"product_brand","embeddable":true,"href":"https:\/\/www.claret.cat\/es\/wp-json\/wp\/v2\/product_brand?post=326033"},{"taxonomy":"product_cat","embeddable":true,"href":"https:\/\/www.claret.cat\/es\/wp-json\/wp\/v2\/product_cat?post=326033"},{"taxonomy":"product_tag","embeddable":true,"href":"https:\/\/www.claret.cat\/es\/wp-json\/wp\/v2\/product_tag?post=326033"}],"curies":[{"name":"wp","href":"https:\/\/api.w.org\/{rel}","templated":true}]}}