{"id":326048,"date":"2023-01-05T11:50:11","date_gmt":"2023-01-05T10:50:11","guid":{"rendered":"https:\/\/www.claret.cat\/llibre\/lorigen-divi-9788492416127\/"},"modified":"2024-04-05T18:55:28","modified_gmt":"2024-04-05T16:55:28","slug":"lorigen-divi-deu-no-ha-creat-lhome-9788492416127","status":"publish","type":"product","link":"https:\/\/www.claret.cat\/es\/libro\/lorigen-divi-deu-no-ha-creat-lhome-9788492416127\/","title":{"rendered":"L&#8217;ORIGEN DIVI. DEU NO HA CREAT L&#8217;HOME"},"content":{"rendered":"<p>\u00abNosaltres, els no religiosos, que procedim normalment de la ci\u00e8ncia i de diversos medis i moviments ben allunyats de les Esgl\u00e9sies, entrem en aquells textos amb inter\u00e8s i respecte. Desconfiant dels seus traductors i comentaristes, confiem en la seva mateixa lletra, conven\u00e7uts que diuen molt m\u00e9s sobre l\u2019home que parla que les teories cient\u00edfiques o les doctrines pol\u00edtiques que abans hav\u00edem donat per bones.\u00bb<br \/>Ni te\u00f2loga ni exegeta, la psicoanalista Marie Balmary ens proposa una nova lectura dels relats b\u00edblics. La fidelitat estricta a la lletra, recuperant el que els segles han deformat, ens permetr\u00e0 descobrir en la B\u00edblia l\u2019adveniment del subjecte. El d\u00e9u b\u00edblic, que no exigeix submissi\u00f3 ni seguiment, es fa compatible amb l\u2019afirmaci\u00f3 del JO: l\u2019\u00e9sser hum\u00e0 no \u00e9s objecte sin\u00f3 subjecte.<br \/>En aquesta obra, Balmary no dubta a polemitzar h\u00e0bilment amb Darwin, Freud i Lacan, al mateix temps que q\u00fcestiona dos mil anys de tradici\u00f3 exeg\u00e8tica.<\/p>\n","protected":false},"excerpt":{"rendered":"<p>BALMARY, MARIE<\/p>\n","protected":false},"featured_media":361926,"template":"","meta":{"_acf_changed":false,"om_disable_all_campaigns":false,"rs_blank_template":"","rs_page_bg_color":"","slide_template_v7":"","inline_featured_image":false,"_monsterinsights_skip_tracking":false,"_monsterinsights_sitenote_active":false,"_monsterinsights_sitenote_note":"","_monsterinsights_sitenote_category":0},"product_brand":[],"product_cat":[278,508],"product_tag":[],"class_list":{"0":"post-326048","1":"product","2":"type-product","3":"status-publish","4":"has-post-thumbnail","6":"product_cat-misteri-de-deu","7":"product_cat-misterio-de-dios","9":"first","10":"instock","11":"taxable","12":"shipping-taxable","13":"purchasable","14":"product-type-simple"},"acf":{"editorial":[{"ID":6258,"post_author":"3","post_date":"2022-07-28 17:48:20","post_date_gmt":"2022-07-28 15:48:20","post_content":"","post_title":"FRAGMENTA EDITORIAL","post_excerpt":"","post_status":"publish","comment_status":"closed","ping_status":"closed","post_password":"","post_name":"fragmenta-editorial","to_ping":"","pinged":"","post_modified":"2022-07-28 17:48:20","post_modified_gmt":"2022-07-28 15:48:20","post_content_filtered":"","post_parent":0,"guid":"http:\/\/dev.claret.cat\/editorial\/fragmenta-editorial\/","menu_order":0,"post_type":"editorial","post_mime_type":"","comment_count":"0","filter":"raw"}],"autores-libros":[{"ID":163877,"post_author":"3","post_date":"2022-10-14 17:42:34","post_date_gmt":"2022-10-14 15:42:34","post_content":"","post_title":"MARIE BALMARY","post_excerpt":"","post_status":"publish","comment_status":"closed","ping_status":"closed","post_password":"","post_name":"marie-balmary","to_ping":"","pinged":"","post_modified":"2022-10-14 17:42:34","post_modified_gmt":"2022-10-14 15:42:34","post_content_filtered":"","post_parent":0,"guid":"http:\/\/dev.claret.cat\/autor\/marie-balmary\/","menu_order":0,"post_type":"autor","post_mime_type":"","comment_count":"0","filter":"raw"}],"autor":"BALMARY, MARIE","codart":"849241612","libros-coleccion":"Assaig","ediciones":"1","encuadernacion":"R\u00fastica","fecha_de_publicacion":"09\/02\/2009","novedad":"0","paginas":"348","subtitulo":"DEU NO HA CREAT L'HOME","orden":"999","portada":"0","idioma":"spa"},"aioseo_notices":[],"_links":{"self":[{"href":"https:\/\/www.claret.cat\/es\/wp-json\/wp\/v2\/product\/326048","targetHints":{"allow":["GET"]}}],"collection":[{"href":"https:\/\/www.claret.cat\/es\/wp-json\/wp\/v2\/product"}],"about":[{"href":"https:\/\/www.claret.cat\/es\/wp-json\/wp\/v2\/types\/product"}],"wp:featuredmedia":[{"embeddable":true,"href":"https:\/\/www.claret.cat\/es\/wp-json\/wp\/v2\/media\/361926"}],"wp:attachment":[{"href":"https:\/\/www.claret.cat\/es\/wp-json\/wp\/v2\/media?parent=326048"}],"wp:term":[{"taxonomy":"product_brand","embeddable":true,"href":"https:\/\/www.claret.cat\/es\/wp-json\/wp\/v2\/product_brand?post=326048"},{"taxonomy":"product_cat","embeddable":true,"href":"https:\/\/www.claret.cat\/es\/wp-json\/wp\/v2\/product_cat?post=326048"},{"taxonomy":"product_tag","embeddable":true,"href":"https:\/\/www.claret.cat\/es\/wp-json\/wp\/v2\/product_tag?post=326048"}],"curies":[{"name":"wp","href":"https:\/\/api.w.org\/{rel}","templated":true}]}}