{"id":326171,"date":"2023-01-05T13:45:38","date_gmt":"2023-01-05T12:45:38","guid":{"rendered":"https:\/\/www.claret.cat\/llibre\/compendi-de-la-doctrina-social-de-lesglesia-9788482978468\/"},"modified":"2024-11-20T16:40:59","modified_gmt":"2024-11-20T15:40:59","slug":"compendi-de-la-doctrina-social-de-lesglesia-9788482978468","status":"publish","type":"product","link":"https:\/\/www.claret.cat\/es\/libro\/compendi-de-la-doctrina-social-de-lesglesia-9788482978468\/","title":{"rendered":"COMPENDI DE LA DOCTRINA SOCIAL DE L&#8217;ESGL\u00c9SIA"},"content":{"rendered":"<p>Em plau presentar el document Compendi de la doctrina social de l&#8217;Esgl\u00e9sia, elaborat, d&#8217;acord amb l&#8217;enc\u00e0rrec rebut del Sant Pare Joan Pau 11, per exposar de manera sint\u00e8tica, per\u00f2 exhaustiva, l&#8217;ensenyament social de l&#8217;Esgl\u00e9sia.<br \/>Transformar la realitat social amb la for\u00e7a de l&#8217;Evangeli, testimoniada per dones i homes fidels a Jesucrist, sempre ha estat un repte i ho \u00e9s en- cara, a l&#8217;inici del tercer mil.lenni de l&#8217;era cristiana. L&#8217;anunci de Jesucrist, \u00abbona nova\u00bb de salvaci\u00f3, d&#8217;amor, de just\u00edcia i de pau, no troba acolliment f\u00e0cil en el m\u00f3n d&#8217;avui, encara devastat per guerres, mis\u00e8ria i injust\u00edcies; justament per aix\u00f2, l&#8217;home del nostre temps t\u00e9 m\u00e9s que mai necessitat de l&#8217;Evangeli: de la fe que salva, de l&#8217;esperan\u00e7a que il.lumina, de la caritat Que estima.<\/p>\n","protected":false},"excerpt":{"rendered":"<p>EDITORIAL CLARET<\/p>\n","protected":false},"featured_media":993003,"template":"","meta":{"_acf_changed":false,"om_disable_all_campaigns":false,"rs_blank_template":"","rs_page_bg_color":"","slide_template_v7":"","inline_featured_image":false,"_monsterinsights_skip_tracking":false,"_monsterinsights_sitenote_active":false,"_monsterinsights_sitenote_note":"","_monsterinsights_sitenote_category":0},"product_brand":[],"product_cat":[415,277,511,283,581,291,517,506,264],"product_tag":[],"class_list":{"0":"post-326171","1":"product","2":"type-product","3":"status-publish","4":"has-post-thumbnail","6":"product_cat-dogmatica-teologia-1_espiritualidad","7":"product_cat-dogmatica","8":"product_cat-eclesiologia-teologia-1_espiritualidad","9":"product_cat-eclesiologia-teologia","10":"product_cat-editorial-claret","11":"product_cat-moral-social-i-politica","12":"product_cat-moral-social-y-politica","13":"product_cat-sociales-y-obrera","14":"product_cat-socials-i-obrera","16":"first","17":"outofstock","18":"taxable","19":"shipping-taxable","20":"purchasable","21":"product-type-simple"},"acf":{"editorial":[{"ID":6158,"post_author":"3","post_date":"2022-07-28 17:46:08","post_date_gmt":"2022-07-28 15:46:08","post_content":"","post_title":"CLARET","post_excerpt":"","post_status":"publish","comment_status":"closed","ping_status":"closed","post_password":"","post_name":"claret","to_ping":"","pinged":"","post_modified":"2022-07-28 17:46:08","post_modified_gmt":"2022-07-28 15:46:08","post_content_filtered":"","post_parent":0,"guid":"http:\/\/dev.claret.cat\/editorial\/claret\/","menu_order":0,"post_type":"editorial","post_mime_type":"","comment_count":"0","filter":"raw"}],"autores-libros":[{"ID":326170,"post_author":"3","post_date":"2023-01-05 13:45:36","post_date_gmt":"2023-01-05 12:45:36","post_content":"","post_title":"CONSELL PONTIFICI DE LA JUST\u00cdCIA I DE LA PAU","post_excerpt":"","post_status":"publish","comment_status":"closed","ping_status":"closed","post_password":"","post_name":"consell-pontifici-de-la-justicia-i-de-la-pau","to_ping":"","pinged":"","post_modified":"2023-01-05 13:45:36","post_modified_gmt":"2023-01-05 12:45:36","post_content_filtered":"","post_parent":0,"guid":"https:\/\/www.claret.cat\/autor\/consell-pontifici-de-la-justicia-i-de-la-pau\/","menu_order":0,"post_type":"autor","post_mime_type":"","comment_count":"0","filter":"raw"}],"autor":"EDITORIAL CLARET","codart":"848297846","libros-coleccion":"DOCUMENTS DEL MAGISTERI","ediciones":"1","encuadernacion":"R\u00fastica","fecha_de_publicacion":"09\/12\/2005","novedad":"0","paginas":"512","subtitulo":"","orden":"999","portada":"0","idioma":"cat"},"aioseo_notices":[],"_links":{"self":[{"href":"https:\/\/www.claret.cat\/es\/wp-json\/wp\/v2\/product\/326171","targetHints":{"allow":["GET"]}}],"collection":[{"href":"https:\/\/www.claret.cat\/es\/wp-json\/wp\/v2\/product"}],"about":[{"href":"https:\/\/www.claret.cat\/es\/wp-json\/wp\/v2\/types\/product"}],"wp:featuredmedia":[{"embeddable":true,"href":"https:\/\/www.claret.cat\/es\/wp-json\/wp\/v2\/media\/993003"}],"wp:attachment":[{"href":"https:\/\/www.claret.cat\/es\/wp-json\/wp\/v2\/media?parent=326171"}],"wp:term":[{"taxonomy":"product_brand","embeddable":true,"href":"https:\/\/www.claret.cat\/es\/wp-json\/wp\/v2\/product_brand?post=326171"},{"taxonomy":"product_cat","embeddable":true,"href":"https:\/\/www.claret.cat\/es\/wp-json\/wp\/v2\/product_cat?post=326171"},{"taxonomy":"product_tag","embeddable":true,"href":"https:\/\/www.claret.cat\/es\/wp-json\/wp\/v2\/product_tag?post=326171"}],"curies":[{"name":"wp","href":"https:\/\/api.w.org\/{rel}","templated":true}]}}