{"id":326404,"date":"2023-01-05T17:25:20","date_gmt":"2023-01-05T16:25:20","guid":{"rendered":"https:\/\/www.claret.cat\/llibre\/avis-de-la-a-a-la-z-9788448844103\/"},"modified":"2023-01-28T05:39:07","modified_gmt":"2023-01-28T04:39:07","slug":"avis-de-la-a-a-la-z-9788448844103","status":"publish","type":"product","link":"https:\/\/www.claret.cat\/es\/libro\/avis-de-la-a-a-la-z-9788448844103\/","title":{"rendered":"AVIS DE LA A A LA Z"},"content":{"rendered":"<p>Avis batalletes i avies rondinaires. Avis moderns i avis antics. Avis  que es passen les tardes mirant la televisi\u00f3 i avis que es passen el dia  al parc empentant gronxadors&#8230; Tots, tots ells, estan en aquest llibre. Hi ha avis que tenen les butxaques plenes de petons, de caramels,  d&#8221;hist\u00f2ries i batalles. Hi ha avis que naveguen pels contes com a  lloms  d&#8221;una balena i altres avis matiners que s&#8221;aixequen abans que soni el  despertador per portar als seus n\u00e9ts al col\u00b7legi a ritme de Cha-Cha-Cha. Gaireb\u00e9 tots els avis van oblidar durant uns anys al nen que portaven  dins per exercir de pares responsables, per\u00f2 els basta l&#8221;arribada del  primer n\u00e9t a la seva vida per tornar a la inf\u00e0ncia en un instant. Els nens que galopem sobre els seus genolls o ens quedem adormits en les  seves faldes, els que volem en un gronxador emp\u00e8s per un avi o vam  aprendre a muntar amb bicicleta encoratjats pel seu \u00abi tant que pots\u00bb,  podem tancar els ulls i recordar que quan ens estrenyien entre els seus  bra\u00e7os est\u00e0vem fora de perill de qualsevol por o tristesa, quan ens abrigallaven en la seva abra\u00e7ada ja est\u00e0vem a casa.<\/p>\n","protected":false},"excerpt":{"rendered":"<p>D\u00cdAZ REGUERA, RAQUEL<\/p>\n","protected":false},"featured_media":326511,"template":"","meta":{"_acf_changed":false,"om_disable_all_campaigns":false,"rs_blank_template":"","rs_page_bg_color":"","slide_template_v7":"","inline_featured_image":false,"_monsterinsights_skip_tracking":false,"_monsterinsights_sitenote_active":false,"_monsterinsights_sitenote_note":"","_monsterinsights_sitenote_category":0},"product_brand":[],"product_cat":[132,362],"product_tag":[],"class_list":{"0":"post-326404","1":"product","2":"type-product","3":"status-publish","4":"has-post-thumbnail","6":"product_cat-lectures-per-preadolescents-6-12-anys","7":"product_cat-libros-preadolescentes-6-12-anos","9":"first","10":"instock","11":"taxable","12":"shipping-taxable","13":"purchasable","14":"product-type-simple"},"acf":{"editorial":[{"ID":6141,"post_author":"3","post_date":"2022-07-28 17:45:46","post_date_gmt":"2022-07-28 15:45:46","post_content":"","post_title":"BEASCOA","post_excerpt":"","post_status":"publish","comment_status":"closed","ping_status":"closed","post_password":"","post_name":"beascoa","to_ping":"","pinged":"","post_modified":"2022-07-28 17:45:46","post_modified_gmt":"2022-07-28 15:45:46","post_content_filtered":"","post_parent":0,"guid":"http:\/\/dev.claret.cat\/editorial\/beascoa\/","menu_order":0,"post_type":"editorial","post_mime_type":"","comment_count":"0","filter":"raw"}],"autores-libros":[{"ID":167798,"post_author":"3","post_date":"2022-10-14 18:14:05","post_date_gmt":"2022-10-14 16:14:05","post_content":"","post_title":"RAQUEL D\u00cdAZ REGUERA","post_excerpt":"","post_status":"publish","comment_status":"closed","ping_status":"closed","post_password":"","post_name":"raquel-diaz-reguera","to_ping":"","pinged":"","post_modified":"2022-10-14 18:14:05","post_modified_gmt":"2022-10-14 16:14:05","post_content_filtered":"","post_parent":0,"guid":"http:\/\/dev.claret.cat\/autor\/raquel-diaz-reguera\/","menu_order":0,"post_type":"autor","post_mime_type":"","comment_count":"0","filter":"raw"}],"autor":"D\u00cdAZ REGUERA, RAQUEL","codart":"844884410","libros-coleccion":"BEASCOA","ediciones":"1","encuadernacion":"Carton\u00e9","fecha_de_publicacion":"01\/10\/2015","novedad":"1","paginas":"0","subtitulo":"","orden":"0","portada":"0","idioma":"cat"},"aioseo_notices":[],"_links":{"self":[{"href":"https:\/\/www.claret.cat\/es\/wp-json\/wp\/v2\/product\/326404","targetHints":{"allow":["GET"]}}],"collection":[{"href":"https:\/\/www.claret.cat\/es\/wp-json\/wp\/v2\/product"}],"about":[{"href":"https:\/\/www.claret.cat\/es\/wp-json\/wp\/v2\/types\/product"}],"wp:featuredmedia":[{"embeddable":true,"href":"https:\/\/www.claret.cat\/es\/wp-json\/wp\/v2\/media\/326511"}],"wp:attachment":[{"href":"https:\/\/www.claret.cat\/es\/wp-json\/wp\/v2\/media?parent=326404"}],"wp:term":[{"taxonomy":"product_brand","embeddable":true,"href":"https:\/\/www.claret.cat\/es\/wp-json\/wp\/v2\/product_brand?post=326404"},{"taxonomy":"product_cat","embeddable":true,"href":"https:\/\/www.claret.cat\/es\/wp-json\/wp\/v2\/product_cat?post=326404"},{"taxonomy":"product_tag","embeddable":true,"href":"https:\/\/www.claret.cat\/es\/wp-json\/wp\/v2\/product_tag?post=326404"}],"curies":[{"name":"wp","href":"https:\/\/api.w.org\/{rel}","templated":true}]}}