{"id":32658,"date":"2022-10-02T12:09:56","date_gmt":"2022-10-02T10:09:56","guid":{"rendered":"http:\/\/dev.claret.cat\/producte\/100-maneras-de-que-un-gato-eduque-a-su-humano\/"},"modified":"2023-01-28T21:58:06","modified_gmt":"2023-01-28T20:58:06","slug":"100-maneras-de-que-un-gato-eduque-a-su-humano-9788491813392","status":"publish","type":"product","link":"https:\/\/www.claret.cat\/es\/libro\/100-maneras-de-que-un-gato-eduque-a-su-humano-9788491813392\/","title":{"rendered":"100 MANERAS DE QUE UN GATO EDUQUE A SU HUMANO"},"content":{"rendered":"<p>Los perros tienen amos. Nosotros, los gatos, tenemos empleados. En el orden jer\u00e1rquico, ning\u00fan ser humano est\u00e1 a la altura de un gato cualquiera. Si tu humano no lo comprende, toma medidas.<br \/> Y recuerda: los humanos tienen la edad mental de un gatito ciego de una semana.<br \/> El manual definitivo para amaestrar a tu humano.<\/p>\n","protected":false},"excerpt":{"rendered":"<p>HADDON, CELIA<\/p>\n","protected":false},"featured_media":69262,"template":"","meta":{"_acf_changed":false,"om_disable_all_campaigns":false,"rs_blank_template":"","rs_page_bg_color":"","slide_template_v7":"","inline_featured_image":false,"_monsterinsights_skip_tracking":false,"_monsterinsights_sitenote_active":false,"_monsterinsights_sitenote_note":"","_monsterinsights_sitenote_category":0},"product_brand":[],"product_cat":[114],"product_tag":[],"class_list":{"0":"post-32658","1":"product","2":"type-product","3":"status-publish","4":"has-post-thumbnail","6":"product_cat-humor-grafic","8":"first","9":"instock","10":"taxable","11":"shipping-taxable","12":"purchasable","13":"product-type-simple"},"acf":{"autor":"HADDON, CELIA","codart":"849181339","libros-coleccion":"Libros Singulares (Ls)","ediciones":"1","encuadernacion":"Carton\u00e9","fecha_de_publicacion":"01\/11\/2018","novedad":"1","paginas":"100","subtitulo":"","orden":"0","portada":"0","idioma":"spa","editorial":[{"ID":6119,"post_author":"3","post_date":"2022-07-28 17:45:18","post_date_gmt":"2022-07-28 15:45:18","post_content":"","post_title":"Alianza Editorial","post_excerpt":"","post_status":"publish","comment_status":"closed","ping_status":"closed","post_password":"","post_name":"alianza-editorial","to_ping":"","pinged":"","post_modified":"2022-07-28 17:45:18","post_modified_gmt":"2022-07-28 15:45:18","post_content_filtered":"","post_parent":0,"guid":"http:\/\/dev.claret.cat\/editorial\/alianza-editorial\/","menu_order":0,"post_type":"editorial","post_mime_type":"","comment_count":"0","filter":"raw"}],"autores-libros":[{"ID":152672,"post_author":"3","post_date":"2022-10-14 14:50:39","post_date_gmt":"2022-10-14 12:50:39","post_content":"","post_title":"CELIA HADDON","post_excerpt":"","post_status":"publish","comment_status":"closed","ping_status":"closed","post_password":"","post_name":"celia-haddon","to_ping":"","pinged":"","post_modified":"2022-10-14 14:50:39","post_modified_gmt":"2022-10-14 12:50:39","post_content_filtered":"","post_parent":0,"guid":"http:\/\/dev.claret.cat\/autor\/celia-haddon\/","menu_order":0,"post_type":"autor","post_mime_type":"","comment_count":"0","filter":"raw"}]},"aioseo_notices":[],"_links":{"self":[{"href":"https:\/\/www.claret.cat\/es\/wp-json\/wp\/v2\/product\/32658","targetHints":{"allow":["GET"]}}],"collection":[{"href":"https:\/\/www.claret.cat\/es\/wp-json\/wp\/v2\/product"}],"about":[{"href":"https:\/\/www.claret.cat\/es\/wp-json\/wp\/v2\/types\/product"}],"wp:featuredmedia":[{"embeddable":true,"href":"https:\/\/www.claret.cat\/es\/wp-json\/wp\/v2\/media\/69262"}],"wp:attachment":[{"href":"https:\/\/www.claret.cat\/es\/wp-json\/wp\/v2\/media?parent=32658"}],"wp:term":[{"taxonomy":"product_brand","embeddable":true,"href":"https:\/\/www.claret.cat\/es\/wp-json\/wp\/v2\/product_brand?post=32658"},{"taxonomy":"product_cat","embeddable":true,"href":"https:\/\/www.claret.cat\/es\/wp-json\/wp\/v2\/product_cat?post=32658"},{"taxonomy":"product_tag","embeddable":true,"href":"https:\/\/www.claret.cat\/es\/wp-json\/wp\/v2\/product_tag?post=32658"}],"curies":[{"name":"wp","href":"https:\/\/api.w.org\/{rel}","templated":true}]}}